{"id":30374,"date":"2021-12-22T08:55:03","date_gmt":"2021-12-22T06:55:03","guid":{"rendered":"https:\/\/hookahshop.lt\/?post_type=product&#038;p=30374"},"modified":"2026-04-16T10:21:24","modified_gmt":"2026-04-16T07:21:24","slug":"taurele-kaljanui-havona-gay-fawkes","status":"publish","type":"product","link":"https:\/\/hookahshop.lt\/et\/toode\/taurele-kaljanui-havona-gay-fawkes\/","title":{"rendered":"VESIPIIBU TASS HAVONA Gay Fawkes"},"content":{"rendered":"<h2>VESIPIIBU TASS HAVONA Gay Fawkes<\/h2>\n<p>See on kvaliteetne, k\u00e4sitsi valmistatud, piiratud v\u00e4ljalaskega valge savi tass, mis on kaetud glasuuriga. Maskikujulise tassi on valmistanud kuulus Guy Fawkes, kelle maski kasutatakse paljudes kuulsates filmides. Tassi t\u00fc\u00fcp - t\u00fcrgi. Iga tassi disain on l\u00f5bus ja individuaalne, selle tassi ostes v\u00f5ite olla kindel, et teie tassil on unikaalne v\u00e4rv.<br \/>\nTassit\u00e4is tubakat mahutab 17\u201322 g.<\/p>\n<p><strong>Spetsifikatsioonid:<\/strong><br \/>\nK\u00f5rgus: 95 mm<br \/>\nL\u00e4bim\u00f5\u00f5t (v\u00e4limine): 74 mm<br \/>\nL\u00e4bim\u00f5\u00f5t (sisemine): 63 mm<br \/>\nS\u00fcgavus: 23 mm<br \/>\nAva l\u00e4bim\u00f5\u00f5t: 8 mm<br \/>\nAukude arv: 6 tk<br \/>\nKaal: umbes 385 g.<\/p>\n<p>Kas teil on k\u00fcsimusi? v\u00f5ta meiega \u00fchendust\u00a0<a href=\"https:\/\/hookahshop.lt\/et\/kontaktid\/\">kontaktide leht<\/a>\u00a0v\u00f5i saatke meile e-kiri aadressil\u00a0<a href=\"https:\/\/facebook.com\/HookahShop.lt\/\" target=\"_blank\" rel=\"noopener noreferrer\">Facebooki konto<\/a>\u00a0ja vastame teie taotlusele samal p\u00e4eval.<\/p>","protected":false},"excerpt":{"rendered":"<p>HAVONA Gay Fawkes See on kvaliteetne k\u00e4sitsi valmistatud piiratud v\u00e4ljalaskega valge saviga glasuuritud tass. Maskikujulise tassi on valmistanud kuulus Guy Fawkes, kelle maski kasutatakse paljudes kuulsates filmides. Tassi t\u00fc\u00fcp - t\u00fcrgi. Iga tassi disain on l\u00f5bus ja individuaalne, selle tassi ostes v\u00f5ite olla kindel, et teie tassil on ainulaadne [\u2026]<\/p>","protected":false},"featured_media":30378,"comment_status":"open","ping_status":"closed","template":"","meta":[],"_links":{"self":[{"href":"https:\/\/hookahshop.lt\/et\/wp-json\/wp\/v2\/product\/30374"}],"collection":[{"href":"https:\/\/hookahshop.lt\/et\/wp-json\/wp\/v2\/product"}],"about":[{"href":"https:\/\/hookahshop.lt\/et\/wp-json\/wp\/v2\/types\/product"}],"replies":[{"embeddable":true,"href":"https:\/\/hookahshop.lt\/et\/wp-json\/wp\/v2\/comments?post=30374"}],"version-history":[{"count":4,"href":"https:\/\/hookahshop.lt\/et\/wp-json\/wp\/v2\/product\/30374\/revisions"}],"predecessor-version":[{"id":30385,"href":"https:\/\/hookahshop.lt\/et\/wp-json\/wp\/v2\/product\/30374\/revisions\/30385"}],"wp:featuredmedia":[{"embeddable":true,"href":"https:\/\/hookahshop.lt\/et\/wp-json\/wp\/v2\/media\/30378"}],"wp:attachment":[{"href":"https:\/\/hookahshop.lt\/et\/wp-json\/wp\/v2\/media?parent=30374"}],"curies":[{"name":"wp","href":"https:\/\/api.w.org\/{rel}","templated":true}]}}