{"id":30379,"date":"2021-12-22T09:09:31","date_gmt":"2021-12-22T07:09:31","guid":{"rendered":"https:\/\/hookahshop.lt\/?post_type=product&#038;p=30379"},"modified":"2026-04-18T23:29:13","modified_gmt":"2026-04-18T20:29:13","slug":"taurele-kaljanui-conceptic-cd2-black-v2","status":"publish","type":"product","link":"https:\/\/hookahshop.lt\/et\/toode\/taurele-kaljanui-conceptic-cd2-black-v2\/","title":{"rendered":"Vesipiibu tass CONCEPTIC CD2 Black V2"},"content":{"rendered":"<h2>Vesipiibu tass CONCEPTIC CD2 Black V2<\/h2>\n<p>See on klassikaline kinder killer tops, kuid selle sisemus on \u00fcmar, ilma sirgete seinteta. Tassi p\u00f5hjas on kuus ringikujulist auku, mille keskel pole auku. Selline aukude paigutus viib tubaka suitsetamise \u00fchtlasema protsessini. See vesipiibu tass on valmistatud valgest savist, millele on lisatud \u0161amotti ja tumedat pigmenti. Tass on v\u00e4rvitud v\u00e4rvilise pahtliga, lisades valgeid laike. Tass sobib kasutamiseks nii fooliumiga kui ka kuumakambriga.<br \/>\nVesipiibu segu maht: umbes 17 g.<\/p>\n<p>Spetsifikatsioonid:<br \/>\nK\u00f5rgus: 94 mm<br \/>\nL\u00e4bim\u00f5\u00f5t (v\u00e4limine): 75 mm<br \/>\nL\u00e4bim\u00f5\u00f5t (sisemine): 67 mm<br \/>\nS\u00fcgavus: 15 mm<br \/>\nAva l\u00e4bim\u00f5\u00f5t: 8 mm<br \/>\nAukude arv: 6 tk.<br \/>\nKaal: umbes 220 g.<\/p>\n<p>Kas teil on k\u00fcsimusi? v\u00f5ta meiega \u00fchendust\u00a0<a href=\"https:\/\/hookahshop.lt\/et\/kontaktid\/\">kontaktide leht<\/a>\u00a0v\u00f5i saatke meile e-kiri aadressil\u00a0<a href=\"https:\/\/facebook.com\/HookahShop.lt\/\" target=\"_blank\" rel=\"noopener noreferrer\">Facebooki konto<\/a>\u00a0ja vastame teie taotlusele samal p\u00e4eval.<\/p>\n<p>&nbsp;<\/p>\n<p>&nbsp;<\/p>","protected":false},"excerpt":{"rendered":"<p>Vesipiibu tass CONCEPTIC CD2 Black V2 See on klassikalist t\u00fc\u00fcpi tapjatops, kuid selle sisemus on \u00fcmar, ilma sirgete seinteta. Tassi p\u00f5hjas on kuus ringikujulist auku, mille keskel pole auku. Selline aukude paigutus viib tubaka suitsetamise \u00fchtlasema protsessini. See vesipiibu tass on valmistatud valgest savist, millele on lisatud \u0161amotti ja tumedat pigmenti. Tass on v\u00e4rvitud v\u00e4rvilise pahtliga, millele on lisatud valget [\u2026]<\/p>","protected":false},"featured_media":30383,"comment_status":"open","ping_status":"closed","template":"","meta":[],"_links":{"self":[{"href":"https:\/\/hookahshop.lt\/et\/wp-json\/wp\/v2\/product\/30379"}],"collection":[{"href":"https:\/\/hookahshop.lt\/et\/wp-json\/wp\/v2\/product"}],"about":[{"href":"https:\/\/hookahshop.lt\/et\/wp-json\/wp\/v2\/types\/product"}],"replies":[{"embeddable":true,"href":"https:\/\/hookahshop.lt\/et\/wp-json\/wp\/v2\/comments?post=30379"}],"version-history":[{"count":2,"href":"https:\/\/hookahshop.lt\/et\/wp-json\/wp\/v2\/product\/30379\/revisions"}],"predecessor-version":[{"id":30384,"href":"https:\/\/hookahshop.lt\/et\/wp-json\/wp\/v2\/product\/30379\/revisions\/30384"}],"wp:featuredmedia":[{"embeddable":true,"href":"https:\/\/hookahshop.lt\/et\/wp-json\/wp\/v2\/media\/30383"}],"wp:attachment":[{"href":"https:\/\/hookahshop.lt\/et\/wp-json\/wp\/v2\/media?parent=30379"}],"curies":[{"name":"wp","href":"https:\/\/api.w.org\/{rel}","templated":true}]}}