{"id":30418,"date":"2021-12-22T12:39:09","date_gmt":"2021-12-22T10:39:09","guid":{"rendered":"https:\/\/hookahshop.lt\/?post_type=product&#038;p=30418"},"modified":"2026-04-14T23:29:25","modified_gmt":"2026-04-14T20:29:25","slug":"kaljanas-shadows-agera-white","status":"publish","type":"product","link":"https:\/\/hookahshop.lt\/et\/toode\/vesipiibu-varjud-agera-valge\/","title":{"rendered":"Vesipiibu VARJUD Agera White"},"content":{"rendered":"<h2>Vesipiibu VARJUD Agera White<\/h2>\n<p>See on tootja uus toode. Agera on kvaliteetne vesipiip, mis on valmistatud ainult roostevabast terasest. Originaalsust n\u00e4itavad ornamendid alusel, mille keskel on dekoratiivplaat ja stiilne metallr\u00f5ngas.<br \/>\nGofreeritud plaat ei lase s\u00f6el suitsetamise ajal v\u00e4lja minna, s\u00e4ilitades samal ajal \u00f5ige temperatuuri kogu protsessi v\u00e4ltel. Vesipiibu vooliku \u00fchendus ja puhastusklapp magnetitega. Selle vesipiibu magnetid on kvaliteetsed, seega pole nende funktsionaalsuse p\u00e4rast vaja muretseda. Suurep\u00e4rane vesipiip hajutiga, mis tagab kerge veoj\u00f5u<\/p>\n<p>Vesipiibu k\u00f5rgus: 51 cm.<br \/>\nTootja: Venemaa<\/p>\n<p>Kas teil on k\u00fcsimusi? v\u00f5ta meiega \u00fchendust\u00a0<a href=\"https:\/\/hookahshop.lt\/et\/kontaktid\/\">kontaktide leht<\/a>\u00a0v\u00f5i saatke meile e-kiri aadressil\u00a0<a href=\"https:\/\/facebook.com\/HookahShop.lt\/\" target=\"_blank\" rel=\"noopener noreferrer\">Facebooki konto<\/a>\u00a0ja vastame teie taotlusele samal p\u00e4eval.<\/p>","protected":false},"excerpt":{"rendered":"<p>Vesipiibu SHADOWS Agera White See on tootja uus toode. Agera on kvaliteetne vesipiip, mis on valmistatud ainult roostevabast terasest. Originaalsust n\u00e4itavad ornamendid alusel, mille keskel on dekoratiivplaat ja stiilne metallr\u00f5ngas. Gofreeritud plaat ei lase s\u00f6el suitsetamise ajal v\u00e4lja minna, s\u00e4ilitades samal ajal \u00f5ige temperatuuri kogu protsessi v\u00e4ltel. Vesipiibu vooliku \u00fchendus ja puhastusklapp magnetitega. [\u2026] Sellel vesipiibul<\/p>","protected":false},"featured_media":30419,"comment_status":"open","ping_status":"closed","template":"","meta":[],"_links":{"self":[{"href":"https:\/\/hookahshop.lt\/et\/wp-json\/wp\/v2\/product\/30418"}],"collection":[{"href":"https:\/\/hookahshop.lt\/et\/wp-json\/wp\/v2\/product"}],"about":[{"href":"https:\/\/hookahshop.lt\/et\/wp-json\/wp\/v2\/types\/product"}],"replies":[{"embeddable":true,"href":"https:\/\/hookahshop.lt\/et\/wp-json\/wp\/v2\/comments?post=30418"}],"version-history":[{"count":3,"href":"https:\/\/hookahshop.lt\/et\/wp-json\/wp\/v2\/product\/30418\/revisions"}],"predecessor-version":[{"id":30425,"href":"https:\/\/hookahshop.lt\/et\/wp-json\/wp\/v2\/product\/30418\/revisions\/30425"}],"wp:featuredmedia":[{"embeddable":true,"href":"https:\/\/hookahshop.lt\/et\/wp-json\/wp\/v2\/media\/30419"}],"wp:attachment":[{"href":"https:\/\/hookahshop.lt\/et\/wp-json\/wp\/v2\/media?parent=30418"}],"curies":[{"name":"wp","href":"https:\/\/api.w.org\/{rel}","templated":true}]}}