{"id":30438,"date":"2021-12-22T17:18:27","date_gmt":"2021-12-22T15:18:27","guid":{"rendered":"https:\/\/hookahshop.lt\/?post_type=product&#038;p=30438"},"modified":"2026-04-19T23:29:29","modified_gmt":"2026-04-19T20:29:29","slug":"individualus-kaljano-kandiklis-mun-yellow","status":"publish","type":"product","link":"https:\/\/hookahshop.lt\/et\/toode\/individuaalne-vesipiibu-huulik-mun-kollane\/","title":{"rendered":"Kohandatud vesipiibu huulik MUN Kollane"},"content":{"rendered":"<h2>Kohandatud vesipiibu huulik MUN Kollane<\/h2>\n<p>Luksust ja esteetikat \u00f5hkuv vesipiibu huulik on valmistatud naturaalsest puidust. Kaasas on br\u00e4ndi logoga pael ja karp.<\/p>\n<p>Kas teil on k\u00fcsimusi? v\u00f5ta meiega \u00fchendust\u00a0<a href=\"https:\/\/hookahshop.lt\/et\/kontaktid\/\">kontaktide leht<\/a>\u00a0v\u00f5i saatke meile e-kiri aadressil\u00a0<a href=\"https:\/\/facebook.com\/HookahShop.lt\/\" target=\"_blank\" rel=\"noopener noreferrer\">Facebooki konto<\/a>\u00a0ja vastame teie taotlusele samal p\u00e4eval.<\/p>","protected":false},"excerpt":{"rendered":"<p>Individuaalne vesipiibu huulik MUN Yellow Luksust ja esteetikat \u00f5hkuv vesipiibu huulik on valmistatud naturaalsest puidust. Kaasas on br\u00e4ndi logoga pael ja karp. Kas teil on k\u00fcsimusi? V\u00f5tke meiega \u00fchendust kontaktide lehel v\u00f5i kirjutage meile oma Facebooki kontol ja vastame teie p\u00e4ringule samal p\u00e4eval.<\/p>","protected":false},"featured_media":30444,"comment_status":"open","ping_status":"closed","template":"","meta":[],"_links":{"self":[{"href":"https:\/\/hookahshop.lt\/et\/wp-json\/wp\/v2\/product\/30438"}],"collection":[{"href":"https:\/\/hookahshop.lt\/et\/wp-json\/wp\/v2\/product"}],"about":[{"href":"https:\/\/hookahshop.lt\/et\/wp-json\/wp\/v2\/types\/product"}],"replies":[{"embeddable":true,"href":"https:\/\/hookahshop.lt\/et\/wp-json\/wp\/v2\/comments?post=30438"}],"version-history":[{"count":2,"href":"https:\/\/hookahshop.lt\/et\/wp-json\/wp\/v2\/product\/30438\/revisions"}],"predecessor-version":[{"id":30446,"href":"https:\/\/hookahshop.lt\/et\/wp-json\/wp\/v2\/product\/30438\/revisions\/30446"}],"wp:featuredmedia":[{"embeddable":true,"href":"https:\/\/hookahshop.lt\/et\/wp-json\/wp\/v2\/media\/30444"}],"wp:attachment":[{"href":"https:\/\/hookahshop.lt\/et\/wp-json\/wp\/v2\/media?parent=30438"}],"curies":[{"name":"wp","href":"https:\/\/api.w.org\/{rel}","templated":true}]}}