{"id":30479,"date":"2021-12-26T13:35:09","date_gmt":"2021-12-26T11:35:09","guid":{"rendered":"https:\/\/hookahshop.lt\/?post_type=product&#038;p=30479"},"modified":"2025-11-06T21:01:45","modified_gmt":"2025-11-06T19:01:45","slug":"dovanu-dezute-hookahshop-mystery-box","status":"publish","type":"product","link":"https:\/\/hookahshop.lt\/et\/toode\/kinkekarp-hookahshop-musteeriumikast\/","title":{"rendered":"Kinkekarp HOOKAHSHOP Mystery Box"},"content":{"rendered":"<h2>Kinkekarp HOOKAHSHOP Mystery Box<\/h2>\n<p>Kas ei saa kingitust valida? Riskeeri ja telli HOOKAHSHOP MYSTERY BOX!<strong><br \/>\n<\/strong>Unustage igavad soovide nimekirjad. R\u00f5\u00f5mustage ennast v\u00f5i kallist inimest. Kingi endale v\u00f5i kellelegi teisele seda, mis on hindamatu: emotsioon, \u00fcllatus ja uuenduste avastamise r\u00f5\u00f5m!<\/p>\n<p><strong>Mida sa seest leiad?<br \/>\n<\/strong><\/p>\n<ul>\n<li>K\u00f5ige maitsvam tee, mida iga\u00fcks peaks maitsma.<\/li>\n<li>Vesipiibu aksessuaar v\u00f5i aksessuaar sobib igale vesipiibu entusiastile.<\/li>\n<li>Erinevad detailid, millele sa isegi ei m\u00f5tleks!<\/li>\n<\/ul>\n<p><strong>Mis on vahet <span class=\"woocommerce-Price-currencySymbol\">\u20ac<\/span>20.00 ir\u00a0<span class=\"woocommerce-Price-currencySymbol\">\u20ac<\/span>60.00<\/strong><span class=\"woocommerce-Price-currencySymbol\"><strong>\u00a0Saladuskarbid?<\/strong> Tarvikute kogus ja mark.<\/span><\/p>\n<p>Kas teil on k\u00fcsimusi? v\u00f5ta meiega \u00fchendust<span style=\"color: #800000;\">\u00a0<\/span><span style=\"color: #0000ff;\"><a style=\"color: #0000ff;\" href=\"https:\/\/hookahshop.lt\/et\/kontaktid\/\"><span style=\"color: #800000;\">kontaktide leht<\/span><\/a><\/span>\u00a0v\u00f5i saatke meile e-kiri aadressil\u00a0<span style=\"color: #800000;\"><a style=\"color: #800000;\" href=\"https:\/\/facebook.com\/HookahShop.lt\/\" target=\"_blank\" rel=\"noopener noreferrer\">Facebooki konto<\/a><\/span>\u00a0ja vastame teie taotlusele samal p\u00e4eval.<\/p>","protected":false},"excerpt":{"rendered":"<p>Kinkekarp HOOKAHSHOP Mystery Box Ei oska kinki valida? V\u00f5tke risk ja tellige HOOKAHSHOP MYSTERY BOX! Unustage igavad soovide nimekirjad. R\u00f5\u00f5mustage ennast v\u00f5i kallist inimest. Kingi endale v\u00f5i kellelegi teisele seda, mis on hindamatu: emotsioon, \u00fcllatus ja uuenduste avastamise r\u00f5\u00f5m! Mida sa seest leiad? Maitsvaim tee, mida iga\u00fcks peaks maitsma. Vesipiibu aksessuaar v\u00f5i aksessuaar sobib igale vesipiibu entusiastile. Erinevad \u00fcksikasjad [\u2026]<\/p>","protected":false},"featured_media":30480,"comment_status":"open","ping_status":"closed","template":"","meta":[],"_links":{"self":[{"href":"https:\/\/hookahshop.lt\/et\/wp-json\/wp\/v2\/product\/30479"}],"collection":[{"href":"https:\/\/hookahshop.lt\/et\/wp-json\/wp\/v2\/product"}],"about":[{"href":"https:\/\/hookahshop.lt\/et\/wp-json\/wp\/v2\/types\/product"}],"replies":[{"embeddable":true,"href":"https:\/\/hookahshop.lt\/et\/wp-json\/wp\/v2\/comments?post=30479"}],"version-history":[{"count":14,"href":"https:\/\/hookahshop.lt\/et\/wp-json\/wp\/v2\/product\/30479\/revisions"}],"predecessor-version":[{"id":34836,"href":"https:\/\/hookahshop.lt\/et\/wp-json\/wp\/v2\/product\/30479\/revisions\/34836"}],"wp:featuredmedia":[{"embeddable":true,"href":"https:\/\/hookahshop.lt\/et\/wp-json\/wp\/v2\/media\/30480"}],"wp:attachment":[{"href":"https:\/\/hookahshop.lt\/et\/wp-json\/wp\/v2\/media?parent=30479"}],"curies":[{"name":"wp","href":"https:\/\/api.w.org\/{rel}","templated":true}]}}