{"id":30727,"date":"2022-01-16T23:15:48","date_gmt":"2022-01-16T21:15:48","guid":{"rendered":"https:\/\/hookahshop.lt\/?post_type=product&#038;p=30727"},"modified":"2026-04-14T23:29:26","modified_gmt":"2026-04-14T20:29:26","slug":"karscio-kamera-lotus-plus-replika","status":"publish","type":"product","link":"https:\/\/hookahshop.lt\/et\/toode\/karscio-kamera-lotus-plus-replika\/","title":{"rendered":"Soojuskaamera LOTUS Plus koopia"},"content":{"rendered":"<h2 data-placeholder=\"Vertimas\">Soojuskaamera LOTUS Plus koopia<\/h2>\n<p dir=\"ltr\" data-placeholder=\"Vertimas\">See on m\u00f5eldud kasutamiseks vesipiibutopsi soojendamiseks kookoss\u00f6ega. See on sepistatud lootos pluss koopia.<\/p>\n<p><strong>Spetsifikatsioon:<\/strong><br \/>\nL\u00e4bim\u00f5\u00f5t: 7,5 cm<br \/>\nK\u00f5rgus: 5 cm<\/p>\n<p id=\"tw-target-text\" class=\"tw-data-text tw-text-large tw-ta\" dir=\"ltr\" data-placeholder=\"Vertimas\"><strong><span lang=\"lt\">Soojuskambri peamised eelised:<\/span><\/strong><\/p>\n<ul>\n<li class=\"tw-data-text tw-text-large tw-ta\" data-placeholder=\"Vertimas\"><span lang=\"lt\">Korduvkasutatav;<\/span><\/li>\n<li class=\"tw-data-text tw-text-large tw-ta\" data-placeholder=\"Vertimas\"><span lang=\"lt\">Fooliumi pole enam;<\/span><\/li>\n<li class=\"tw-data-text tw-text-large tw-ta\" data-placeholder=\"Vertimas\"><span lang=\"lt\">Kivis\u00fcsi p\u00fcsib oma mugava kuju t\u00f5ttu paigas;<\/span><\/li>\n<li class=\"tw-data-text tw-text-large tw-ta\" data-placeholder=\"Vertimas\">Parandab \u00f5huringlust;<\/li>\n<li class=\"tw-data-text tw-text-large tw-ta\" data-placeholder=\"Vertimas\"><span lang=\"lt\">See kuumeneb l\u00fchikese aja jooksul ja hoiab soojust stabiilsena.<\/span><\/li>\n<\/ul>\n<p>Kas teil on k\u00fcsimusi? v\u00f5ta meiega \u00fchendust\u00a0<a href=\"https:\/\/hookahshop.lt\/et\/kontaktid\/\">kontaktide leht<\/a>\u00a0v\u00f5i saatke meile e-kiri aadressil\u00a0<a href=\"https:\/\/facebook.com\/HookahShop.lt\/\" target=\"_blank\" rel=\"noopener noreferrer\">Facebooki konto<\/a>\u00a0ja vastame teie taotlusele samal p\u00e4eval.<\/p>","protected":false},"excerpt":{"rendered":"<p>Kuumutuskamber LOTUS Plus Replica See on m\u00f5eldud kasutamiseks vesipiibutopsi soojendamiseks kookoss\u00f6ega. See on sepistatud lootos pluss koopia. Spetsifikatsioon: L\u00e4bim\u00f5\u00f5t: 7,5 cm K\u00f5rgus: 5 cm Soojuskambri peamised eelised: Korduvkasutatav; Pole enam fooliumi; S\u00fcsi p\u00fcsib oma mugava kuju t\u00f5ttu paigal; Parandab \u00f5huringlust; See soojeneb l\u00fchikese ajaga ja hoiab soojust stabiilsena. Kas teil on k\u00fcsimusi? [\u2026]<\/p>","protected":false},"featured_media":30728,"comment_status":"open","ping_status":"closed","template":"","meta":[],"_links":{"self":[{"href":"https:\/\/hookahshop.lt\/et\/wp-json\/wp\/v2\/product\/30727"}],"collection":[{"href":"https:\/\/hookahshop.lt\/et\/wp-json\/wp\/v2\/product"}],"about":[{"href":"https:\/\/hookahshop.lt\/et\/wp-json\/wp\/v2\/types\/product"}],"replies":[{"embeddable":true,"href":"https:\/\/hookahshop.lt\/et\/wp-json\/wp\/v2\/comments?post=30727"}],"version-history":[{"count":6,"href":"https:\/\/hookahshop.lt\/et\/wp-json\/wp\/v2\/product\/30727\/revisions"}],"predecessor-version":[{"id":45185,"href":"https:\/\/hookahshop.lt\/et\/wp-json\/wp\/v2\/product\/30727\/revisions\/45185"}],"wp:featuredmedia":[{"embeddable":true,"href":"https:\/\/hookahshop.lt\/et\/wp-json\/wp\/v2\/media\/30728"}],"wp:attachment":[{"href":"https:\/\/hookahshop.lt\/et\/wp-json\/wp\/v2\/media?parent=30727"}],"curies":[{"name":"wp","href":"https:\/\/api.w.org\/{rel}","templated":true}]}}