{"id":30796,"date":"2022-01-21T14:28:15","date_gmt":"2022-01-21T12:28:15","guid":{"rendered":"https:\/\/hookahshop.lt\/?post_type=product&#038;p=30796"},"modified":"2025-11-06T21:01:42","modified_gmt":"2025-11-06T19:01:42","slug":"stikline-vandens-pypke-bulltec-42cm","status":"publish","type":"product","link":"https:\/\/hookahshop.lt\/et\/toode\/klaas-veetoru-bulltec-42cm\/","title":{"rendered":"Klaasist veetoru BULLTEC 42cm"},"content":{"rendered":"<h2>Klaasist veetoru BULLTEC 42cm<\/h2>\n<p>Klaasist mahukas veetorukauss laia ja tugeva p\u00f5hjaga koos kotiga. Suur ja pikk kauss tuleb k\u00f5rgelt v\u00e4lja, mist\u00f5ttu filtreerimistee l\u00e4bi vee on pikk, v\u00f5imaldades suitsul kahjulikest ainetest vabaneda.<\/p>\n<p><strong>Spetsifikatsioonid:<\/strong><br \/>\nMaterjal: klaas<br \/>\nK\u00f5rgus: 42 cm<br \/>\nPea l\u00e4bim\u00f5\u00f5t: 14,5 mm<br \/>\nKott: jah<\/p>\n<p>Kas olete huvitatud muudest bongidest? Rohkem erinevaid bongosid leiad rubriigist - Bongid.<\/p>\n<p>Kas teil on k\u00fcsimusi? v\u00f5ta meiega \u00fchendust\u00a0<a href=\"https:\/\/hookahshop.lt\/et\/kontaktid\/\">kontaktide leht<\/a>\u00a0v\u00f5i saatke meile e-kiri aadressil\u00a0<a href=\"https:\/\/facebook.com\/HookahShop.lt\/\" target=\"_blank\" rel=\"noopener noreferrer\">Facebooki konto<\/a>\u00a0ja vastame teie taotlusele samal p\u00e4eval.<\/p>","protected":false},"excerpt":{"rendered":"<p>Klaasist veetoru BULLTEC 42cm Klaasist mahutav veetorukauss laia ja tugeva p\u00f5hjaga koos kotiga. Suur ja pikk kauss tuleb k\u00f5rgelt v\u00e4lja, mist\u00f5ttu filtreerimistee l\u00e4bi vee on pikk, v\u00f5imaldades suitsul kahjulikest ainetest vabaneda. Tehnilised andmed: Materjal: klaas K\u00f5rgus: 42cm Pea l\u00e4bim\u00f5\u00f5t: 14,5mm Kott: jah Kas olete huvitatud muudest bongidest? Rohkem erinevaid bongosid leiate rubriigist - [\u2026]<\/p>","protected":false},"featured_media":30798,"comment_status":"open","ping_status":"closed","template":"","meta":[],"_links":{"self":[{"href":"https:\/\/hookahshop.lt\/et\/wp-json\/wp\/v2\/product\/30796"}],"collection":[{"href":"https:\/\/hookahshop.lt\/et\/wp-json\/wp\/v2\/product"}],"about":[{"href":"https:\/\/hookahshop.lt\/et\/wp-json\/wp\/v2\/types\/product"}],"replies":[{"embeddable":true,"href":"https:\/\/hookahshop.lt\/et\/wp-json\/wp\/v2\/comments?post=30796"}],"version-history":[{"count":2,"href":"https:\/\/hookahshop.lt\/et\/wp-json\/wp\/v2\/product\/30796\/revisions"}],"predecessor-version":[{"id":36451,"href":"https:\/\/hookahshop.lt\/et\/wp-json\/wp\/v2\/product\/30796\/revisions\/36451"}],"wp:featuredmedia":[{"embeddable":true,"href":"https:\/\/hookahshop.lt\/et\/wp-json\/wp\/v2\/media\/30798"}],"wp:attachment":[{"href":"https:\/\/hookahshop.lt\/et\/wp-json\/wp\/v2\/media?parent=30796"}],"curies":[{"name":"wp","href":"https:\/\/api.w.org\/{rel}","templated":true}]}}