{"id":30802,"date":"2022-01-21T15:08:07","date_gmt":"2022-01-21T13:08:07","guid":{"rendered":"https:\/\/hookahshop.lt\/?post_type=product&#038;p=30802"},"modified":"2025-11-06T21:01:42","modified_gmt":"2025-11-06T19:01:42","slug":"akriline-vandens-pypke-coney-15cm","status":"publish","type":"product","link":"https:\/\/hookahshop.lt\/et\/toode\/akruul-veetoru-koonus-15cm\/","title":{"rendered":"Akr\u00fc\u00fclist veetoru CONEY 15cm"},"content":{"rendered":"<h2>Akr\u00fc\u00fclist veetoru CONEY 15cm<\/h2>\n<p>K\u00f5rgeima kvaliteediga akr\u00fc\u00fclist valmistatud suurep\u00e4rane mini vesibong, nii et v\u00f5ime olla kindlad, et toru ei purune. Komplekti kuulub keskmise suurusega metallist kauss.<\/p>\n<p><strong>Spetsifikatsioonid:<\/strong><br \/>\nMaterjal: akr\u00fc\u00fcl<br \/>\nK\u00f5rgus: 15 cm<\/p>\n<p>Kas olete huvitatud muudest bongidest? Rohkem erinevaid bongosid leiad rubriigist - Bongid.<\/p>\n<p>Kas teil on k\u00fcsimusi? v\u00f5ta meiega \u00fchendust\u00a0<a href=\"https:\/\/hookahshop.lt\/et\/kontaktid\/\">kontaktide leht<\/a>\u00a0v\u00f5i saatke meile e-kiri aadressil\u00a0<a href=\"https:\/\/facebook.com\/HookahShop.lt\/\" target=\"_blank\" rel=\"noopener noreferrer\">Facebooki konto<\/a>\u00a0ja vastame teie taotlusele samal p\u00e4eval.<\/p>","protected":false},"excerpt":{"rendered":"<p>Akr\u00fc\u00fclist veetoru CONEY 15cm Suurep\u00e4rane mini vesibong, mis on valmistatud k\u00f5rgeima kvaliteediga akr\u00fc\u00fclist, nii et v\u00f5ime olla kindlad, et toru ei purune. Komplekti kuulub keskmise suurusega metallist kauss. Tehnilised andmed: Materjal: akr\u00fc\u00fcl K\u00f5rgus: 15 cm Kas olete huvitatud muudest bongidest? Rohkem erinevaid bongosid leiad rubriigist - Bongai. Kas teil on k\u00fcsimusi? V\u00f5tke meiega \u00fchendust kontaktide lehel v\u00f5i kirjutage meile oma Facebooki kontol ja me vastame teie [\u2026]<\/p>","protected":false},"featured_media":30805,"comment_status":"open","ping_status":"closed","template":"","meta":[],"_links":{"self":[{"href":"https:\/\/hookahshop.lt\/et\/wp-json\/wp\/v2\/product\/30802"}],"collection":[{"href":"https:\/\/hookahshop.lt\/et\/wp-json\/wp\/v2\/product"}],"about":[{"href":"https:\/\/hookahshop.lt\/et\/wp-json\/wp\/v2\/types\/product"}],"replies":[{"embeddable":true,"href":"https:\/\/hookahshop.lt\/et\/wp-json\/wp\/v2\/comments?post=30802"}],"version-history":[{"count":2,"href":"https:\/\/hookahshop.lt\/et\/wp-json\/wp\/v2\/product\/30802\/revisions"}],"predecessor-version":[{"id":36450,"href":"https:\/\/hookahshop.lt\/et\/wp-json\/wp\/v2\/product\/30802\/revisions\/36450"}],"wp:featuredmedia":[{"embeddable":true,"href":"https:\/\/hookahshop.lt\/et\/wp-json\/wp\/v2\/media\/30805"}],"wp:attachment":[{"href":"https:\/\/hookahshop.lt\/et\/wp-json\/wp\/v2\/media?parent=30802"}],"curies":[{"name":"wp","href":"https:\/\/api.w.org\/{rel}","templated":true}]}}