{"id":30808,"date":"2022-01-21T15:13:34","date_gmt":"2022-01-21T13:13:34","guid":{"rendered":"https:\/\/hookahshop.lt\/?post_type=product&#038;p=30808"},"modified":"2026-04-14T23:29:26","modified_gmt":"2026-04-14T20:29:26","slug":"akriline-vandens-pypke-peace-20cm","status":"publish","type":"product","link":"https:\/\/hookahshop.lt\/et\/toode\/akruul-veetoru-rahu-20cm\/","title":{"rendered":"Akr\u00fc\u00fclist veetoru PEACE 20cm"},"content":{"rendered":"<h2>Akr\u00fc\u00fclist veetoru PEACE 20cm<\/h2>\n<p><strong>Spetsifikatsioonid:<\/strong><br \/>\nMaterjal: akr\u00fc\u00fcl<br \/>\nK\u00f5rgus: 20 cm<\/p>\n<p>Kas olete huvitatud muudest bongidest? Rohkem erinevaid bongosid leiad rubriigist - Bongid.<\/p>\n<p>Kas teil on k\u00fcsimusi? v\u00f5ta meiega \u00fchendust\u00a0<a href=\"https:\/\/hookahshop.lt\/et\/kontaktid\/\">kontaktide leht<\/a>\u00a0v\u00f5i saatke meile e-kiri aadressil\u00a0<a href=\"https:\/\/facebook.com\/HookahShop.lt\/\" target=\"_blank\" rel=\"noopener noreferrer\">Facebooki konto<\/a>\u00a0ja vastame teie taotlusele samal p\u00e4eval.<\/p>","protected":false},"excerpt":{"rendered":"<p>Akr\u00fc\u00fclist veetoru PEACE 20cm Tehnilised andmed: Materjal: akr\u00fc\u00fcl K\u00f5rgus: 20cm Kas olete huvitatud muudest bongidest? Rohkem erinevaid bongosid leiad rubriigist - Bongai. Kas teil on k\u00fcsimusi? V\u00f5tke meiega \u00fchendust kontaktide lehel v\u00f5i kirjutage meile oma Facebooki kontol ja vastame teie p\u00e4ringule samal p\u00e4eval.<\/p>","protected":false},"featured_media":30804,"comment_status":"open","ping_status":"closed","template":"","meta":[],"_links":{"self":[{"href":"https:\/\/hookahshop.lt\/et\/wp-json\/wp\/v2\/product\/30808"}],"collection":[{"href":"https:\/\/hookahshop.lt\/et\/wp-json\/wp\/v2\/product"}],"about":[{"href":"https:\/\/hookahshop.lt\/et\/wp-json\/wp\/v2\/types\/product"}],"replies":[{"embeddable":true,"href":"https:\/\/hookahshop.lt\/et\/wp-json\/wp\/v2\/comments?post=30808"}],"version-history":[{"count":3,"href":"https:\/\/hookahshop.lt\/et\/wp-json\/wp\/v2\/product\/30808\/revisions"}],"predecessor-version":[{"id":34080,"href":"https:\/\/hookahshop.lt\/et\/wp-json\/wp\/v2\/product\/30808\/revisions\/34080"}],"wp:featuredmedia":[{"embeddable":true,"href":"https:\/\/hookahshop.lt\/et\/wp-json\/wp\/v2\/media\/30804"}],"wp:attachment":[{"href":"https:\/\/hookahshop.lt\/et\/wp-json\/wp\/v2\/media?parent=30808"}],"curies":[{"name":"wp","href":"https:\/\/api.w.org\/{rel}","templated":true}]}}