{"id":30893,"date":"2022-01-25T22:12:21","date_gmt":"2022-01-25T20:12:21","guid":{"rendered":"https:\/\/hookahshop.lt\/?post_type=product&#038;p=30893"},"modified":"2026-04-18T23:29:14","modified_gmt":"2026-04-18T20:29:14","slug":"arbata-gulfstream-vysniu-50g","status":"publish","type":"product","link":"https:\/\/hookahshop.lt\/et\/toode\/tee-gulfstream-kirss-50g\/","title":{"rendered":"Tee GULFSTREAM kirss 50g"},"content":{"rendered":"<h2>Tee GULFSTREAM kirss 50g<\/h2>\n<p>Kirsitee on rikkalik, rikkaliku maitsega jook, mida on t\u00e4iendatud kaneeli ja tsitruseliste nootidega. See teesegu on valmistatud p\u00fcree baasil.<\/p>\n<p><strong>Koostis: kirsid, apelsinid, kaneel.<\/strong><br \/>\n<em>(suhkur, k\u00fclmutatud kivideta kirsid 32%, looduslik mesi 12%, apelsinid 11%, k\u00fclmutatud musts\u00f5strad 10%, Jamaica roosi kroonlehed, jahvatatud kaneel, jahvatatud punane pipar, muskaatp\u00e4hkel, nelk.) GMO.<\/em><\/p>\n<p>Kas teil on k\u00fcsimusi? v\u00f5ta meiega \u00fchendust\u00a0<a href=\"https:\/\/hookahshop.lt\/et\/kontaktid\/\">kontaktide leht<\/a>\u00a0v\u00f5i saatke meile e-kiri aadressil\u00a0<a href=\"https:\/\/facebook.com\/HookahShop.lt\/\" target=\"_blank\" rel=\"noopener noreferrer\">Facebooki konto<\/a>\u00a0ja vastame teie taotlusele samal p\u00e4eval.<\/p>","protected":false},"excerpt":{"rendered":"<p>Tee GULFSTREAM kirss 50g Kirsitee on rikkaliku ja rikkaliku maitsega jook, mida t\u00e4iendavad kaneeli ja tsitrusviljade noodid. See teesegu on valmistatud p\u00fcree baasil. Koostisosad: kirsid, apelsinid, kaneel. (suhkur, k\u00fclmutatud kivistatud kirsid 32%, naturaalne mesi 12%, apelsinid 11%, k\u00fclmutatud musts\u00f5strad 10%, hibiskuse kroonlehed, jahvatatud kaneel, jahvatatud punane pipar, muskaatp\u00e4hkel, nelk. [\u2026]<\/p>","protected":false},"featured_media":30887,"comment_status":"open","ping_status":"closed","template":"","meta":[],"_links":{"self":[{"href":"https:\/\/hookahshop.lt\/et\/wp-json\/wp\/v2\/product\/30893"}],"collection":[{"href":"https:\/\/hookahshop.lt\/et\/wp-json\/wp\/v2\/product"}],"about":[{"href":"https:\/\/hookahshop.lt\/et\/wp-json\/wp\/v2\/types\/product"}],"replies":[{"embeddable":true,"href":"https:\/\/hookahshop.lt\/et\/wp-json\/wp\/v2\/comments?post=30893"}],"version-history":[{"count":7,"href":"https:\/\/hookahshop.lt\/et\/wp-json\/wp\/v2\/product\/30893\/revisions"}],"predecessor-version":[{"id":34098,"href":"https:\/\/hookahshop.lt\/et\/wp-json\/wp\/v2\/product\/30893\/revisions\/34098"}],"wp:featuredmedia":[{"embeddable":true,"href":"https:\/\/hookahshop.lt\/et\/wp-json\/wp\/v2\/media\/30887"}],"wp:attachment":[{"href":"https:\/\/hookahshop.lt\/et\/wp-json\/wp\/v2\/media?parent=30893"}],"curies":[{"name":"wp","href":"https:\/\/api.w.org\/{rel}","templated":true}]}}