{"id":30902,"date":"2022-01-25T22:25:03","date_gmt":"2022-01-25T20:25:03","guid":{"rendered":"https:\/\/hookahshop.lt\/?post_type=product&#038;p=30902"},"modified":"2026-04-05T23:29:24","modified_gmt":"2026-04-05T20:29:24","slug":"arbata-gulfstream-imbierine-50g","status":"publish","type":"product","link":"https:\/\/hookahshop.lt\/et\/toode\/tee-gulfstream-imbieriin-50g\/","title":{"rendered":"Tee GULFSTREAM ingveri 50g"},"content":{"rendered":"<h2>Tee GULFSTREAM ingveri 50g<\/h2>\n<p>Rikkaliku ingveri maitsega tee, mis on rikastatud naturaalse mee ja laimipuuvilja maitse v\u00fcrtsikate nootidega. See teesegu on valmistatud p\u00fcreep\u00f5hjaga.<\/p>\n<p><strong>Koostis: mesi, ingver, laimi viljad.\u00a0<\/strong><\/p>\n<p>Kas teil on k\u00fcsimusi? v\u00f5ta meiega \u00fchendust\u00a0<a href=\"https:\/\/hookahshop.lt\/et\/kontaktid\/\">kontaktide leht<\/a>\u00a0v\u00f5i saatke meile e-kiri aadressil\u00a0<a href=\"https:\/\/facebook.com\/HookahShop.lt\/\" target=\"_blank\" rel=\"noopener noreferrer\">Facebooki konto<\/a>\u00a0ja vastame teie taotlusele samal p\u00e4eval.<\/p>","protected":false},"excerpt":{"rendered":"<p>Tea GULFSTREAM ingver 50g Rikkaliku ingverimaitseline tee, mis on rikastatud naturaalse mee ja laimi-puuvilja maitse v\u00fcrtsikate nootidega. See teesegu on valmistatud p\u00fcreep\u00f5hjaga. Koostis: mesi, ingver, laimi viljad. Kas teil on k\u00fcsimusi? V\u00f5tke meiega \u00fchendust kontaktide lehel v\u00f5i kirjutage meile meie Facebooki kontol ja vastame teie p\u00e4ringule samal p\u00e4eval.<\/p>","protected":false},"featured_media":40889,"comment_status":"open","ping_status":"closed","template":"","meta":[],"_links":{"self":[{"href":"https:\/\/hookahshop.lt\/et\/wp-json\/wp\/v2\/product\/30902"}],"collection":[{"href":"https:\/\/hookahshop.lt\/et\/wp-json\/wp\/v2\/product"}],"about":[{"href":"https:\/\/hookahshop.lt\/et\/wp-json\/wp\/v2\/types\/product"}],"replies":[{"embeddable":true,"href":"https:\/\/hookahshop.lt\/et\/wp-json\/wp\/v2\/comments?post=30902"}],"version-history":[{"count":6,"href":"https:\/\/hookahshop.lt\/et\/wp-json\/wp\/v2\/product\/30902\/revisions"}],"predecessor-version":[{"id":30920,"href":"https:\/\/hookahshop.lt\/et\/wp-json\/wp\/v2\/product\/30902\/revisions\/30920"}],"wp:featuredmedia":[{"embeddable":true,"href":"https:\/\/hookahshop.lt\/et\/wp-json\/wp\/v2\/media\/40889"}],"wp:attachment":[{"href":"https:\/\/hookahshop.lt\/et\/wp-json\/wp\/v2\/media?parent=30902"}],"curies":[{"name":"wp","href":"https:\/\/api.w.org\/{rel}","templated":true}]}}