{"id":30905,"date":"2022-01-25T22:35:32","date_gmt":"2022-01-25T20:35:32","guid":{"rendered":"https:\/\/hookahshop.lt\/?post_type=product&#038;p=30905"},"modified":"2026-04-14T23:29:26","modified_gmt":"2026-04-14T20:29:26","slug":"arbata-gulfstream-serbentu-50g","status":"publish","type":"product","link":"https:\/\/hookahshop.lt\/et\/toode\/tee-gulfstream-sostar-50g\/","title":{"rendered":"Tee GULFSTREAM s\u00f5star 50g"},"content":{"rendered":"<h2>Tee GULFSTREAM s\u00f5star 50g<\/h2>\n<p>Unustamatu maitsega musts\u00f5stra ja basiiliku kombinatsioon, mis annab sellele v\u00e4rskust ja energiat. See teesegu on valmistatud p\u00fcree baasil.<\/p>\n<p><strong>Koostis: mustad s\u00f5strad, mesi, basiilik.\u00a0<\/strong><\/p>\n<p>Kas teil on k\u00fcsimusi? v\u00f5ta meiega \u00fchendust\u00a0<a href=\"https:\/\/hookahshop.lt\/et\/kontaktid\/\">kontaktide leht<\/a>\u00a0v\u00f5i saatke meile e-kiri aadressil\u00a0<a href=\"https:\/\/facebook.com\/HookahShop.lt\/\" target=\"_blank\" rel=\"noopener noreferrer\">Facebooki konto<\/a>\u00a0ja vastame teie taotlusele samal p\u00e4eval.<\/p>","protected":false},"excerpt":{"rendered":"<p>Tee GULFSTREAM s\u00f5strad 50g Unustamatu musta s\u00f5stra ja basiiliku maitsekooslus, mis annab v\u00e4rskust ja energiat. See teesegu on valmistatud p\u00fcreep\u00f5hjaga. Koostis: mustad s\u00f5strad, mesi, basiilik. Kas teil on k\u00fcsimusi? V\u00f5tke meiega \u00fchendust kontaktide lehel v\u00f5i kirjutage meile meie Facebooki kontol ja vastame teie p\u00e4ringule samal p\u00e4eval.<\/p>","protected":false},"featured_media":40888,"comment_status":"open","ping_status":"closed","template":"","meta":[],"_links":{"self":[{"href":"https:\/\/hookahshop.lt\/et\/wp-json\/wp\/v2\/product\/30905"}],"collection":[{"href":"https:\/\/hookahshop.lt\/et\/wp-json\/wp\/v2\/product"}],"about":[{"href":"https:\/\/hookahshop.lt\/et\/wp-json\/wp\/v2\/types\/product"}],"replies":[{"embeddable":true,"href":"https:\/\/hookahshop.lt\/et\/wp-json\/wp\/v2\/comments?post=30905"}],"version-history":[{"count":5,"href":"https:\/\/hookahshop.lt\/et\/wp-json\/wp\/v2\/product\/30905\/revisions"}],"predecessor-version":[{"id":34430,"href":"https:\/\/hookahshop.lt\/et\/wp-json\/wp\/v2\/product\/30905\/revisions\/34430"}],"wp:featuredmedia":[{"embeddable":true,"href":"https:\/\/hookahshop.lt\/et\/wp-json\/wp\/v2\/media\/40888"}],"wp:attachment":[{"href":"https:\/\/hookahshop.lt\/et\/wp-json\/wp\/v2\/media?parent=30905"}],"curies":[{"name":"wp","href":"https:\/\/api.w.org\/{rel}","templated":true}]}}