{"id":30910,"date":"2022-01-25T22:41:43","date_gmt":"2022-01-25T20:41:43","guid":{"rendered":"https:\/\/hookahshop.lt\/?post_type=product&#038;p=30910"},"modified":"2026-04-14T23:29:26","modified_gmt":"2026-04-14T20:29:26","slug":"arbata-gulfstream-saltalankiu-50g","status":"publish","type":"product","link":"https:\/\/hookahshop.lt\/et\/toode\/tee-gulfstream-astelpaju-50g\/","title":{"rendered":"Tee GULFSTREAM astelpaju 50g"},"content":{"rendered":"<h2>Tee GULFSTREAM astelpaju 50g<\/h2>\n<p>Astelpaju, ingveri, kaneeli ja mee rikkalik kooslus \u00fcllatab oma ainulaadse maitsega. Te tunnete koheselt joogi erakordset maitset ja eeliseid. K\u00fclm jook kosutab kuumal suvep\u00e4eval ja kuum tee soojendab palaval talvel. See teesegu on valmistatud p\u00fcree baasil.<\/p>\n<p><strong>Koostis: astelpaju, ingver, laimi vili, aniis.<\/strong><br \/>\n(k\u00fclmutatud astelpaju suhkur 48%, looduslik mesi 15%, ingver, laimi puuvili, jahvatatud kaneel, aniis.)<\/p>\n<p>Kas teil on k\u00fcsimusi? v\u00f5ta meiega \u00fchendust\u00a0<a href=\"https:\/\/hookahshop.lt\/et\/kontaktid\/\">kontaktide leht<\/a>\u00a0v\u00f5i saatke meile e-kiri aadressil\u00a0<a href=\"https:\/\/facebook.com\/HookahShop.lt\/\" target=\"_blank\" rel=\"noopener noreferrer\">Facebooki konto<\/a>\u00a0ja vastame teie taotlusele samal p\u00e4eval.<\/p>\n<p>&nbsp;<\/p>","protected":false},"excerpt":{"rendered":"<p>GULFSTREAM astelpajutee 50g Astelpaju, ingveri, kaneeli ja mee rikkalik kombinatsioon \u00fcllatab oma ainulaadse maitsega. Te tunnete koheselt joogi ainulaadset maitset ja eeliseid. K\u00fclm jook kosutab kuumal suvep\u00e4eval ja kuum tee soojendab jahedal talvel. See teesegu on valmistatud p\u00fcreep\u00f5hjaga. Koostis: astelpaju, ingver, laimi vili, aniis. (k\u00fclmutatud astelpaju 48% suhkur, looduslik mesi 15%, ingver, laimipuu, [\u2026]<\/p>","protected":false},"featured_media":40887,"comment_status":"open","ping_status":"closed","template":"","meta":[],"_links":{"self":[{"href":"https:\/\/hookahshop.lt\/et\/wp-json\/wp\/v2\/product\/30910"}],"collection":[{"href":"https:\/\/hookahshop.lt\/et\/wp-json\/wp\/v2\/product"}],"about":[{"href":"https:\/\/hookahshop.lt\/et\/wp-json\/wp\/v2\/types\/product"}],"replies":[{"embeddable":true,"href":"https:\/\/hookahshop.lt\/et\/wp-json\/wp\/v2\/comments?post=30910"}],"version-history":[{"count":9,"href":"https:\/\/hookahshop.lt\/et\/wp-json\/wp\/v2\/product\/30910\/revisions"}],"predecessor-version":[{"id":44597,"href":"https:\/\/hookahshop.lt\/et\/wp-json\/wp\/v2\/product\/30910\/revisions\/44597"}],"wp:featuredmedia":[{"embeddable":true,"href":"https:\/\/hookahshop.lt\/et\/wp-json\/wp\/v2\/media\/40887"}],"wp:attachment":[{"href":"https:\/\/hookahshop.lt\/et\/wp-json\/wp\/v2\/media?parent=30910"}],"curies":[{"name":"wp","href":"https:\/\/api.w.org\/{rel}","templated":true}]}}