{"id":31324,"date":"2022-02-16T14:58:48","date_gmt":"2022-02-16T12:58:48","guid":{"rendered":"https:\/\/hookahshop.lt\/?post_type=product&#038;p=31324"},"modified":"2026-04-06T23:29:21","modified_gmt":"2026-04-06T20:29:21","slug":"kaljanas-aladin-alux-380-mamor-black","status":"publish","type":"product","link":"https:\/\/hookahshop.lt\/et\/toode\/vesipiip-aladin-alux-380-mamor-black\/","title":{"rendered":"Vesipiip ALADIN Alux 380 Mamor Black"},"content":{"rendered":"<h2>Vesipiip ALADIN Alux 380 Mamor Black<\/h2>\n<p>See vesipiip j\u00e4tab oma kvaliteetsete materjalidega h\u00e4mmastavaid muljeid. Kvaliteetne t\u00f6\u00f6 ja individuaalne disain ei j\u00e4ta teid \u00fcksk\u00f5ikseks.<br \/>\nT\u00e4nu oma kompaktsele suurusele on see ideaalne reisikaaslane neile, kes soovivad kvaliteetset toodet liikvel olla.<\/p>\n<p><strong>Spetsifikatsioon:<\/strong><br \/>\nK\u00f5rgus: 38 cm.<br \/>\nMaterjal (v\u00e4line): anodeeritud alumiinium<br \/>\nMaterjal (sisemine): roostevaba teras (varda p\u00f5hi puutub kokku veega)<br \/>\nHajuti: reguleeritav<\/p>\n<p><strong>Standard komplekt:<\/strong><br \/>\nVesipiip, keermega kolb, tangid, pehme silikoonvoolik otsikutega, tass, korsten topsi jaoks.<\/p>\n<p><img decoding=\"async\" loading=\"lazy\" class=\"alignnone wp-image-38444\" src=\"https:\/\/hookahshop.lt\/wp-content\/uploads\/2022\/02\/Pilna-kaljano-komplektacija-Kaljano-komplekto-sudetis.jpg\" alt=\"T\u00e4ielik vesipiibu komplekt - Vesipiibu komplekti kompositsioon\" width=\"422\" height=\"384\" srcset=\"https:\/\/hookahshop.lt\/wp-content\/uploads\/2022\/02\/Pilna-kaljano-komplektacija-Kaljano-komplekto-sudetis.jpg 550w, https:\/\/hookahshop.lt\/wp-content\/uploads\/2022\/02\/Pilna-kaljano-komplektacija-Kaljano-komplekto-sudetis-300x273.jpg 300w, https:\/\/hookahshop.lt\/wp-content\/uploads\/2022\/02\/Pilna-kaljano-komplektacija-Kaljano-komplekto-sudetis-13x12.jpg 13w, https:\/\/hookahshop.lt\/wp-content\/uploads\/2022\/02\/Pilna-kaljano-komplektacija-Kaljano-komplekto-sudetis-64x58.jpg 64w\" sizes=\"(max-width: 422px) 100vw, 422px\" title=\"\"><\/p>\n<p>&nbsp;<\/p>\n<p>Kas teil on k\u00fcsimusi? v\u00f5ta meiega \u00fchendust\u00a0<a href=\"https:\/\/hookahshop.lt\/et\/kontaktid\/\">kontaktide leht<\/a>\u00a0v\u00f5i saatke meile e-kiri aadressil\u00a0<a href=\"https:\/\/facebook.com\/HookahShop.lt\/\" target=\"_blank\" rel=\"noopener noreferrer\">Facebooki konto<\/a>\u00a0ja vastame teie taotlusele samal p\u00e4eval.<\/p>","protected":false},"excerpt":{"rendered":"<p>Vesipiip ALADIN Alux 380 Mamor Black See vesipiip j\u00e4tab oma kvaliteetsete materjalidega imelised muljed. Kvaliteetne t\u00f6\u00f6 ja individuaalne disain ei j\u00e4ta teid \u00fcksk\u00f5ikseks. T\u00e4nu oma kompaktsele suurusele on see ideaalne reisikaaslane neile, kes soovivad liikvel olles kvaliteetset toodet. Spetsifikatsioon: K\u00f5rgus: 38 cm. Materjal (v\u00e4limine): anodeeritud alumiinium Materjal (sisemine): roostevaba teras (varre alumine osa, mis puutub kokku veega) Hajuti: [\u2026]<\/p>","protected":false},"featured_media":31325,"comment_status":"open","ping_status":"closed","template":"","meta":[],"_links":{"self":[{"href":"https:\/\/hookahshop.lt\/et\/wp-json\/wp\/v2\/product\/31324"}],"collection":[{"href":"https:\/\/hookahshop.lt\/et\/wp-json\/wp\/v2\/product"}],"about":[{"href":"https:\/\/hookahshop.lt\/et\/wp-json\/wp\/v2\/types\/product"}],"replies":[{"embeddable":true,"href":"https:\/\/hookahshop.lt\/et\/wp-json\/wp\/v2\/comments?post=31324"}],"version-history":[{"count":10,"href":"https:\/\/hookahshop.lt\/et\/wp-json\/wp\/v2\/product\/31324\/revisions"}],"predecessor-version":[{"id":45453,"href":"https:\/\/hookahshop.lt\/et\/wp-json\/wp\/v2\/product\/31324\/revisions\/45453"}],"wp:featuredmedia":[{"embeddable":true,"href":"https:\/\/hookahshop.lt\/et\/wp-json\/wp\/v2\/media\/31325"}],"wp:attachment":[{"href":"https:\/\/hookahshop.lt\/et\/wp-json\/wp\/v2\/media?parent=31324"}],"curies":[{"name":"wp","href":"https:\/\/api.w.org\/{rel}","templated":true}]}}