{"id":31329,"date":"2022-02-16T15:24:37","date_gmt":"2022-02-16T13:24:37","guid":{"rendered":"https:\/\/hookahshop.lt\/?post_type=product&#038;p=31329"},"modified":"2026-04-14T23:29:26","modified_gmt":"2026-04-14T20:29:26","slug":"kaljanas-steamulation-pro-x-ii-black-matt","status":"publish","type":"product","link":"https:\/\/hookahshop.lt\/et\/toode\/vesipiip-aurutamine-pro-x-ii-must-matt\/","title":{"rendered":"Vesipiibu STEAMULATION Pro X II must matt"},"content":{"rendered":"<h2>Vesipiibu STEAMULATION Pro X II must matt<\/h2>\n<p>Selle vesipiibu funktsioonide kombinatsioon tagab, et iga kasutaja leiab oma vajadustele sobiva seadistuse. See on vesipiip, millel on maailmas k\u00f5ige rohkem funktsioone ja kohandamisv\u00f5imalusi! Koos Steamulation Pro X II-ga esitleme uhkusega populaarse Steamulation Pro X j\u00e4rglast. K\u00f5ik funktsioonid ja v\u00f5imalused, mis on teinud Steamulation Pro X-st ainulaadse tipptasemel vesipiibu, on Steamulation Pro X II jaoks uuesti optimeeritud ja m\u00f5ned neist on isegi t\u00e4ielikult \u00fcmber kujundatud.<\/p>\n<p><strong>L\u00f5petamine:<\/strong><br \/>\nVesipiip<br \/>\nVoolikuadapter 1tk.<\/p>\n<p><strong>Omadused:<\/strong><br \/>\nK\u00f5rgus: 52 cm<br \/>\nKaal: ~ 4,8 kg<br \/>\nEemaldatav difuusor (mittereguleeritav)<br \/>\nMaterjal: roostevaba teras<br \/>\nKolb: klikis\u00fcsteemiga<\/p>\n<p><strong>Lisaks saadaval:<\/strong><br \/>\nHuulik<br \/>\nSilikoonvoolik<br \/>\n<img decoding=\"async\" loading=\"lazy\" class=\"alignnone size-medium wp-image-38512\" src=\"https:\/\/hookahshop.lt\/wp-content\/uploads\/2022\/06\/mazu-aladinu-komplektacija-1-300x273.jpg\" alt=\"- hookahshop.lt\" width=\"300\" height=\"273\" srcset=\"https:\/\/hookahshop.lt\/wp-content\/uploads\/2022\/06\/mazu-aladinu-komplektacija-1-300x273.jpg 300w, https:\/\/hookahshop.lt\/wp-content\/uploads\/2022\/06\/mazu-aladinu-komplektacija-1-13x12.jpg 13w, https:\/\/hookahshop.lt\/wp-content\/uploads\/2022\/06\/mazu-aladinu-komplektacija-1-64x58.jpg 64w, https:\/\/hookahshop.lt\/wp-content\/uploads\/2022\/06\/mazu-aladinu-komplektacija-1.jpg 420w\" sizes=\"(max-width: 300px) 100vw, 300px\" title=\"\"><\/p>\n<p>Kas teil on k\u00fcsimusi? v\u00f5ta meiega \u00fchendust\u00a0<a href=\"https:\/\/hookahshop.lt\/et\/kontaktid\/\">kontaktide leht<\/a>\u00a0v\u00f5i saatke meile e-kiri aadressil\u00a0<a href=\"https:\/\/facebook.com\/HookahShop.lt\/\" target=\"_blank\" rel=\"noopener noreferrer\">Facebooki konto<\/a>\u00a0ja vastame teie taotlusele samal p\u00e4eval.<\/p>","protected":false},"excerpt":{"rendered":"<p>Vesipiibu STEAMULATION Pro X II Black Matt Selle vesipiibu funktsioonide kombinatsioon tagab, et iga kasutaja leiab oma vajadustele sobiva seade. See on vesipiip, millel on maailmas k\u00f5ige rohkem funktsioone ja kohandamisv\u00f5imalusi! Steamulation Pro X II-ga esitleme uhkusega populaarse Steamulation Pro X j\u00e4rglast. K\u00f5ik funktsioonid ja funktsioonid, mis muudavad Steamulation Pro X-i [\u2026]<\/p>","protected":false},"featured_media":41457,"comment_status":"open","ping_status":"closed","template":"","meta":[],"_links":{"self":[{"href":"https:\/\/hookahshop.lt\/et\/wp-json\/wp\/v2\/product\/31329"}],"collection":[{"href":"https:\/\/hookahshop.lt\/et\/wp-json\/wp\/v2\/product"}],"about":[{"href":"https:\/\/hookahshop.lt\/et\/wp-json\/wp\/v2\/types\/product"}],"replies":[{"embeddable":true,"href":"https:\/\/hookahshop.lt\/et\/wp-json\/wp\/v2\/comments?post=31329"}],"version-history":[{"count":7,"href":"https:\/\/hookahshop.lt\/et\/wp-json\/wp\/v2\/product\/31329\/revisions"}],"predecessor-version":[{"id":45365,"href":"https:\/\/hookahshop.lt\/et\/wp-json\/wp\/v2\/product\/31329\/revisions\/45365"}],"wp:featuredmedia":[{"embeddable":true,"href":"https:\/\/hookahshop.lt\/et\/wp-json\/wp\/v2\/media\/41457"}],"wp:attachment":[{"href":"https:\/\/hookahshop.lt\/et\/wp-json\/wp\/v2\/media?parent=31329"}],"curies":[{"name":"wp","href":"https:\/\/api.w.org\/{rel}","templated":true}]}}