{"id":31343,"date":"2022-02-16T15:42:34","date_gmt":"2022-02-16T13:42:34","guid":{"rendered":"https:\/\/hookahshop.lt\/?post_type=product&#038;p=31343"},"modified":"2026-04-15T12:29:26","modified_gmt":"2026-04-15T09:29:26","slug":"kandiklis-kaljanui-steamulation-konus-one-black","status":"publish","type":"product","link":"https:\/\/hookahshop.lt\/et\/toode\/huuliku-vesipiibu-aurutamiskoonused-uks-must\/","title":{"rendered":"STEAMULATION Konus One Black konks"},"content":{"rendered":"<h2>STEAMULATION Konus One Black konks<\/h2>\n<p>Toodetud k\u00f5rgeima t\u00e4psusega Saksamaal. See on valmistatud kvaliteetsest alumiiniumist ja v\u00e4rvitud p\u00e4rast anodeerimist mustaks. Anodeeritud pind avaldab muljet mitte ainult s\u00fcgavmusta v\u00e4rviga, vaid ka materjali t\u00e4iustatud omadustega: kate kaitseb kriimustuste ja korrosiooni eest, tagades huuliku vastupidavuse. Selge disaini p\u00f5hielemendid on s\u00fcgavmust v\u00e4rv, laser Steamulation kaubam\u00e4rk ja koonusekujuline struktuur. Conuse tehnoloogia on loodud sobima huuliku ja vesipiibu vooliku \u00fchenduste vahele. Juhul, kui suitsetamise ajal ei kasutata k\u00f5iki \u00fchendusi, v\u00f5ib huuliku sisestada kasutamata \u00fchendustesse, et kasutada seda nutika salvestusseadmena. Nii et saate suitsetamisest pausi teha millal iganes soovite. Nii et see huulik loob \u00fclimugava suitsetamise.<\/p>\n<p><strong>Omadused:<\/strong><br \/>\nPikkus: 240 mm<br \/>\nKaal: 100 g<br \/>\nSisemine l\u00e4bim\u00f5\u00f5t: 10 mm<br \/>\nV\u00e4lisl\u00e4bim\u00f5\u00f5t: 19 mm<\/p>\n<p>Kas teil on k\u00fcsimusi? v\u00f5ta meiega \u00fchendust\u00a0<a href=\"https:\/\/hookahshop.lt\/et\/kontaktid\/\">kontaktide leht<\/a>\u00a0v\u00f5i saatke meile e-kiri aadressil\u00a0<a href=\"https:\/\/facebook.com\/HookahShop.lt\/\" target=\"_blank\" rel=\"noopener noreferrer\">Facebooki konto<\/a>\u00a0ja vastame teie taotlusele samal p\u00e4eval.<\/p>","protected":false},"excerpt":{"rendered":"<p>Vesipiibu huulik STEAMULATION Konus One Black Toodetud k\u00f5rgeima t\u00e4psusega Saksamaal. See on valmistatud kvaliteetsest alumiiniumist ja v\u00e4rvitud p\u00e4rast anodeerimist mustaks. Anodeeritud pind \u00fcllatab mitte ainult oma s\u00fcgavmusta v\u00e4rviga, vaid ka t\u00e4iustatud materjaliomadustega: kate kaitseb kriimustuste ja korrosiooni eest, tagades huuliku vastupidavuse. Selge disaini p\u00f5hielemendid on s\u00fcgavmust, laser Steamulation kaubam\u00e4rgiga [\u2026]<\/p>","protected":false},"featured_media":31351,"comment_status":"open","ping_status":"closed","template":"","meta":[],"_links":{"self":[{"href":"https:\/\/hookahshop.lt\/et\/wp-json\/wp\/v2\/product\/31343"}],"collection":[{"href":"https:\/\/hookahshop.lt\/et\/wp-json\/wp\/v2\/product"}],"about":[{"href":"https:\/\/hookahshop.lt\/et\/wp-json\/wp\/v2\/types\/product"}],"replies":[{"embeddable":true,"href":"https:\/\/hookahshop.lt\/et\/wp-json\/wp\/v2\/comments?post=31343"}],"version-history":[{"count":4,"href":"https:\/\/hookahshop.lt\/et\/wp-json\/wp\/v2\/product\/31343\/revisions"}],"predecessor-version":[{"id":33315,"href":"https:\/\/hookahshop.lt\/et\/wp-json\/wp\/v2\/product\/31343\/revisions\/33315"}],"wp:featuredmedia":[{"embeddable":true,"href":"https:\/\/hookahshop.lt\/et\/wp-json\/wp\/v2\/media\/31351"}],"wp:attachment":[{"href":"https:\/\/hookahshop.lt\/et\/wp-json\/wp\/v2\/media?parent=31343"}],"curies":[{"name":"wp","href":"https:\/\/api.w.org\/{rel}","templated":true}]}}