{"id":31365,"date":"2022-02-16T16:29:50","date_gmt":"2022-02-16T14:29:50","guid":{"rendered":"https:\/\/hookahshop.lt\/?post_type=product&#038;p=31365"},"modified":"2026-04-22T23:29:40","modified_gmt":"2026-04-22T20:29:40","slug":"znyples-kaljano-anglims-aladin-wing-rainbow","status":"publish","type":"product","link":"https:\/\/hookahshop.lt\/et\/toode\/vesipiibu-soetangid-aladin-wing-rainbow\/","title":{"rendered":"Vesipiibu s\u00f6etangid ALADIN Wing Rainbow"},"content":{"rendered":"<h2>Vesipiibu s\u00f6etangid ALADIN Wing Rainbow<\/h2>\n<p>Eksootiline ja uuenduslik disain tagab tangide mitmekesisuse kodus. Ka tangide paksus ja materjal valiti teadlikult, et tagada maksimaalne stabiilsus. See on m\u00e4rgatav ka tangide kasutamisel, mida tuleb kasutada suurema j\u00f5uga kui tavalisi s\u00f6etange.<\/p>\n<p>Pikkus: 23 cm.<\/p>\n<p>Kas teil on k\u00fcsimusi? v\u00f5ta meiega \u00fchendust\u00a0<a href=\"https:\/\/hookahshop.lt\/et\/kontaktid\/\">kontaktide leht<\/a>\u00a0v\u00f5i saatke meile e-kiri aadressil\u00a0<a href=\"https:\/\/facebook.com\/HookahShop.lt\/\" target=\"_blank\" rel=\"noopener noreferrer\">Facebooki konto<\/a>\u00a0ja vastame teie taotlusele samal p\u00e4eval.<\/p>","protected":false},"excerpt":{"rendered":"<p>Tangid vesipiibu s\u00f6e jaoks ALADIN Wing Rainbow Eksootiline ja uuenduslik disain tagab kodus mitmek\u00fclgse tangide valiku. Ka tangide paksus ja materjal on teadlikult valitud, et tagada maksimaalne stabiilsus. See on m\u00e4rgatav ka tangide kasutamisel, mida tuleb kasutada suurema j\u00f5uga kui tavalisi s\u00fcsiniktange. Pikkus: 23 cm. Kas teil on k\u00fcsimusi? V\u00f5tke meiega \u00fchendust kontaktide lehel v\u00f5i kirjutage [\u2026]<\/p>","protected":false},"featured_media":31366,"comment_status":"open","ping_status":"closed","template":"","meta":[],"_links":{"self":[{"href":"https:\/\/hookahshop.lt\/et\/wp-json\/wp\/v2\/product\/31365"}],"collection":[{"href":"https:\/\/hookahshop.lt\/et\/wp-json\/wp\/v2\/product"}],"about":[{"href":"https:\/\/hookahshop.lt\/et\/wp-json\/wp\/v2\/types\/product"}],"replies":[{"embeddable":true,"href":"https:\/\/hookahshop.lt\/et\/wp-json\/wp\/v2\/comments?post=31365"}],"version-history":[{"count":4,"href":"https:\/\/hookahshop.lt\/et\/wp-json\/wp\/v2\/product\/31365\/revisions"}],"predecessor-version":[{"id":45450,"href":"https:\/\/hookahshop.lt\/et\/wp-json\/wp\/v2\/product\/31365\/revisions\/45450"}],"wp:featuredmedia":[{"embeddable":true,"href":"https:\/\/hookahshop.lt\/et\/wp-json\/wp\/v2\/media\/31366"}],"wp:attachment":[{"href":"https:\/\/hookahshop.lt\/et\/wp-json\/wp\/v2\/media?parent=31365"}],"curies":[{"name":"wp","href":"https:\/\/api.w.org\/{rel}","templated":true}]}}