{"id":31523,"date":"2022-02-24T17:27:37","date_gmt":"2022-02-24T15:27:37","guid":{"rendered":"https:\/\/hookahshop.lt\/?post_type=product&#038;p=31523"},"modified":"2025-11-06T21:01:37","modified_gmt":"2025-11-06T19:01:37","slug":"kaljano-stovas-revolving-fog-tabula-black","status":"publish","type":"product","link":"https:\/\/hookahshop.lt\/et\/toode\/kaljano-stovas-poord-udu-tabula-must\/","title":{"rendered":"Vesipiibu alus REVOLVING FOG Tabula Must"},"content":{"rendered":"<h2>Vesipiibu alus REVOLVING FOG Tabula Must<\/h2>\n<p>Disainitud ja loodud selleks, et muuta vesipiibu suitsetamine veelgi nauditavamaks ja mugavamaks. See toode mitte ainult ei lisa oma valgustusega keskkonnale lisasarmi, vaid annab selle omanikule ka eksklusiivsuse.<br \/>\n<strong>Funktsioonid:<\/strong><br \/>\nTugev saar<br \/>\nM\u00f5eldud vesipiibu stabiilsuse tagamiseks.<br \/>\nV\u00f5imalus valida 3 v\u00e4rvi vahel, mis sobivad teie vesipiibuga v\u00f5i interj\u00f6\u00f6riga<br \/>\nLeedus valmistatud k\u00e4sitsi valmistatud toode<br \/>\nK\u00f5rgus: 4,3 cm<br \/>\nLaius: 25 cm<\/p>\n<p>Kas teil on k\u00fcsimusi? v\u00f5ta meiega \u00fchendust\u00a0<a href=\"https:\/\/hookahshop.lt\/et\/kontaktid\/\">kontaktide leht<\/a>\u00a0v\u00f5i saatke meile e-kiri aadressil\u00a0<a href=\"https:\/\/facebook.com\/HookahShop.lt\/\" target=\"_blank\" rel=\"noopener noreferrer\">Facebooki konto<\/a>\u00a0ja vastame teie taotlusele samal p\u00e4eval.<\/p>\n<p>&nbsp;<\/p>","protected":false},"excerpt":{"rendered":"<p>Vesipiibu alus REVOLVING FOG Tabula Black Loodud ja loodud selleks, et muuta vesipiibu suitsetamine veelgi meeldivamaks ja mugavamaks. See toode mitte ainult ei lisa oma valgustusega keskkonnale lisasarmi, vaid annab selle omanikule ka eksklusiivsuse. Omadused: T\u00e4ispuutuhk M\u00f5eldud vesipiibu stabiilsuse tagamiseks. Valikus on 3 v\u00e4rvi, mis sobivad teie vesipiibuga v\u00f5i [\u2026]<\/p>","protected":false},"featured_media":18043,"comment_status":"open","ping_status":"closed","template":"","meta":[],"_links":{"self":[{"href":"https:\/\/hookahshop.lt\/et\/wp-json\/wp\/v2\/product\/31523"}],"collection":[{"href":"https:\/\/hookahshop.lt\/et\/wp-json\/wp\/v2\/product"}],"about":[{"href":"https:\/\/hookahshop.lt\/et\/wp-json\/wp\/v2\/types\/product"}],"replies":[{"embeddable":true,"href":"https:\/\/hookahshop.lt\/et\/wp-json\/wp\/v2\/comments?post=31523"}],"version-history":[{"count":2,"href":"https:\/\/hookahshop.lt\/et\/wp-json\/wp\/v2\/product\/31523\/revisions"}],"predecessor-version":[{"id":33886,"href":"https:\/\/hookahshop.lt\/et\/wp-json\/wp\/v2\/product\/31523\/revisions\/33886"}],"wp:featuredmedia":[{"embeddable":true,"href":"https:\/\/hookahshop.lt\/et\/wp-json\/wp\/v2\/media\/18043"}],"wp:attachment":[{"href":"https:\/\/hookahshop.lt\/et\/wp-json\/wp\/v2\/media?parent=31523"}],"curies":[{"name":"wp","href":"https:\/\/api.w.org\/{rel}","templated":true}]}}