{"id":31557,"date":"2022-03-04T15:52:44","date_gmt":"2022-03-04T13:52:44","guid":{"rendered":"https:\/\/hookahshop.lt\/?post_type=product&#038;p=31557"},"modified":"2026-04-15T23:29:21","modified_gmt":"2026-04-15T20:29:21","slug":"sakute-yla-blade-gold","status":"publish","type":"product","link":"https:\/\/hookahshop.lt\/et\/toode\/sakute-yla-blade-gold\/","title":{"rendered":"Kahvel on BLADE Gold"},"content":{"rendered":"<h2>Kahvel on BLADE Gold<\/h2>\n<p>Pakkige puhaste k\u00e4tega t\u00e4iuslik tass. Laitmatu kvaliteetne aksessuaar.<\/p>\n<p><strong>Spetsifikatsioon:<\/strong><br \/>\nMaterjal: roostevaba teras<br \/>\nV\u00e4rvus: kuldne<br \/>\nPikkus: 16 cm<br \/>\nLaius: 1,5 cm<br \/>\nKaal: 40g.<\/p>\n<p>&nbsp;<\/p>\n<p>Kas teil on k\u00fcsimusi? v\u00f5ta meiega \u00fchendust\u00a0<a href=\"https:\/\/hookahshop.lt\/et\/kontaktid\/\">kontaktide leht<\/a>\u00a0v\u00f5i saatke meile e-kiri aadressil\u00a0<a href=\"https:\/\/facebook.com\/HookahShop.lt\/\" target=\"_blank\" rel=\"noopener noreferrer\">Facebooki konto<\/a>\u00a0ja vastame teie taotlusele samal p\u00e4eval.<\/p>","protected":false},"excerpt":{"rendered":"<p>Fork yla BLADE Gold Pakkige puhaste k\u00e4tega t\u00e4iuslik klaas. Laitmatult, kvaliteetselt t\u00f6\u00f6deldud aksessuaar. Spetsifikatsioon: Materjal: roostevaba teras V\u00e4rv: kuldne Pikkus: 16cm Laius: 1,5cm Kaal: 40g.  Kas teil on k\u00fcsimusi? V\u00f5tke meiega \u00fchendust kontaktide lehel v\u00f5i kirjutage meile meie Facebooki kontol ja vastame teie p\u00e4ringule samal p\u00e4eval.<\/p>","protected":false},"featured_media":31558,"comment_status":"open","ping_status":"closed","template":"","meta":[],"_links":{"self":[{"href":"https:\/\/hookahshop.lt\/et\/wp-json\/wp\/v2\/product\/31557"}],"collection":[{"href":"https:\/\/hookahshop.lt\/et\/wp-json\/wp\/v2\/product"}],"about":[{"href":"https:\/\/hookahshop.lt\/et\/wp-json\/wp\/v2\/types\/product"}],"replies":[{"embeddable":true,"href":"https:\/\/hookahshop.lt\/et\/wp-json\/wp\/v2\/comments?post=31557"}],"version-history":[{"count":3,"href":"https:\/\/hookahshop.lt\/et\/wp-json\/wp\/v2\/product\/31557\/revisions"}],"predecessor-version":[{"id":33175,"href":"https:\/\/hookahshop.lt\/et\/wp-json\/wp\/v2\/product\/31557\/revisions\/33175"}],"wp:featuredmedia":[{"embeddable":true,"href":"https:\/\/hookahshop.lt\/et\/wp-json\/wp\/v2\/media\/31558"}],"wp:attachment":[{"href":"https:\/\/hookahshop.lt\/et\/wp-json\/wp\/v2\/media?parent=31557"}],"curies":[{"name":"wp","href":"https:\/\/api.w.org\/{rel}","templated":true}]}}