{"id":31565,"date":"2022-03-05T16:24:01","date_gmt":"2022-03-05T14:24:01","guid":{"rendered":"https:\/\/hookahshop.lt\/?post_type=product&#038;p=31565"},"modified":"2026-04-15T23:29:21","modified_gmt":"2026-04-15T20:29:21","slug":"taurele-kaljanui-oblako-killer-glazed-purple-marble","status":"publish","type":"product","link":"https:\/\/hookahshop.lt\/et\/toode\/taurele-kaljanui-oblako-killer-glasuuritud-lilla-marmor\/","title":{"rendered":"Vesipiibu tass OBLAKO Killer Glazed Purple Marble"},"content":{"rendered":"<h2>Vesipiibu tass OBLAKO Killer Glazed Purple Marble<\/h2>\n<p>See on klassikaline klaasitud tass, mis sobib igat t\u00fc\u00fcpi tubakale, minimaalseks kuumuse kontrollimiseks!<br \/>\nTass on kaetud glasuuriga, t\u00e4nu millele suudab see pikka aega s\u00e4ilitada oma esialgsed omadused ja v\u00e4limuse. OBLAKO kasutab ainult inims\u00f5bralikku toiduglasuuri, mille on v\u00e4lja t\u00f6\u00f6tanud partnerid spetsialiseeritud laborites, mis asuvad Venemaal \u00fches traditsioonilises keraamikatootmiskeskuses Gzhelskojes.<\/p>\n<p>Tassit\u00e4is tubakat mahutab 25-30 g.<\/p>\n<p>Spetsifikatsioonid:<br \/>\nK\u00f5rgus: 120mm<br \/>\nL\u00e4bim\u00f5\u00f5t (v\u00e4limine): 72 mm<br \/>\nL\u00e4bim\u00f5\u00f5t (sisemine): 62mm<br \/>\nS\u00fcgavus: 15mm<br \/>\nAva l\u00e4bim\u00f5\u00f5t: 8mm<br \/>\nAukude arv: 5<br \/>\nKaal: umbes 197 g.<\/p>\n<p>Kas teil on k\u00fcsimusi? v\u00f5ta meiega \u00fchendust\u00a0<a href=\"https:\/\/hookahshop.lt\/et\/kontaktid\/\">kontaktide leht<\/a>\u00a0v\u00f5i saatke meile e-kiri aadressil\u00a0<a href=\"https:\/\/facebook.com\/HookahShop.lt\/\" target=\"_blank\" rel=\"noopener noreferrer\">Facebooki konto<\/a>\u00a0ja vastame teie taotlusele samal p\u00e4eval.<\/p>","protected":false},"excerpt":{"rendered":"<p>Vesipiibu tass OBLAKO Killer Glazed Purple Marble See on klassikaline glasuuritud tass, mis sobib igat t\u00fc\u00fcpi tubakale, minimaalse kuumuse reguleerimisega! Tass on kaetud glasuuriga, t\u00e4nu millele suudab see kaua s\u00e4ilitada oma esialgsed omadused ja v\u00e4limus. OBLAKO kasutab ainult inims\u00f5bralikku s\u00f6\u00f6davat glasuuri, mille on v\u00e4lja t\u00f6\u00f6tanud partnerid spetsialiseeritud laborites, mis asuvad Gzhelskojes, Venemaa keraamika tootmise \u00fches traditsioonilises keskuses. Klaas tubakat [\u2026]<\/p>","protected":false},"featured_media":31570,"comment_status":"open","ping_status":"closed","template":"","meta":[],"_links":{"self":[{"href":"https:\/\/hookahshop.lt\/et\/wp-json\/wp\/v2\/product\/31565"}],"collection":[{"href":"https:\/\/hookahshop.lt\/et\/wp-json\/wp\/v2\/product"}],"about":[{"href":"https:\/\/hookahshop.lt\/et\/wp-json\/wp\/v2\/types\/product"}],"replies":[{"embeddable":true,"href":"https:\/\/hookahshop.lt\/et\/wp-json\/wp\/v2\/comments?post=31565"}],"version-history":[{"count":3,"href":"https:\/\/hookahshop.lt\/et\/wp-json\/wp\/v2\/product\/31565\/revisions"}],"predecessor-version":[{"id":37920,"href":"https:\/\/hookahshop.lt\/et\/wp-json\/wp\/v2\/product\/31565\/revisions\/37920"}],"wp:featuredmedia":[{"embeddable":true,"href":"https:\/\/hookahshop.lt\/et\/wp-json\/wp\/v2\/media\/31570"}],"wp:attachment":[{"href":"https:\/\/hookahshop.lt\/et\/wp-json\/wp\/v2\/media?parent=31565"}],"curies":[{"name":"wp","href":"https:\/\/api.w.org\/{rel}","templated":true}]}}