{"id":31578,"date":"2022-03-05T18:06:46","date_gmt":"2022-03-05T16:06:46","guid":{"rendered":"https:\/\/hookahshop.lt\/?post_type=product&#038;p=31578"},"modified":"2026-04-17T23:29:45","modified_gmt":"2026-04-17T20:29:45","slug":"kolba-kaljanui-craft-blue-rainbow","status":"publish","type":"product","link":"https:\/\/hookahshop.lt\/et\/toode\/kolb-kaljanui-kasitoo-sinine-vikerkaar\/","title":{"rendered":"Vesipiibu kolb CRAFT Blue Rainbow"},"content":{"rendered":"<h2>Vesipiibu kolb CRAFT Blue Rainbow<\/h2>\n<p>Sellel on l\u00e4bipaistev v\u00e4rv, suitsune efekt ning l\u00e4ikiva pinna t\u00f5ttu veelgi \u0161ikim ja eksklusiivsem v\u00e4rviilme. Sobib peaaegu k\u00f5ikidele kaasaegsetele vesipiipudele. Kolvi \u00e4\u00e4r aitab teil vesipiipu mugavalt k\u00e4es hoida, et see ei libiseks k\u00e4est. See kolb on kaetud kvaliteetse v\u00e4rviga, mis aitab s\u00e4ilitada aja jooksul kolvi pilti, nagu oleks see uus isegi p\u00e4rast paljusid kasutusi. Sellel kolvil on paksud seinad. Paksud seinad tagavad halva heliisolatsiooni, mis on ilma difuusorita suitsetamiseks piisavalt oluline.<\/p>\n<p><strong><span title=\"\">Spetsifikatsioonid:<\/span><\/strong><br \/>\nK\u00f5rgus: 259 mm<br \/>\nKaal: ~ 1410 g<br \/>\nV\u00e4lise augu l\u00e4bim\u00f5\u00f5t: 73 mm<br \/>\nSisemine augu l\u00e4bim\u00f5\u00f5t: 45 mm<br \/>\nToote materjal: klaas<\/p>\n<p>Kas teil on k\u00fcsimusi? v\u00f5ta meiega \u00fchendust\u00a0<a href=\"https:\/\/hookahshop.lt\/et\/kontaktid\/\">kontaktide leht<\/a>\u00a0v\u00f5i saatke meile e-kiri aadressil\u00a0<a href=\"https:\/\/facebook.com\/HookahShop.lt\/\" target=\"_blank\" rel=\"noopener noreferrer\">Facebooki konto<\/a>\u00a0ja vastame teie taotlusele samal p\u00e4eval.<\/p>","protected":false},"excerpt":{"rendered":"<p>Vesipiibu kolb CRAFT Blue Rainbow Sellel on suitsuse efektiga l\u00e4bipaistev v\u00e4rv ning t\u00e4nu l\u00e4ikivale pinnale on see veelgi \u0161ikim ja eksklusiivsem v\u00e4rviilme. Sobib peaaegu k\u00f5ikidele kaasaegsetele vesipiipudele. Kolvi \u00e4\u00e4r aitab vesipiipu mugavalt k\u00e4es hoida, et see k\u00e4est ei libiseks. See kolb on kaetud kvaliteetse v\u00e4rviga, mis aitab hoida kolbi v\u00e4ljan\u00e4gemist nagu see oli [\u2026]<\/p>","protected":false},"featured_media":31579,"comment_status":"open","ping_status":"closed","template":"","meta":[],"_links":{"self":[{"href":"https:\/\/hookahshop.lt\/et\/wp-json\/wp\/v2\/product\/31578"}],"collection":[{"href":"https:\/\/hookahshop.lt\/et\/wp-json\/wp\/v2\/product"}],"about":[{"href":"https:\/\/hookahshop.lt\/et\/wp-json\/wp\/v2\/types\/product"}],"replies":[{"embeddable":true,"href":"https:\/\/hookahshop.lt\/et\/wp-json\/wp\/v2\/comments?post=31578"}],"version-history":[{"count":7,"href":"https:\/\/hookahshop.lt\/et\/wp-json\/wp\/v2\/product\/31578\/revisions"}],"predecessor-version":[{"id":45013,"href":"https:\/\/hookahshop.lt\/et\/wp-json\/wp\/v2\/product\/31578\/revisions\/45013"}],"wp:featuredmedia":[{"embeddable":true,"href":"https:\/\/hookahshop.lt\/et\/wp-json\/wp\/v2\/media\/31579"}],"wp:attachment":[{"href":"https:\/\/hookahshop.lt\/et\/wp-json\/wp\/v2\/media?parent=31578"}],"curies":[{"name":"wp","href":"https:\/\/api.w.org\/{rel}","templated":true}]}}