{"id":31586,"date":"2022-03-05T18:46:32","date_gmt":"2022-03-05T16:46:32","guid":{"rendered":"https:\/\/hookahshop.lt\/?post_type=product&#038;p=31586"},"modified":"2026-04-17T23:29:45","modified_gmt":"2026-04-17T20:29:45","slug":"kolba-kaljanui-drop-tinted-pearl","status":"publish","type":"product","link":"https:\/\/hookahshop.lt\/et\/toode\/kolb-kaljanui-tilk-toonitud-parl\/","title":{"rendered":"Vesipiibu kolb DROP Tinted Pearl"},"content":{"rendered":"<h2>Vesipiibu kolb DROP Tinted Pearl<\/h2>\n<p>Kolb on valmistatud eranditult k\u00e4sitsi parimate klaasipuhuritega. Tilga kuju on turul \u00fcks populaarsemaid. N\u00e4eb hea v\u00e4lja k\u00f5igi vesipiipudega.<\/p>\n<p id=\"tw-target-text\" class=\"tw-data-text tw-text-large XcVN5d tw-ta\" dir=\"ltr\" data-placeholder=\"Vertimas\"><strong>Omadused:<\/strong><br \/>\nK\u00f5rgus: 27 cm<br \/>\nKaela sisel\u00e4bim\u00f5\u00f5t: 4,5 cm<br \/>\nKaela v\u00e4lisl\u00e4bim\u00f5\u00f5t: 7,2 cm<br \/>\nKaal: 1,5 kg<\/p>\n<p dir=\"ltr\" data-placeholder=\"Vertimas\">Kas teil on k\u00fcsimusi? v\u00f5ta meiega \u00fchendust\u00a0<a href=\"https:\/\/hookahshop.lt\/et\/kontaktid\/\">kontaktide leht<\/a>\u00a0v\u00f5i saatke meile e-kiri aadressil\u00a0<a href=\"https:\/\/facebook.com\/HookahShop.lt\/\" target=\"_blank\" rel=\"noopener noreferrer\">Facebooki konto<\/a>\u00a0ja vastame teie taotlusele samal p\u00e4eval.<\/p>","protected":false},"excerpt":{"rendered":"<p>Vesipiibu termos DROP Tinted Pearl Termos on valmistatud k\u00e4sit\u00f6\u00f6na parimate klaasipuhujate poolt. Tilgakuju on \u00fcks populaarsemaid turul. Sobib suurep\u00e4raselt k\u00f5ikide vesipiipudega. Omadused: K\u00f5rgus: 27 cm Kaela sisel\u00e4bim\u00f5\u00f5t: 4,5 cm Kaela v\u00e4lisl\u00e4bim\u00f5\u00f5t: 7,2 cm Kaal: 1,5 kg Kas teil on k\u00fcsimusi? V\u00f5tke meiega \u00fchendust kontaktide lehel v\u00f5i kirjutage meile Facebookis ja me vastame teie p\u00e4ringule esimesel v\u00f5imalusel.<\/p>","protected":false},"featured_media":31587,"comment_status":"open","ping_status":"closed","template":"","meta":[],"_links":{"self":[{"href":"https:\/\/hookahshop.lt\/et\/wp-json\/wp\/v2\/product\/31586"}],"collection":[{"href":"https:\/\/hookahshop.lt\/et\/wp-json\/wp\/v2\/product"}],"about":[{"href":"https:\/\/hookahshop.lt\/et\/wp-json\/wp\/v2\/types\/product"}],"replies":[{"embeddable":true,"href":"https:\/\/hookahshop.lt\/et\/wp-json\/wp\/v2\/comments?post=31586"}],"version-history":[{"count":5,"href":"https:\/\/hookahshop.lt\/et\/wp-json\/wp\/v2\/product\/31586\/revisions"}],"predecessor-version":[{"id":33581,"href":"https:\/\/hookahshop.lt\/et\/wp-json\/wp\/v2\/product\/31586\/revisions\/33581"}],"wp:featuredmedia":[{"embeddable":true,"href":"https:\/\/hookahshop.lt\/et\/wp-json\/wp\/v2\/media\/31587"}],"wp:attachment":[{"href":"https:\/\/hookahshop.lt\/et\/wp-json\/wp\/v2\/media?parent=31586"}],"curies":[{"name":"wp","href":"https:\/\/api.w.org\/{rel}","templated":true}]}}