{"id":31592,"date":"2022-03-05T18:58:45","date_gmt":"2022-03-05T16:58:45","guid":{"rendered":"https:\/\/hookahshop.lt\/?post_type=product&#038;p=31592"},"modified":"2026-04-22T23:29:41","modified_gmt":"2026-04-22T20:29:41","slug":"kolba-kaljanui-drop-black-gloss","status":"publish","type":"product","link":"https:\/\/hookahshop.lt\/et\/toode\/kolb-kaljanui-tilk-must-laikega\/","title":{"rendered":"Vesipiibu kolb DROP Black Gloss"},"content":{"rendered":"<h2>Vesipiibu kolb DROP Black Gloss<\/h2>\n<p>Must l\u00e4ikiv kolb, mis on valmistatud eranditult k\u00e4sitsi parimatest klaasipuhuritest. Tilga kuju on turul \u00fcks populaarsemaid. N\u00e4eb hea v\u00e4lja k\u00f5igi vesipiipudega.<\/p>\n<p id=\"tw-target-text\" class=\"tw-data-text tw-text-large XcVN5d tw-ta\" dir=\"ltr\" data-placeholder=\"Vertimas\"><strong>Omadused:<\/strong><br \/>\nK\u00f5rgus: 27 cm<br \/>\nKaela sisel\u00e4bim\u00f5\u00f5t: 4,5 cm<br \/>\nKaela v\u00e4lisl\u00e4bim\u00f5\u00f5t: 7,2 cm<br \/>\nKaal: 1,5 kg<\/p>\n<p dir=\"ltr\" data-placeholder=\"Vertimas\">Kas teil on k\u00fcsimusi? v\u00f5ta meiega \u00fchendust\u00a0<a href=\"https:\/\/hookahshop.lt\/et\/kontaktid\/\">kontaktide leht<\/a>\u00a0v\u00f5i saatke meile e-kiri aadressil\u00a0<a href=\"https:\/\/facebook.com\/HookahShop.lt\/\" target=\"_blank\" rel=\"noopener noreferrer\">Facebooki konto<\/a>\u00a0ja vastame teie taotlusele samal p\u00e4eval.<\/p>","protected":false},"excerpt":{"rendered":"<p>Vesipiibu kolb DROP Black Gloss Must l\u00e4ikiv kolb, valmistatud eranditult k\u00e4sitsi parimate klaasipuhujate poolt. Tilkvorm on turul \u00fcks populaarsemaid. N\u00e4eb hea v\u00e4lja k\u00f5igi vesipiipudega. Omadused: K\u00f5rgus: 27 cm Kaela sisel\u00e4bim\u00f5\u00f5t: 4,5 cm Kaela v\u00e4lisl\u00e4bim\u00f5\u00f5t: 7,2 cm Kaal: 1,5 kg Kas teil on k\u00fcsimusi? V\u00f5tke meiega \u00fchendust kontaktide lehel v\u00f5i kirjutage meile meie Facebooki kontol ja me vastame teie [\u2026]<\/p>","protected":false},"featured_media":31593,"comment_status":"open","ping_status":"closed","template":"","meta":[],"_links":{"self":[{"href":"https:\/\/hookahshop.lt\/et\/wp-json\/wp\/v2\/product\/31592"}],"collection":[{"href":"https:\/\/hookahshop.lt\/et\/wp-json\/wp\/v2\/product"}],"about":[{"href":"https:\/\/hookahshop.lt\/et\/wp-json\/wp\/v2\/types\/product"}],"replies":[{"embeddable":true,"href":"https:\/\/hookahshop.lt\/et\/wp-json\/wp\/v2\/comments?post=31592"}],"version-history":[{"count":5,"href":"https:\/\/hookahshop.lt\/et\/wp-json\/wp\/v2\/product\/31592\/revisions"}],"predecessor-version":[{"id":33580,"href":"https:\/\/hookahshop.lt\/et\/wp-json\/wp\/v2\/product\/31592\/revisions\/33580"}],"wp:featuredmedia":[{"embeddable":true,"href":"https:\/\/hookahshop.lt\/et\/wp-json\/wp\/v2\/media\/31593"}],"wp:attachment":[{"href":"https:\/\/hookahshop.lt\/et\/wp-json\/wp\/v2\/media?parent=31592"}],"curies":[{"name":"wp","href":"https:\/\/api.w.org\/{rel}","templated":true}]}}