{"id":31654,"date":"2022-03-08T23:08:25","date_gmt":"2022-03-08T21:08:25","guid":{"rendered":"https:\/\/hookahshop.lt\/?post_type=product&#038;p=31654"},"modified":"2026-05-14T23:29:38","modified_gmt":"2026-05-14T20:29:38","slug":"kaljanas-izzy-classic-v2","status":"publish","type":"product","link":"https:\/\/hookahshop.lt\/et\/toode\/vesipiibu-izzy-klassikaline-v2\/","title":{"rendered":"Vesipiip IZZY Classic V2"},"content":{"rendered":"<h2>Vesipiip IZZY Classic V2<\/h2>\n<p>Minimaalne disain, hajuti veoj\u00f5uga (hajuti eemaldab - neile, kellele meeldib klassikaline veoj\u00f5ud) valmistatud kvaliteetsest roostevabast terasest AISI 304 ja pol\u00fcatsetaalist.<\/p>\n<p><strong>Omadused:<\/strong><br \/>\nK\u00f5rgus: 49 cm<br \/>\nVarre l\u00e4bim\u00f5\u00f5t: 1,3 cm<br \/>\n\u00dchendus: O-r\u00f5ngas<br \/>\nHajuti: jah<br \/>\nMaterjal: roostevaba teras ja pol\u00fcatsetaal<\/p>\n<p><strong>Varustus:<\/strong><br \/>\nVesipiibu v\u00f5ll, plaat, huulik, tihendid, uksehoidja, difuusor.<\/p>\n<p>&nbsp;<\/p>\n<p>Kas teil on k\u00fcsimusi? v\u00f5ta meiega \u00fchendust\u00a0<a href=\"https:\/\/hookahshop.lt\/et\/kontaktid\/\">kontaktide leht<\/a>\u00a0v\u00f5i saatke meile e-kiri aadressil\u00a0<a href=\"https:\/\/facebook.com\/HookahShop.lt\/\" target=\"_blank\" rel=\"noopener noreferrer\">Facebooki konto<\/a>\u00a0ja vastame teie taotlusele samal p\u00e4eval.<\/p>","protected":false},"excerpt":{"rendered":"<p>Vesipiip IZZY Classic V2 Minimaalne disain, hajuti t\u00f5mbej\u00f5uga (hajuti on eemaldatav - neile, kellele meeldib klassikaline t\u00f5mme) valmistatud kvaliteetsest roostevabast terasest AISI 304 ja pol\u00fcatsetaalist. Omadused: K\u00f5rgus: 49cm V\u00f5lli l\u00e4bim\u00f5\u00f5t: 1,3cm \u00dchendus: O-r\u00f5ngas Hajuti: Jah Materjal: Roostevaba teras ja pol\u00fcatsetaal T\u00e4ielik komplekt: Vesipiibu v\u00f5ll, plaat, huulik, vahet\u00fckid, pistik, difuusor.  Kas teil on k\u00fcsimusi? V\u00f5tke meiega \u00fchendust kontaktide lehel v\u00f5i [\u2026]<\/p>","protected":false},"featured_media":31658,"comment_status":"open","ping_status":"closed","template":"","meta":[],"_links":{"self":[{"href":"https:\/\/hookahshop.lt\/et\/wp-json\/wp\/v2\/product\/31654"}],"collection":[{"href":"https:\/\/hookahshop.lt\/et\/wp-json\/wp\/v2\/product"}],"about":[{"href":"https:\/\/hookahshop.lt\/et\/wp-json\/wp\/v2\/types\/product"}],"replies":[{"embeddable":true,"href":"https:\/\/hookahshop.lt\/et\/wp-json\/wp\/v2\/comments?post=31654"}],"version-history":[{"count":4,"href":"https:\/\/hookahshop.lt\/et\/wp-json\/wp\/v2\/product\/31654\/revisions"}],"predecessor-version":[{"id":31660,"href":"https:\/\/hookahshop.lt\/et\/wp-json\/wp\/v2\/product\/31654\/revisions\/31660"}],"wp:featuredmedia":[{"embeddable":true,"href":"https:\/\/hookahshop.lt\/et\/wp-json\/wp\/v2\/media\/31658"}],"wp:attachment":[{"href":"https:\/\/hookahshop.lt\/et\/wp-json\/wp\/v2\/media?parent=31654"}],"curies":[{"name":"wp","href":"https:\/\/api.w.org\/{rel}","templated":true}]}}