{"id":31675,"date":"2022-03-09T14:11:05","date_gmt":"2022-03-09T12:11:05","guid":{"rendered":"https:\/\/hookahshop.lt\/?post_type=product&#038;p=31675"},"modified":"2026-04-06T23:29:22","modified_gmt":"2026-04-06T20:29:22","slug":"anglys-kaljanui-fumelo-25mm-250g","status":"publish","type":"product","link":"https:\/\/hookahshop.lt\/et\/toode\/anglys-kaljanui-fumelo-26mm-250g\/","title":{"rendered":"S\u00fcsi vesipiibu jaoks FUMELO 25mm 250g"},"content":{"rendered":"<h2>S\u00fcsi vesipiibu jaoks FUMELO 25mm 250g<\/h2>\n<p>Need looduslikud kookoss\u00f6ed ei erita peaaegu p\u00f5lemisl\u00f5hna ega j\u00e4ta j\u00e4relmaitset. See s\u00fcsi ei j\u00e4ta palju tuhka ja sellel puuduvad t\u00e4iendavad aroomid. Nende s\u00f6ega ei pea te tuhka puhuma, sest need s\u00f6ed j\u00e4tavad p\u00f5lemisel v\u00e4ga v\u00e4he tuhka.<br \/>\n\u00dche s\u00fcsiniku m\u00f5\u00f5dud: 25x25x25mm<br \/>\nKarbis on 18 kivis\u00fctt (mugav reisimiseks).<br \/>\nEi sisalda keemilisi lisandeid.<br \/>\nSuitsutamisel ei muutu see peaaegu \u00fcldse l\u00f5hnas ega maitses.<br \/>\nS\u00f6e p\u00f5letamiseks vajate vesipiibu, turistide gaasipliidi vms jaoks elektrilist pliiti.<br \/>\nP\u00e4ritoluriik: Indoneesia<\/p>\n<p>Kas teil on k\u00fcsimusi? v\u00f5ta meiega \u00fchendust\u00a0<a href=\"https:\/\/hookahshop.lt\/et\/kontaktid\/\">kontaktide leht<\/a>\u00a0v\u00f5i saatke meile e-kiri aadressil\u00a0<a href=\"https:\/\/facebook.com\/HookahShop.lt\/\" target=\"_blank\" rel=\"noopener noreferrer\">Facebooki konto<\/a>\u00a0ja vastame teie taotlusele samal p\u00e4eval.<\/p>","protected":false},"excerpt":{"rendered":"<p>S\u00fcsi vesipiibu jaoks FUMELO 25mm 250g See naturaalne kookoss\u00fcsi ei eralda peaaegu mingit p\u00f5lemisl\u00f5hna ega j\u00e4ta j\u00e4relmaitset. See s\u00fcsi ei j\u00e4ta palju tuhka ja sellel pole t\u00e4iendavaid aroome. Nende s\u00f6e puhul ei pea te tuhka v\u00e4lja puhuma, kuna need s\u00f6ed j\u00e4tavad p\u00f5letamisel v\u00e4ga v\u00e4he tuhka. \u00dche s\u00fcsiniku m\u00f5\u00f5dud: 25x25x25mm Karbis on 18 s\u00fcsinikku (mugav reisimiseks). Ei sisalda keemilisi lisandeid. [\u2026]<\/p>","protected":false},"featured_media":31672,"comment_status":"open","ping_status":"closed","template":"","meta":[],"_links":{"self":[{"href":"https:\/\/hookahshop.lt\/et\/wp-json\/wp\/v2\/product\/31675"}],"collection":[{"href":"https:\/\/hookahshop.lt\/et\/wp-json\/wp\/v2\/product"}],"about":[{"href":"https:\/\/hookahshop.lt\/et\/wp-json\/wp\/v2\/types\/product"}],"replies":[{"embeddable":true,"href":"https:\/\/hookahshop.lt\/et\/wp-json\/wp\/v2\/comments?post=31675"}],"version-history":[{"count":5,"href":"https:\/\/hookahshop.lt\/et\/wp-json\/wp\/v2\/product\/31675\/revisions"}],"predecessor-version":[{"id":44647,"href":"https:\/\/hookahshop.lt\/et\/wp-json\/wp\/v2\/product\/31675\/revisions\/44647"}],"wp:featuredmedia":[{"embeddable":true,"href":"https:\/\/hookahshop.lt\/et\/wp-json\/wp\/v2\/media\/31672"}],"wp:attachment":[{"href":"https:\/\/hookahshop.lt\/et\/wp-json\/wp\/v2\/media?parent=31675"}],"curies":[{"name":"wp","href":"https:\/\/api.w.org\/{rel}","templated":true}]}}