{"id":31680,"date":"2022-03-09T15:00:54","date_gmt":"2022-03-09T13:00:54","guid":{"rendered":"https:\/\/hookahshop.lt\/?post_type=product&#038;p=31680"},"modified":"2026-04-17T23:29:46","modified_gmt":"2026-04-17T20:29:46","slug":"kaljanas-mattpear-simple-m-slim-black","status":"publish","type":"product","link":"https:\/\/hookahshop.lt\/et\/toode\/kaljanas-mattpear-liht-m-slim-must\/","title":{"rendered":"Vesipiip MATTPEAR Simple M Slim Black"},"content":{"rendered":"<h2>Vesipiip MATTPEAR Simple M Slim Black<\/h2>\n<p>See on taskukohane keskmise suurusega vesipiip, mis on valmistatud kvaliteetsest plastikust ja roostevabast terasest.<\/p>\n<p><strong>Selle mudeli eristavad omadused:<\/strong><\/p>\n<p>Keskosa on valmistatud kvaliteetsest plastikust.<br \/>\nP\u00f6\u00f6ratav hajuti vesipiibu t\u00f5mbe muutmiseks.<br \/>\nMast on keermestatud \u00fchendustega t\u00e4ielikult eemaldatav, muutes selle v\u00e4ga ruumikaks ja transpordiks mugavaks.<\/p>\n<p>Kas teil on k\u00fcsimusi? v\u00f5ta meiega \u00fchendust\u00a0<a href=\"https:\/\/hookahshop.lt\/et\/kontaktid\/\">kontaktide leht<\/a>\u00a0v\u00f5i saatke meile e-kiri aadressil\u00a0<a href=\"https:\/\/facebook.com\/HookahShop.lt\/\" target=\"_blank\" rel=\"noopener noreferrer\">Facebooki konto<\/a>\u00a0ja vastame teie taotlusele samal p\u00e4eval.<\/p>","protected":false},"excerpt":{"rendered":"<p>Vesipiip MATTPEAR Simple M Slim Black See on soodsa hinnaga keskmise suurusega vesipiip, mis on valmistatud kvaliteetsest plastikust ja roostevabast terasest. Selle mudeli erip\u00e4rad: keskosa on valmistatud kvaliteetsest plastikust. Keeratav hajuti vesipiibu t\u00f5mbamise muutmiseks. Vars on keermestatud \u00fchendustega t\u00e4ielikult eemaldatav, seega on see v\u00e4ga ruumikas ja h\u00f5lpsasti transporditav. Kas teil on k\u00fcsimusi? V\u00f5tke \u00fchendust [\u2026]<\/p>","protected":false},"featured_media":31689,"comment_status":"open","ping_status":"closed","template":"","meta":[],"_links":{"self":[{"href":"https:\/\/hookahshop.lt\/et\/wp-json\/wp\/v2\/product\/31680"}],"collection":[{"href":"https:\/\/hookahshop.lt\/et\/wp-json\/wp\/v2\/product"}],"about":[{"href":"https:\/\/hookahshop.lt\/et\/wp-json\/wp\/v2\/types\/product"}],"replies":[{"embeddable":true,"href":"https:\/\/hookahshop.lt\/et\/wp-json\/wp\/v2\/comments?post=31680"}],"version-history":[{"count":2,"href":"https:\/\/hookahshop.lt\/et\/wp-json\/wp\/v2\/product\/31680\/revisions"}],"predecessor-version":[{"id":31769,"href":"https:\/\/hookahshop.lt\/et\/wp-json\/wp\/v2\/product\/31680\/revisions\/31769"}],"wp:featuredmedia":[{"embeddable":true,"href":"https:\/\/hookahshop.lt\/et\/wp-json\/wp\/v2\/media\/31689"}],"wp:attachment":[{"href":"https:\/\/hookahshop.lt\/et\/wp-json\/wp\/v2\/media?parent=31680"}],"curies":[{"name":"wp","href":"https:\/\/api.w.org\/{rel}","templated":true}]}}