{"id":31685,"date":"2022-03-09T15:04:54","date_gmt":"2022-03-09T13:04:54","guid":{"rendered":"https:\/\/hookahshop.lt\/?post_type=product&#038;p=31685"},"modified":"2026-04-17T23:29:46","modified_gmt":"2026-04-17T20:29:46","slug":"kaljanas-mattpear-simple-m-slim-white","status":"publish","type":"product","link":"https:\/\/hookahshop.lt\/et\/toode\/kaljanas-mattpear-lihtne-m-slim-white\/","title":{"rendered":"Vesipiip MATTPEAR Simple M Slim White"},"content":{"rendered":"<h2>Vesipiip MATTPEAR Simple M Slim White<\/h2>\n<p>See on taskukohane keskmise suurusega vesipiip, mis on valmistatud kvaliteetsest plastikust ja roostevabast terasest.<\/p>\n<p><strong>Selle mudeli eristavad omadused:<\/strong><\/p>\n<p>Keskosa on valmistatud kvaliteetsest plastikust.<br \/>\nP\u00f6\u00f6ratav hajuti vesipiibu t\u00f5mbe muutmiseks.<br \/>\nMast on keermestatud \u00fchendustega t\u00e4ielikult eemaldatav, muutes selle v\u00e4ga ruumikaks ja transpordiks mugavaks.<\/p>\n<p><img decoding=\"async\" loading=\"lazy\" class=\"alignnone size-medium wp-image-38521\" src=\"https:\/\/hookahshop.lt\/wp-content\/uploads\/2020\/09\/stiebas-zarna-kandiklis-1-300x273.jpg\" alt=\"- hookahshop.lt\" width=\"300\" height=\"273\" srcset=\"https:\/\/hookahshop.lt\/wp-content\/uploads\/2020\/09\/stiebas-zarna-kandiklis-1-300x273.jpg 300w, https:\/\/hookahshop.lt\/wp-content\/uploads\/2020\/09\/stiebas-zarna-kandiklis-1-13x12.jpg 13w, https:\/\/hookahshop.lt\/wp-content\/uploads\/2020\/09\/stiebas-zarna-kandiklis-1-64x58.jpg 64w, https:\/\/hookahshop.lt\/wp-content\/uploads\/2020\/09\/stiebas-zarna-kandiklis-1.jpg 420w\" sizes=\"(max-width: 300px) 100vw, 300px\" title=\"\"><\/p>\n<p>Kas teil on k\u00fcsimusi? v\u00f5ta meiega \u00fchendust\u00a0<a href=\"https:\/\/hookahshop.lt\/et\/kontaktid\/\">kontaktide leht<\/a>\u00a0v\u00f5i saatke meile e-kiri aadressil\u00a0<a href=\"https:\/\/facebook.com\/HookahShop.lt\/\" target=\"_blank\" rel=\"noopener noreferrer\">Facebooki konto<\/a>\u00a0ja vastame teie taotlusele samal p\u00e4eval.<\/p>","protected":false},"excerpt":{"rendered":"<p>Vesipiip MATTPEAR Simple M Slim White See on soodsa hinnaga keskmise suurusega vesipiip, mis on valmistatud kvaliteetsest plastikust ja roostevabast terasest. Selle mudeli erip\u00e4rad: keskosa on valmistatud kvaliteetsest plastikust. Keeratav hajuti vesipiibu t\u00f5mbamise muutmiseks. Vars on keermestatud \u00fchendustega t\u00e4ielikult eemaldatav, seega on see v\u00e4ga ruumikas ja h\u00f5lpsasti transporditav. Kas teil on k\u00fcsimusi? V\u00f5tke \u00fchendust [\u2026]<\/p>","protected":false},"featured_media":31686,"comment_status":"open","ping_status":"closed","template":"","meta":[],"_links":{"self":[{"href":"https:\/\/hookahshop.lt\/et\/wp-json\/wp\/v2\/product\/31685"}],"collection":[{"href":"https:\/\/hookahshop.lt\/et\/wp-json\/wp\/v2\/product"}],"about":[{"href":"https:\/\/hookahshop.lt\/et\/wp-json\/wp\/v2\/types\/product"}],"replies":[{"embeddable":true,"href":"https:\/\/hookahshop.lt\/et\/wp-json\/wp\/v2\/comments?post=31685"}],"version-history":[{"count":4,"href":"https:\/\/hookahshop.lt\/et\/wp-json\/wp\/v2\/product\/31685\/revisions"}],"predecessor-version":[{"id":33917,"href":"https:\/\/hookahshop.lt\/et\/wp-json\/wp\/v2\/product\/31685\/revisions\/33917"}],"wp:featuredmedia":[{"embeddable":true,"href":"https:\/\/hookahshop.lt\/et\/wp-json\/wp\/v2\/media\/31686"}],"wp:attachment":[{"href":"https:\/\/hookahshop.lt\/et\/wp-json\/wp\/v2\/media?parent=31685"}],"curies":[{"name":"wp","href":"https:\/\/api.w.org\/{rel}","templated":true}]}}