{"id":31690,"date":"2022-03-09T15:27:40","date_gmt":"2022-03-09T13:27:40","guid":{"rendered":"https:\/\/hookahshop.lt\/?post_type=product&#038;p=31690"},"modified":"2026-04-17T23:29:46","modified_gmt":"2026-04-17T20:29:46","slug":"kaljanas-ykap-mini-m3-red-su-krepsiu","status":"publish","type":"product","link":"https:\/\/hookahshop.lt\/et\/toode\/hookah-ykap-mini-m3-red-su-krepsiu\/","title":{"rendered":"Vesipiip YKAP Mini M3 Punane kotiga"},"content":{"rendered":"<h2>Vesipiip YKAP Mini M3 Punane kotiga<\/h2>\n<p>See on v\u00e4ike ja kvaliteetne vesipiip, mis tagab meeldiva seansi ja sobib suurep\u00e4raselt reisimiseks. Komplektis pole mitte ainult kott vesipiipude jaoks, vaid ka kott aksessuaaride jaoks. Samuti on v\u00f5imalus vahetada punased vesipiibu siset\u00fckid mustade vastu. Vesipiip on valmistatud k\u00f5rgeima kvaliteediga materjalidest, mis tagab vesipiibu pikaealisuse. Kergesti t\u00f5mmatav konks.<\/p>\n<p><strong>Spetsifikatsioon:<\/strong><br \/>\nMaterjal: roostevaba teras ja plastik<br \/>\nSilikoonvoolik<br \/>\nO-r\u00f5nga pistik<br \/>\nSuitsu eemaldamine \u00fclalt alla (plaadi alt)<br \/>\nK\u00f5rgus: 38,5 cm<br \/>\nVesipiibu varre l\u00e4bim\u00f5\u00f5t: 1,1 cm<\/p>\n<p><strong>Varustus:<\/strong><br \/>\nVars (punane ja must), difuusor, kolb, silikoonvoolik, kott tarvikute jaoks, kott vesipiibu jaoks<\/p>\n<p>Kas teil on k\u00fcsimusi? v\u00f5ta meiega \u00fchendust\u00a0<a href=\"https:\/\/hookahshop.lt\/et\/kontaktid\/\">kontaktide leht<\/a>\u00a0v\u00f5i saatke meile e-kiri aadressil\u00a0<a href=\"https:\/\/facebook.com\/HookahShop.lt\/\" target=\"_blank\" rel=\"noopener noreferrer\">Facebooki konto<\/a>\u00a0ja vastame teie taotlusele samal p\u00e4eval.<\/p>","protected":false},"excerpt":{"rendered":"<p>Vesipiip YKAP Mini M3 Red kotiga See on v\u00e4ikese suurusega ja kvaliteetne vesipiip, mis tagab meeldiva seansi ja sobib ideaalselt reisimiseks. Komplektis pole mitte ainult kott vesipiibu jaoks, vaid ka kott tarvikute hoidmiseks. Samuti on v\u00f5imalik vahetada punased vesipiibu siset\u00fckid mustade vastu. Vesipiip on valmistatud k\u00f5rgeima kvaliteediga materjalidest, [\u2026]<\/p>","protected":false},"featured_media":31691,"comment_status":"open","ping_status":"closed","template":"","meta":[],"_links":{"self":[{"href":"https:\/\/hookahshop.lt\/et\/wp-json\/wp\/v2\/product\/31690"}],"collection":[{"href":"https:\/\/hookahshop.lt\/et\/wp-json\/wp\/v2\/product"}],"about":[{"href":"https:\/\/hookahshop.lt\/et\/wp-json\/wp\/v2\/types\/product"}],"replies":[{"embeddable":true,"href":"https:\/\/hookahshop.lt\/et\/wp-json\/wp\/v2\/comments?post=31690"}],"version-history":[{"count":4,"href":"https:\/\/hookahshop.lt\/et\/wp-json\/wp\/v2\/product\/31690\/revisions"}],"predecessor-version":[{"id":36495,"href":"https:\/\/hookahshop.lt\/et\/wp-json\/wp\/v2\/product\/31690\/revisions\/36495"}],"wp:featuredmedia":[{"embeddable":true,"href":"https:\/\/hookahshop.lt\/et\/wp-json\/wp\/v2\/media\/31691"}],"wp:attachment":[{"href":"https:\/\/hookahshop.lt\/et\/wp-json\/wp\/v2\/media?parent=31690"}],"curies":[{"name":"wp","href":"https:\/\/api.w.org\/{rel}","templated":true}]}}