{"id":31708,"date":"2022-03-09T16:59:05","date_gmt":"2022-03-09T14:59:05","guid":{"rendered":"https:\/\/hookahshop.lt\/?post_type=product&#038;p=31708"},"modified":"2026-04-10T23:29:30","modified_gmt":"2026-04-10T20:29:30","slug":"taurele-kaljanui-solaris-sirius","status":"publish","type":"product","link":"https:\/\/hookahshop.lt\/et\/toode\/taurele-kaljanui-solaris-sirius\/","title":{"rendered":"Tass vesipiibu jaoks SOLARIS Sirius"},"content":{"rendered":"<h2>Tass vesipiibu jaoks SOLARIS Sirius<\/h2>\n<p>K\u00e4sitsi valmistatud tasside valmistamisel kasutatakse ainult looduslikke ja keskkonnas\u00f5bralikke materjale. See erineb teistest topsidest selle poolest, et on niiskuskindlam. Piimatehnoloogia kasutamine punase savi puhul annab huvitava v\u00e4lisilme, originaalse disaini.<\/p>\n<p><strong>Spetsifikatsioon:<\/strong><br \/>\nAukude arv: 7tk.<br \/>\nMaterjal: savi<br \/>\nK\u00f5rgus: 8 cm<br \/>\nL\u00e4bim\u00f5\u00f5t \u00fclaosas: 6 cm<\/p>\n<p>Kas teil on k\u00fcsimusi? v\u00f5ta meiega \u00fchendust\u00a0<a href=\"https:\/\/hookahshop.lt\/et\/kontaktid\/\">kontaktide leht<\/a>\u00a0v\u00f5i saatke meile e-kiri aadressil\u00a0<a href=\"https:\/\/facebook.com\/HookahShop.lt\/\" target=\"_blank\" rel=\"noopener noreferrer\">Facebooki konto<\/a>\u00a0ja vastame teie taotlusele samal p\u00e4eval.<\/p>","protected":false},"excerpt":{"rendered":"<p>Vesipiibu tass SOLARIS Sirius K\u00e4sitsi valmistatud, tasside valmistamisel on kasutatud ainult looduslikke ja keskkonnas\u00f5bralikke materjale. See erineb teistest topsidest selle poolest, et on niiskuskindlam. Piimatehnoloogia kasutamine punase savi jaoks annab huvitava v\u00e4lise efekti, originaalse disaini. Spetsifikatsioon: Aukude arv: 7 tk. Materjal: savi K\u00f5rgus: 8cm L\u00e4bim\u00f5\u00f5t \u00fclaosas: 6cm Kas teil on k\u00fcsimusi? V\u00f5tke meiega \u00fchendust kontaktide lehel v\u00f5i kirjutage meile Facebookis [...]<\/p>","protected":false},"featured_media":31712,"comment_status":"open","ping_status":"closed","template":"","meta":[],"_links":{"self":[{"href":"https:\/\/hookahshop.lt\/et\/wp-json\/wp\/v2\/product\/31708"}],"collection":[{"href":"https:\/\/hookahshop.lt\/et\/wp-json\/wp\/v2\/product"}],"about":[{"href":"https:\/\/hookahshop.lt\/et\/wp-json\/wp\/v2\/types\/product"}],"replies":[{"embeddable":true,"href":"https:\/\/hookahshop.lt\/et\/wp-json\/wp\/v2\/comments?post=31708"}],"version-history":[{"count":4,"href":"https:\/\/hookahshop.lt\/et\/wp-json\/wp\/v2\/product\/31708\/revisions"}],"predecessor-version":[{"id":31765,"href":"https:\/\/hookahshop.lt\/et\/wp-json\/wp\/v2\/product\/31708\/revisions\/31765"}],"wp:featuredmedia":[{"embeddable":true,"href":"https:\/\/hookahshop.lt\/et\/wp-json\/wp\/v2\/media\/31712"}],"wp:attachment":[{"href":"https:\/\/hookahshop.lt\/et\/wp-json\/wp\/v2\/media?parent=31708"}],"curies":[{"name":"wp","href":"https:\/\/api.w.org\/{rel}","templated":true}]}}