{"id":31718,"date":"2022-03-09T17:26:07","date_gmt":"2022-03-09T15:26:07","guid":{"rendered":"https:\/\/hookahshop.lt\/?post_type=product&#038;p=31718"},"modified":"2026-04-17T23:29:46","modified_gmt":"2026-04-17T20:29:46","slug":"taurele-kaljanui-bigmaks-king-glaze-yellow","status":"publish","type":"product","link":"https:\/\/hookahshop.lt\/et\/toode\/taurele-kaljanui-bigmaks-kuningas-glasuur-kollane\/","title":{"rendered":"Vesipiibu tass BIGMAKS King Glaze Yellow"},"content":{"rendered":"<h2>Vesipiibu tass BIGMAKS King Glaze Yellow<\/h2>\n<p>See on ainulaadne BigMaks tass, mille sees on pitsa moodi. Need pitsavormid on k\u00f5rgendatud ja seega \u00fcksteisest eraldatud, et vesipiibusegu siirup saaks meediasse voolata. Nii j\u00e4\u00e4b siirup vesipiibu topsi ja ei sisene kolbi. See tass on m\u00f5eldud pikemaks suitsetamissessiooniks ja intensiivsemaks suitsuks, kuna vesipiibusegu ei kuivata v\u00f5rreldes teiste tassidega.<\/p>\n<p>Sellel tassil on uus Kingi kuju - see ei ole torni ega t\u00fcrkiissinine.<br \/>\nMahutavus: 18-25 grammi.<\/p>\n<p><strong>Omadused:<\/strong><br \/>\nK\u00f5rgus: 100 mm.<br \/>\nL\u00e4bim\u00f5\u00f5t (v\u00e4limine): 78 mm.<br \/>\nL\u00e4bim\u00f5\u00f5t (sisemine): 70 mm.<br \/>\nS\u00fcgavus: 17 mm.<br \/>\nAva l\u00e4bim\u00f5\u00f5t: 7 mm.<br \/>\nAukude arv: 5 tk.<br \/>\nKaal: umbes 130 g.<\/p>\n<p>Kas teil on k\u00fcsimusi? v\u00f5ta meiega \u00fchendust\u00a0<a href=\"https:\/\/hookahshop.lt\/et\/kontaktid\/\">kontaktide leht<\/a>\u00a0v\u00f5i saatke meile e-kiri aadressil\u00a0<a href=\"https:\/\/facebook.com\/HookahShop.lt\/\" target=\"_blank\" rel=\"noopener noreferrer\">Facebooki konto<\/a>\u00a0ja vastame teie taotlusele samal p\u00e4eval.<\/p>","protected":false},"excerpt":{"rendered":"<p>Vesipiibu tass BIGMAKS King Glaze Yellow See on ainulaadne BigMaksi tass, mille sisemus meenutab pitsa kuju. Need pitsapannid on sel viisil \u00fcksteisest k\u00f5rgemal t\u00f5stetud ja eraldatud, et vesipiibusegu siirup saaks s\u00f6\u00f6tmesse voolata. Nii j\u00e4\u00e4b siirup vesipiibutopsi sisse ega satu kolbi. See kauss on m\u00f5eldud pikemaks suitsetamiseks ja invasiivsemaks suitsuks, sest vesipiibusegu [\u2026]<\/p>","protected":false},"featured_media":31724,"comment_status":"open","ping_status":"closed","template":"","meta":[],"_links":{"self":[{"href":"https:\/\/hookahshop.lt\/et\/wp-json\/wp\/v2\/product\/31718"}],"collection":[{"href":"https:\/\/hookahshop.lt\/et\/wp-json\/wp\/v2\/product"}],"about":[{"href":"https:\/\/hookahshop.lt\/et\/wp-json\/wp\/v2\/types\/product"}],"replies":[{"embeddable":true,"href":"https:\/\/hookahshop.lt\/et\/wp-json\/wp\/v2\/comments?post=31718"}],"version-history":[{"count":3,"href":"https:\/\/hookahshop.lt\/et\/wp-json\/wp\/v2\/product\/31718\/revisions"}],"predecessor-version":[{"id":31763,"href":"https:\/\/hookahshop.lt\/et\/wp-json\/wp\/v2\/product\/31718\/revisions\/31763"}],"wp:featuredmedia":[{"embeddable":true,"href":"https:\/\/hookahshop.lt\/et\/wp-json\/wp\/v2\/media\/31724"}],"wp:attachment":[{"href":"https:\/\/hookahshop.lt\/et\/wp-json\/wp\/v2\/media?parent=31718"}],"curies":[{"name":"wp","href":"https:\/\/api.w.org\/{rel}","templated":true}]}}