{"id":31739,"date":"2022-03-09T18:44:09","date_gmt":"2022-03-09T16:44:09","guid":{"rendered":"https:\/\/hookahshop.lt\/?post_type=product&#038;p=31739"},"modified":"2026-04-22T23:29:41","modified_gmt":"2026-04-22T20:29:41","slug":"znyples-kaljano-anglims-embery-medium-gold","status":"publish","type":"product","link":"https:\/\/hookahshop.lt\/et\/toode\/znyples-kaljano-anglims-embery-medium-gold\/","title":{"rendered":"Tangid vesipiibu s\u00fcsi jaoks EMBERY Medium Gold"},"content":{"rendered":"<h2>Tangid vesipiibu s\u00fcsi jaoks EMBERY Medium Gold<\/h2>\n<p>Erakordse v\u00e4limusega tangid. Need tangid on v\u00e4ga mugava suurusega ja ei paindu kasutamisel. Valmistatud kasutades kvaliteetseid materjale.<\/p>\n<p><strong>Spetsifikatsioon:<\/strong><br \/>\nMaterjal: roostevaba teras<br \/>\nKaal: 62 g<br \/>\nPikkus - 30 cm<br \/>\nV\u00e4rvus - kuldne<br \/>\nP\u00e4ritoluriik: Ukraina<\/p>\n<p>Kas teil on k\u00fcsimusi? v\u00f5ta meiega \u00fchendust\u00a0<a href=\"https:\/\/hookahshop.lt\/et\/kontaktid\/\">kontaktide leht<\/a>\u00a0v\u00f5i saatke meile e-kiri aadressil\u00a0<a href=\"https:\/\/facebook.com\/HookahShop.lt\/\" target=\"_blank\" rel=\"noopener noreferrer\">Facebooki konto<\/a>\u00a0ja vastame teie taotlusele samal p\u00e4eval.<\/p>\n<p>&nbsp;<\/p>","protected":false},"excerpt":{"rendered":"<p>Tangid vesipiibu s\u00f6ele EMBERY Medium Gold Tangid unikaalse v\u00e4limusega. Need tangid on v\u00e4ga mugava suurusega ja ei vaju kasutamisel kokku. Valmistatud kasutades kvaliteetseid materjale. Spetsifikatsioon: Materjal: roostevaba teras Kaal: 62 g Pikkus - 30 cm V\u00e4rvus - kuld P\u00e4ritoluriik: Ukraina Kas teil on k\u00fcsimusi? V\u00f5tke meiega \u00fchendust kontaktide lehel v\u00f5i kirjutage meile meie Facebooki kontol ja vastame teie p\u00e4ringule [\u2026]<\/p>","protected":false},"featured_media":31740,"comment_status":"open","ping_status":"closed","template":"","meta":[],"_links":{"self":[{"href":"https:\/\/hookahshop.lt\/et\/wp-json\/wp\/v2\/product\/31739"}],"collection":[{"href":"https:\/\/hookahshop.lt\/et\/wp-json\/wp\/v2\/product"}],"about":[{"href":"https:\/\/hookahshop.lt\/et\/wp-json\/wp\/v2\/types\/product"}],"replies":[{"embeddable":true,"href":"https:\/\/hookahshop.lt\/et\/wp-json\/wp\/v2\/comments?post=31739"}],"version-history":[{"count":2,"href":"https:\/\/hookahshop.lt\/et\/wp-json\/wp\/v2\/product\/31739\/revisions"}],"predecessor-version":[{"id":31759,"href":"https:\/\/hookahshop.lt\/et\/wp-json\/wp\/v2\/product\/31739\/revisions\/31759"}],"wp:featuredmedia":[{"embeddable":true,"href":"https:\/\/hookahshop.lt\/et\/wp-json\/wp\/v2\/media\/31740"}],"wp:attachment":[{"href":"https:\/\/hookahshop.lt\/et\/wp-json\/wp\/v2\/media?parent=31739"}],"curies":[{"name":"wp","href":"https:\/\/api.w.org\/{rel}","templated":true}]}}