{"id":31788,"date":"2022-03-10T20:48:36","date_gmt":"2022-03-10T18:48:36","guid":{"rendered":"https:\/\/hookahshop.lt\/?post_type=product&#038;p=31788"},"modified":"2026-04-19T23:29:39","modified_gmt":"2026-04-19T20:29:39","slug":"lekste-kaljanui-alpha-hookah-smoking-lady","status":"publish","type":"product","link":"https:\/\/hookahshop.lt\/et\/toode\/lekste-kaljanui-alfa-vesipiibu-suitsetav-daam\/","title":{"rendered":"Taldrik vesipiibu jaoks ALPHA HOOKAH Smoking Lady"},"content":{"rendered":"<h2>Taldrik vesipiibu jaoks ALPHA HOOKAH Smoking Lady<\/h2>\n<p>See toode sobib erinevatele vesipiibudele mitte ainult tootjalt Alpha Hookah, kontrollige enne vesipiibutaldriku toote ostmist, kas vesipiibu spetsifikatsioonid vastavad selle toote spetsifikatsioonidele.<\/p>\n<p>Spetsifikatsioonid:<br \/>\nL\u00e4bim\u00f5\u00f5t: umbes 19,7 cm,<br \/>\nAva l\u00e4bim\u00f5\u00f5t: umbes 2,1 cm,<br \/>\nPaksus: umbes 1,3 cm<\/p>\n<p>Kas teil on k\u00fcsimusi? v\u00f5ta meiega \u00fchendust\u00a0<a href=\"https:\/\/hookahshop.lt\/et\/kontaktid\/\">kontaktide leht<\/a>\u00a0v\u00f5i saatke meile e-kiri aadressil\u00a0<a href=\"https:\/\/facebook.com\/HookahShop.lt\/\" target=\"_blank\" rel=\"noopener noreferrer\">Facebooki konto<\/a>\u00a0ja vastame teie taotlusele samal p\u00e4eval.<\/p>\n<p>&nbsp;<\/p>","protected":false},"excerpt":{"rendered":"<p>Vesipiibu taldrik ALPHA HOOKAH Smoking Lady See toode sobib erinevatele vesipiipudele mitte ainult tootja Alpha Hookah jaoks, enne vesipiibu plaadi ostmist kontrolli, kas vesipiibu spetsifikatsioonid vastavad selle toote spetsifikatsioonidele. Tehnilised andmed: l\u00e4bim\u00f5\u00f5t: umbes 19,7 cm, augu l\u00e4bim\u00f5\u00f5t: umbes 2,1 cm, paksus: umbes 1,3 cm, kas on k\u00fcsimusi? V\u00f5tke meiega \u00fchendust kontaktide lehel v\u00f5i kirjutage meile meie Facebooki kontol ja me vastame [\u2026]<\/p>","protected":false},"featured_media":31789,"comment_status":"open","ping_status":"closed","template":"","meta":[],"_links":{"self":[{"href":"https:\/\/hookahshop.lt\/et\/wp-json\/wp\/v2\/product\/31788"}],"collection":[{"href":"https:\/\/hookahshop.lt\/et\/wp-json\/wp\/v2\/product"}],"about":[{"href":"https:\/\/hookahshop.lt\/et\/wp-json\/wp\/v2\/types\/product"}],"replies":[{"embeddable":true,"href":"https:\/\/hookahshop.lt\/et\/wp-json\/wp\/v2\/comments?post=31788"}],"version-history":[{"count":4,"href":"https:\/\/hookahshop.lt\/et\/wp-json\/wp\/v2\/product\/31788\/revisions"}],"predecessor-version":[{"id":34555,"href":"https:\/\/hookahshop.lt\/et\/wp-json\/wp\/v2\/product\/31788\/revisions\/34555"}],"wp:featuredmedia":[{"embeddable":true,"href":"https:\/\/hookahshop.lt\/et\/wp-json\/wp\/v2\/media\/31789"}],"wp:attachment":[{"href":"https:\/\/hookahshop.lt\/et\/wp-json\/wp\/v2\/media?parent=31788"}],"curies":[{"name":"wp","href":"https:\/\/api.w.org\/{rel}","templated":true}]}}