{"id":31820,"date":"2022-03-16T20:50:10","date_gmt":"2022-03-16T18:50:10","guid":{"rendered":"https:\/\/hookahshop.lt\/?post_type=product&#038;p=31820"},"modified":"2026-01-02T12:46:28","modified_gmt":"2026-01-02T10:46:28","slug":"difuzorius-ykap-e2-black","status":"publish","type":"product","link":"https:\/\/hookahshop.lt\/et\/toode\/difuusor-ykap-e2-must\/","title":{"rendered":"Hajuti YKAP E2 Must"},"content":{"rendered":"<h2>Hajuti YKAP E2 Must<\/h2>\n<p>Plastikust difuusor reguleerib vesipiibu \u00f5hu voolu ja vaigistab selle. Toiming sarnaneb filtriga selle poolest, et see lagundab kolvis t\u00f5usvad \u00f5humullid. See jahutab kolvis oleva suitsu. Samuti vaigistab veidi vesipiibu mullitava heli vaiksema keskkonna jaoks nt. filmi vaatamine v\u00f5i teistega suhtlemine.<\/p>\n<p>Kasutamine:<br \/>\nHajuti on paigaldatud vesipiibu konksu (varre) otsa.<\/p>\n<p>Spetsifikatsioonid:<br \/>\nMaterjal: plastik<\/p>\n<p><strong>Sobib ainult vesipiipudele: YKAP Eco E2 ja YKAP Eco E2 Black<\/strong><\/p>\n<p>Kas teil on k\u00fcsimusi? v\u00f5ta meiega \u00fchendust <a href=\"https:\/\/hookahshop.lt\/et\/kontaktid\/\">kontaktide leht<\/a>\u00a0v\u00f5i saatke meile e-kiri aadressil\u00a0<a href=\"https:\/\/facebook.com\/HookahShop.lt\/\" target=\"_blank\" rel=\"noopener noreferrer\">Facebooki konto<\/a>\u00a0ja vastame teie taotlusele samal p\u00e4eval.<\/p>\n<p>&nbsp;<\/p>","protected":false},"excerpt":{"rendered":"<p>Hajuti YKAP E2 Must Plastikust hajuti reguleerib vesipiibu \u00f5huvoolu ja vaigistab selle. T\u00f6\u00f6protsess sarnaneb filtriga, kuna see purustab kolvis t\u00f5usvad \u00f5humullid. Sel viisil jahutatakse kolvis olev suits. Samuti summutab veidi vesipiibu mullitavat heli, vaiksema keskkonna jaoks nt. filmi vaadates v\u00f5i teistega suheldes. Kasutamine: Hajuti asetatakse vesipiibu varre (varre) otsa. [\u2026]<\/p>","protected":false},"featured_media":31827,"comment_status":"open","ping_status":"closed","template":"","meta":[],"_links":{"self":[{"href":"https:\/\/hookahshop.lt\/et\/wp-json\/wp\/v2\/product\/31820"}],"collection":[{"href":"https:\/\/hookahshop.lt\/et\/wp-json\/wp\/v2\/product"}],"about":[{"href":"https:\/\/hookahshop.lt\/et\/wp-json\/wp\/v2\/types\/product"}],"replies":[{"embeddable":true,"href":"https:\/\/hookahshop.lt\/et\/wp-json\/wp\/v2\/comments?post=31820"}],"version-history":[{"count":2,"href":"https:\/\/hookahshop.lt\/et\/wp-json\/wp\/v2\/product\/31820\/revisions"}],"predecessor-version":[{"id":44508,"href":"https:\/\/hookahshop.lt\/et\/wp-json\/wp\/v2\/product\/31820\/revisions\/44508"}],"wp:featuredmedia":[{"embeddable":true,"href":"https:\/\/hookahshop.lt\/et\/wp-json\/wp\/v2\/media\/31827"}],"wp:attachment":[{"href":"https:\/\/hookahshop.lt\/et\/wp-json\/wp\/v2\/media?parent=31820"}],"curies":[{"name":"wp","href":"https:\/\/api.w.org\/{rel}","templated":true}]}}