{"id":31893,"date":"2022-03-27T18:29:48","date_gmt":"2022-03-27T15:29:48","guid":{"rendered":"https:\/\/hookahshop.lt\/?post_type=product&#038;p=31893"},"modified":"2026-04-06T23:29:22","modified_gmt":"2026-04-06T20:29:22","slug":"znyples-kaljano-anglims-embery-black","status":"publish","type":"product","link":"https:\/\/hookahshop.lt\/et\/toode\/znyples-kaljano-anglims-embery-black\/","title":{"rendered":"Tangid vesipiibu s\u00fcsi jaoks EMBERY Black"},"content":{"rendered":"<h2>Tangid vesipiibu s\u00fcsi jaoks EMBERY Black<\/h2>\n<p>Kvaliteetsetest materjalidest valmistatud minimalistliku disainiga tangid. Need tangid on v\u00e4ga mugava suurusega ja ei paindu kasutamisel. T\u00e4nu oma kompaktsusele sobib ideaalselt reisil vesipiipudele.<\/p>\n<p><strong>Spetsifikatsioon:<\/strong><br \/>\nMaterjal: roostevaba teras<br \/>\nPikkus - 22 cm<br \/>\nV\u00e4rv must<br \/>\nP\u00e4ritoluriik: Ukraina<\/p>\n<p>Kas teil on k\u00fcsimusi? v\u00f5ta meiega \u00fchendust\u00a0<a href=\"https:\/\/hookahshop.lt\/et\/kontaktid\/\">kontaktide leht<\/a>\u00a0v\u00f5i saatke meile e-kiri aadressil\u00a0<a href=\"https:\/\/facebook.com\/HookahShop.lt\/\" target=\"_blank\" rel=\"noopener noreferrer\">Facebooki konto<\/a>\u00a0ja vastame teie taotlusele samal p\u00e4eval.<\/p>","protected":false},"excerpt":{"rendered":"<p>Vesipiibu s\u00f6etangid EMBERY Black Minimalistliku disainiga tangid, mis on valmistatud kvaliteetsetest materjalidest. Need tangid on v\u00e4ga mugava suurusega ja ei voldi kasutamisel kokku. T\u00e4nu oma kompaktsusele sobivad ideaalselt reisivesipiibudeks. Spetsifikatsioon: Materjal: roostevaba teras Pikkus \u2013 22 cm V\u00e4rvus \u2013 must P\u00e4ritoluriik: Ukraina Kas teil on k\u00fcsimusi? V\u00f5tke meiega \u00fchendust kontaktide lehel v\u00f5i kirjutage meile Facebookis ja me vastame [\u2026]<\/p>","protected":false},"featured_media":31894,"comment_status":"open","ping_status":"closed","template":"","meta":[],"_links":{"self":[{"href":"https:\/\/hookahshop.lt\/et\/wp-json\/wp\/v2\/product\/31893"}],"collection":[{"href":"https:\/\/hookahshop.lt\/et\/wp-json\/wp\/v2\/product"}],"about":[{"href":"https:\/\/hookahshop.lt\/et\/wp-json\/wp\/v2\/types\/product"}],"replies":[{"embeddable":true,"href":"https:\/\/hookahshop.lt\/et\/wp-json\/wp\/v2\/comments?post=31893"}],"version-history":[{"count":2,"href":"https:\/\/hookahshop.lt\/et\/wp-json\/wp\/v2\/product\/31893\/revisions"}],"predecessor-version":[{"id":31896,"href":"https:\/\/hookahshop.lt\/et\/wp-json\/wp\/v2\/product\/31893\/revisions\/31896"}],"wp:featuredmedia":[{"embeddable":true,"href":"https:\/\/hookahshop.lt\/et\/wp-json\/wp\/v2\/media\/31894"}],"wp:attachment":[{"href":"https:\/\/hookahshop.lt\/et\/wp-json\/wp\/v2\/media?parent=31893"}],"curies":[{"name":"wp","href":"https:\/\/api.w.org\/{rel}","templated":true}]}}