{"id":31985,"date":"2022-04-09T15:20:58","date_gmt":"2022-04-09T12:20:58","guid":{"rendered":"https:\/\/hookahshop.lt\/?post_type=product&#038;p=31985"},"modified":"2026-05-14T23:29:39","modified_gmt":"2026-05-14T20:29:39","slug":"kaljanas-jinni-hookah-rose-bronze","status":"publish","type":"product","link":"https:\/\/hookahshop.lt\/et\/toode\/vesipiip-dzinni-vesipiip-roos-pronks\/","title":{"rendered":"Vesipiip JINNI HOOKAH Rose pronks"},"content":{"rendered":"<h2>Vesipiip JINNI HOOKAH Rose pronks<\/h2>\n<p>V\u00e4ike kombinatsioon alumiiniumist ja klaasist \u2013 reisi mini-vesipiip. Suurep\u00e4rane, kompaktne vesipiip.<\/p>\n<p><strong>Spetsifikatsioon:<\/strong><br \/>\nVesipiibu k\u00f5rgus: 20 cm<br \/>\nVesipiibu laius: 10 cm<\/p>\n<p><strong>Varustus:<\/strong><br \/>\nVesipiip<br \/>\nKolb (klaas)<br \/>\nHuulik<br \/>\nSilikoonvoolik<br \/>\nVoolikute vedru<br \/>\nTangid<br \/>\nKeskmine<br \/>\nKott<\/p>\n<p><img decoding=\"async\" loading=\"lazy\" class=\"alignnone size-medium wp-image-38601\" src=\"https:\/\/hookahshop.lt\/wp-content\/uploads\/2021\/08\/jinni-komplektacija-1-300x273.jpg\" alt=\"- hookahshop.lt\" width=\"300\" height=\"273\" srcset=\"https:\/\/hookahshop.lt\/wp-content\/uploads\/2021\/08\/jinni-komplektacija-1-300x273.jpg 300w, https:\/\/hookahshop.lt\/wp-content\/uploads\/2021\/08\/jinni-komplektacija-1-13x12.jpg 13w, https:\/\/hookahshop.lt\/wp-content\/uploads\/2021\/08\/jinni-komplektacija-1-64x58.jpg 64w, https:\/\/hookahshop.lt\/wp-content\/uploads\/2021\/08\/jinni-komplektacija-1.jpg 420w\" sizes=\"(max-width: 300px) 100vw, 300px\" title=\"\"><\/p>\n<p>Kas teil on k\u00fcsimusi? v\u00f5ta meiega \u00fchendust\u00a0<a href=\"https:\/\/hookahshop.lt\/et\/kontaktid\/\">kontaktide leht<\/a>\u00a0v\u00f5i saatke meile e-kiri aadressil\u00a0<a href=\"https:\/\/facebook.com\/HookahShop.lt\/\" target=\"_blank\" rel=\"noopener noreferrer\">Facebooki konto<\/a>\u00a0ja vastame teie taotlusele samal p\u00e4eval.<\/p>","protected":false},"excerpt":{"rendered":"<p>Vesipiip JINNI HOOKAH Rose Bronze V\u00e4ike kombinatsioon alumiiniumist ja klaasist \u2013 reisi minipiip. Suurep\u00e4rane, kompaktne vesipiip. Spetsifikatsioon: Vesipiibu k\u00f5rgus: 20cm Vesipiibu laius: 10cm Komplekt: Vesipiibu kolb (klaasist) Suuosa Silikoonvoolik Vedruvoolikud Tangid Vahekott Kas teil on k\u00fcsimusi? V\u00f5tke meiega \u00fchendust kontaktide lehel v\u00f5i kirjutage meile meie Facebooki kontol ja vastame teie p\u00e4ringule samal p\u00e4eval.<\/p>","protected":false},"featured_media":31986,"comment_status":"open","ping_status":"closed","template":"","meta":[],"_links":{"self":[{"href":"https:\/\/hookahshop.lt\/et\/wp-json\/wp\/v2\/product\/31985"}],"collection":[{"href":"https:\/\/hookahshop.lt\/et\/wp-json\/wp\/v2\/product"}],"about":[{"href":"https:\/\/hookahshop.lt\/et\/wp-json\/wp\/v2\/types\/product"}],"replies":[{"embeddable":true,"href":"https:\/\/hookahshop.lt\/et\/wp-json\/wp\/v2\/comments?post=31985"}],"version-history":[{"count":5,"href":"https:\/\/hookahshop.lt\/et\/wp-json\/wp\/v2\/product\/31985\/revisions"}],"predecessor-version":[{"id":32105,"href":"https:\/\/hookahshop.lt\/et\/wp-json\/wp\/v2\/product\/31985\/revisions\/32105"}],"wp:featuredmedia":[{"embeddable":true,"href":"https:\/\/hookahshop.lt\/et\/wp-json\/wp\/v2\/media\/31986"}],"wp:attachment":[{"href":"https:\/\/hookahshop.lt\/et\/wp-json\/wp\/v2\/media?parent=31985"}],"curies":[{"name":"wp","href":"https:\/\/api.w.org\/{rel}","templated":true}]}}