{"id":31990,"date":"2022-04-09T15:27:11","date_gmt":"2022-04-09T12:27:11","guid":{"rendered":"https:\/\/hookahshop.lt\/?post_type=product&#038;p=31990"},"modified":"2026-04-19T23:29:40","modified_gmt":"2026-04-19T20:29:40","slug":"kaljanas-jinni-hookah-silver","status":"publish","type":"product","link":"https:\/\/hookahshop.lt\/et\/toode\/kaljanas-dzinni-vesipiibu-hobe\/","title":{"rendered":"Kaljanas JINNI HOOKAH H\u00f5be"},"content":{"rendered":"<h2>Kaljanas JINNI HOOKAH H\u00f5be<\/h2>\n<p>V\u00e4ike kombinatsioon alumiiniumist ja klaasist \u2013 reisi mini-vesipiip. Suurep\u00e4rane, kompaktne vesipiip.<\/p>\n<p><strong>Spetsifikatsioon:<\/strong><br \/>\nVesipiibu k\u00f5rgus: 20 cm<br \/>\nVesipiibu laius: 10 cm<\/p>\n<p><strong>Varustus:<\/strong><br \/>\nVesipiip<br \/>\nKolb (klaas)<br \/>\nHuulik<br \/>\nSilikoonvoolik<br \/>\nVoolikute vedru<br \/>\nTangid<br \/>\nKeskmine<br \/>\nKott<\/p>\n<p>Kas teil on k\u00fcsimusi? v\u00f5ta meiega \u00fchendust\u00a0<a href=\"https:\/\/hookahshop.lt\/et\/kontaktid\/\">kontaktide leht<\/a>\u00a0v\u00f5i saatke meile e-kiri aadressil\u00a0<a href=\"https:\/\/facebook.com\/HookahShop.lt\/\" target=\"_blank\" rel=\"noopener noreferrer\">Facebooki konto<\/a>\u00a0ja vastame teie taotlusele samal p\u00e4eval.<\/p>\n<p>&nbsp;<\/p>","protected":false},"excerpt":{"rendered":"<p>Vesipiip JINNI HOOKAH H\u00f5bedane V\u00e4ike kombinatsioon alumiiniumist ja klaasist \u2013 reisi minipiip. Suurep\u00e4rane, kompaktne vesipiip. Spetsifikatsioon: Vesipiibu k\u00f5rgus: 20cm Vesipiibu laius: 10cm Komplekt: Vesipiibu kolb (klaasist) Suuosa Silikoonvoolik Vedruvoolikud Tangid Vahekott Kas teil on k\u00fcsimusi? V\u00f5tke meiega \u00fchendust kontaktide lehel v\u00f5i kirjutage meile Facebookis ja vastame teie p\u00e4ringule samal p\u00e4eval. &nbsp;<\/p>","protected":false},"featured_media":31992,"comment_status":"open","ping_status":"closed","template":"","meta":[],"_links":{"self":[{"href":"https:\/\/hookahshop.lt\/et\/wp-json\/wp\/v2\/product\/31990"}],"collection":[{"href":"https:\/\/hookahshop.lt\/et\/wp-json\/wp\/v2\/product"}],"about":[{"href":"https:\/\/hookahshop.lt\/et\/wp-json\/wp\/v2\/types\/product"}],"replies":[{"embeddable":true,"href":"https:\/\/hookahshop.lt\/et\/wp-json\/wp\/v2\/comments?post=31990"}],"version-history":[{"count":3,"href":"https:\/\/hookahshop.lt\/et\/wp-json\/wp\/v2\/product\/31990\/revisions"}],"predecessor-version":[{"id":32104,"href":"https:\/\/hookahshop.lt\/et\/wp-json\/wp\/v2\/product\/31990\/revisions\/32104"}],"wp:featuredmedia":[{"embeddable":true,"href":"https:\/\/hookahshop.lt\/et\/wp-json\/wp\/v2\/media\/31992"}],"wp:attachment":[{"href":"https:\/\/hookahshop.lt\/et\/wp-json\/wp\/v2\/media?parent=31990"}],"curies":[{"name":"wp","href":"https:\/\/api.w.org\/{rel}","templated":true}]}}