{"id":32045,"date":"2022-04-09T23:19:55","date_gmt":"2022-04-09T20:19:55","guid":{"rendered":"https:\/\/hookahshop.lt\/?post_type=product&#038;p=32045"},"modified":"2026-04-26T23:29:52","modified_gmt":"2026-04-26T20:29:52","slug":"karscio-kamera-babuschka-rainbow","status":"publish","type":"product","link":"https:\/\/hookahshop.lt\/et\/toode\/karscio-kamera-babuschka-vikerkaar\/","title":{"rendered":"Kuum kaamera BABUSCHKA Rainbow"},"content":{"rendered":"<h2>Kuum kaamera BABUSCHKA Rainbow<\/h2>\n<p>Valmistatud kvaliteetsest roostevabast terasest ja mahutab kuni 3-4 s\u00fcsinikukuubikut (25-26mm). Roostevaba terase kasutamisel s\u00e4ilib s\u00fcsiniku soojus h\u00e4sti ja kandub \u00fchtlaselt tubaka\/piibu segule.<\/p>\n<p><strong>Spetsifikatsioon<\/strong><br \/>\nMaterjal: roostevaba teras<br \/>\nL\u00e4bim\u00f5\u00f5t: 74mm<br \/>\nK\u00f5rgus: 27mm<\/p>\n<p>Kas teil on k\u00fcsimusi? v\u00f5ta meiega \u00fchendust\u00a0<a href=\"https:\/\/hookahshop.lt\/et\/kontaktid\/\">kontaktide leht<\/a>\u00a0v\u00f5i saatke meile e-kiri aadressil\u00a0<a href=\"https:\/\/facebook.com\/HookahShop.lt\/\" target=\"_blank\" rel=\"noopener noreferrer\">Facebooki konto<\/a>\u00a0ja vastame teie taotlusele samal p\u00e4eval.<\/p>","protected":false},"excerpt":{"rendered":"<p>Soojuskamber BABUSCHKA Rainbow Valmistatud kvaliteetsest roostevabast terasest ja mahutab kuni 3-4 s\u00f6ekubikut (25-26mm). Roostevaba terast kasutades s\u00e4ilib s\u00f6e soojus h\u00e4sti ja kandub \u00fchtlaselt \u00fcle tubaka\/piibu segule. Spetsifikatsioon Materjal: roostevaba teras L\u00e4bim\u00f5\u00f5t: 74mm K\u00f5rgus: 27mm Kas teil on k\u00fcsimusi? V\u00f5tke meiega \u00fchendust kontaktide lehel v\u00f5i kirjutage meile meie Facebooki kontol ja vastame teie p\u00e4ringule samal [...]<\/p>","protected":false},"featured_media":32063,"comment_status":"open","ping_status":"closed","template":"","meta":[],"_links":{"self":[{"href":"https:\/\/hookahshop.lt\/et\/wp-json\/wp\/v2\/product\/32045"}],"collection":[{"href":"https:\/\/hookahshop.lt\/et\/wp-json\/wp\/v2\/product"}],"about":[{"href":"https:\/\/hookahshop.lt\/et\/wp-json\/wp\/v2\/types\/product"}],"replies":[{"embeddable":true,"href":"https:\/\/hookahshop.lt\/et\/wp-json\/wp\/v2\/comments?post=32045"}],"version-history":[{"count":3,"href":"https:\/\/hookahshop.lt\/et\/wp-json\/wp\/v2\/product\/32045\/revisions"}],"predecessor-version":[{"id":32089,"href":"https:\/\/hookahshop.lt\/et\/wp-json\/wp\/v2\/product\/32045\/revisions\/32089"}],"wp:featuredmedia":[{"embeddable":true,"href":"https:\/\/hookahshop.lt\/et\/wp-json\/wp\/v2\/media\/32063"}],"wp:attachment":[{"href":"https:\/\/hookahshop.lt\/et\/wp-json\/wp\/v2\/media?parent=32045"}],"curies":[{"name":"wp","href":"https:\/\/api.w.org\/{rel}","templated":true}]}}