{"id":32222,"date":"2022-04-23T18:50:55","date_gmt":"2022-04-23T15:50:55","guid":{"rendered":"https:\/\/hookahshop.lt\/?post_type=product&#038;p=32222"},"modified":"2026-04-17T23:29:46","modified_gmt":"2026-04-17T20:29:46","slug":"kaljanas-karma-hookah-mini-3-0-black","status":"publish","type":"product","link":"https:\/\/hookahshop.lt\/et\/toode\/kaljanas-karma-vesipiip-mini-3-0-must\/","title":{"rendered":"Vesipiip KARMA HOOKAH Mini 3.0 must"},"content":{"rendered":"<h2>Vesipiip KARMA HOOKAH Mini 3.0 must<\/h2>\n<p>KARMA HOOKAH v\u00f5ll on varustatud naturaalse puidu viimistlusega, anodeeritud alumiiniumisulamiga ja meditsiinilisest roostevabast terasest toruga. Vesipiibu varre optimaalne l\u00e4bim\u00f5\u00f5t v\u00f5imaldab kogenud asjatundjatel nautida originaalset maitset ja aroomi.<\/p>\n<p><strong>Spetsifikatsioon:<\/strong><br \/>\nVeoj\u00f5ud: klassikaline (ilma hajutita)<br \/>\nV\u00f5lli l\u00e4bim\u00f5\u00f5t: 14 mm.<br \/>\nK\u00f5rgus: 53 cm.<br \/>\nV\u00f5lli materjal: roostevaba teras.<br \/>\nVarre viimistlus: puit.<br \/>\nP\u00e4ritoluriik: Ukraina<\/p>\n<p><strong>Varustus:<\/strong> v\u00f5ll (vars), plaat, tihendid, puhastusventiilid, tass.<\/p>\n<p><img decoding=\"async\" loading=\"lazy\" class=\"alignnone size-medium wp-image-38600\" src=\"https:\/\/hookahshop.lt\/wp-content\/uploads\/2021\/08\/taurele-stiebas-1-300x273.jpg\" alt=\"- hookahshop.lt\" width=\"300\" height=\"273\" srcset=\"https:\/\/hookahshop.lt\/wp-content\/uploads\/2021\/08\/taurele-stiebas-1-300x273.jpg 300w, https:\/\/hookahshop.lt\/wp-content\/uploads\/2021\/08\/taurele-stiebas-1-13x12.jpg 13w, https:\/\/hookahshop.lt\/wp-content\/uploads\/2021\/08\/taurele-stiebas-1-64x58.jpg 64w, https:\/\/hookahshop.lt\/wp-content\/uploads\/2021\/08\/taurele-stiebas-1.jpg 420w\" sizes=\"(max-width: 300px) 100vw, 300px\" title=\"\"><\/p>\n<p>Kas teil on k\u00fcsimusi? v\u00f5ta meiega \u00fchendust\u00a0<a href=\"https:\/\/hookahshop.lt\/et\/kontaktid\/\">kontaktide leht<\/a>\u00a0v\u00f5i saatke meile e-kiri aadressil\u00a0<a href=\"https:\/\/facebook.com\/HookahShop.lt\/\" target=\"_blank\" rel=\"noopener noreferrer\">Facebooki konto<\/a>\u00a0ja vastame teie taotlusele samal p\u00e4eval.<\/p>\n<p>&nbsp;<\/p>\n<p>&nbsp;<\/p>","protected":false},"excerpt":{"rendered":"<p>Vesipiip KARMA HOOKAH Mini 3.0 must KARMA HOOKAH varre on varustatud naturaalse puidu viimistlusega, anodeeritud alumiiniumisulamist ja meditsiinilisest roostevabast terasest toruga. Vesipiibu varre optimaalne l\u00e4bim\u00f5\u00f5t v\u00f5imaldab kogenud asjatundjatel nautida originaalset maitset ja aroomi. Spetsifikatsioon: Veoj\u00f5ud: klassikaline (ilma difuusorita) V\u00f5lli l\u00e4bim\u00f5\u00f5t: 14mm. K\u00f5rgus: 53 cm. V\u00f5lli materjal: roostevaba teras. Varre viimistlus: puit. P\u00e4ritoluriik: Ukraina [\u2026]<\/p>","protected":false},"featured_media":32223,"comment_status":"open","ping_status":"closed","template":"","meta":[],"_links":{"self":[{"href":"https:\/\/hookahshop.lt\/et\/wp-json\/wp\/v2\/product\/32222"}],"collection":[{"href":"https:\/\/hookahshop.lt\/et\/wp-json\/wp\/v2\/product"}],"about":[{"href":"https:\/\/hookahshop.lt\/et\/wp-json\/wp\/v2\/types\/product"}],"replies":[{"embeddable":true,"href":"https:\/\/hookahshop.lt\/et\/wp-json\/wp\/v2\/comments?post=32222"}],"version-history":[{"count":5,"href":"https:\/\/hookahshop.lt\/et\/wp-json\/wp\/v2\/product\/32222\/revisions"}],"predecessor-version":[{"id":45745,"href":"https:\/\/hookahshop.lt\/et\/wp-json\/wp\/v2\/product\/32222\/revisions\/45745"}],"wp:featuredmedia":[{"embeddable":true,"href":"https:\/\/hookahshop.lt\/et\/wp-json\/wp\/v2\/media\/32223"}],"wp:attachment":[{"href":"https:\/\/hookahshop.lt\/et\/wp-json\/wp\/v2\/media?parent=32222"}],"curies":[{"name":"wp","href":"https:\/\/api.w.org\/{rel}","templated":true}]}}