{"id":32593,"date":"2022-06-23T00:47:52","date_gmt":"2022-06-22T21:47:52","guid":{"rendered":"https:\/\/hookahshop.lt\/?post_type=product&#038;p=32593"},"modified":"2026-04-18T23:29:17","modified_gmt":"2026-04-18T20:29:17","slug":"znyples-kaljano-anglims-alpha-hookah-military-modern","status":"publish","type":"product","link":"https:\/\/hookahshop.lt\/et\/toode\/znyples-vesipiip-anglims-alfa-vesipiip-sojaline-kaasaegne\/","title":{"rendered":"Vesipiibu s\u00f6etangid ALPHA HOOKAH Military Modern"},"content":{"rendered":"<h2>Vesipiibu s\u00f6etangid ALPHA HOOKAH Military Modern<\/h2>\n<p>Stiilsed ja eksklusiivsed tangid l\u00f5i 2021. aastal tuntud vesipiibuturu tootja Alpha Hookah. Tangid on valmistatud ka kvaliteetsest roostevabast terasest ja kaetud pulberv\u00e4rviga. Tangid eristuvad autorigraveeringu j\u00e4rgi. Tangide \u00fclaossa tehtud sissel\u00f5iked on tangide riputamiseks konksplaadile.<\/p>\n<p><strong>Omadused:<\/strong><br \/>\nV\u00e4rvus must<br \/>\nMaterjal: roostevaba teras<br \/>\nPikkus: 22,5 cm<\/p>\n<p>Kas teil on k\u00fcsimusi? v\u00f5ta meiega \u00fchendust\u00a0<a href=\"https:\/\/hookahshop.lt\/et\/kontaktid\/\">kontaktide leht<\/a>\u00a0v\u00f5i saatke meile e-kiri aadressil\u00a0<a href=\"https:\/\/facebook.com\/HookahShop.lt\/\" target=\"_blank\" rel=\"noopener noreferrer\">Facebooki konto<\/a>\u00a0ja vastame teie taotlusele samal p\u00e4eval.<\/p>","protected":false},"excerpt":{"rendered":"<p>Tangid vesipiibu s\u00f6e jaoks ALPHA HOOKAH Military Modern Stiilsed ja eksklusiivsed tangid l\u00f5i 2021. aastal tuntud vesipiibutootja Alpha Hookah. Tangid on valmistatud ka kvaliteetsest roostevabast terasest ja pulberv\u00e4rvitud. Tangid eristuvad nende originaalse graveeringu poolest. Tangi \u00fclaosas olevad pilud on m\u00f5eldud tangide riputamiseks vesipiibuplaadile. Omadused: V\u00e4rv: Must Materjal: Roostevaba teras Pikkus: 22,5 cm Teil on [\u2026]<\/p>","protected":false},"featured_media":32594,"comment_status":"open","ping_status":"closed","template":"","meta":[],"_links":{"self":[{"href":"https:\/\/hookahshop.lt\/et\/wp-json\/wp\/v2\/product\/32593"}],"collection":[{"href":"https:\/\/hookahshop.lt\/et\/wp-json\/wp\/v2\/product"}],"about":[{"href":"https:\/\/hookahshop.lt\/et\/wp-json\/wp\/v2\/types\/product"}],"replies":[{"embeddable":true,"href":"https:\/\/hookahshop.lt\/et\/wp-json\/wp\/v2\/comments?post=32593"}],"version-history":[{"count":4,"href":"https:\/\/hookahshop.lt\/et\/wp-json\/wp\/v2\/product\/32593\/revisions"}],"predecessor-version":[{"id":43032,"href":"https:\/\/hookahshop.lt\/et\/wp-json\/wp\/v2\/product\/32593\/revisions\/43032"}],"wp:featuredmedia":[{"embeddable":true,"href":"https:\/\/hookahshop.lt\/et\/wp-json\/wp\/v2\/media\/32594"}],"wp:attachment":[{"href":"https:\/\/hookahshop.lt\/et\/wp-json\/wp\/v2\/media?parent=32593"}],"curies":[{"name":"wp","href":"https:\/\/api.w.org\/{rel}","templated":true}]}}