{"id":32605,"date":"2022-06-23T09:48:17","date_gmt":"2022-06-23T06:48:17","guid":{"rendered":"https:\/\/hookahshop.lt\/?post_type=product&#038;p=32605"},"modified":"2026-04-16T23:29:54","modified_gmt":"2026-04-16T20:29:54","slug":"znyples-kaljano-anglims-alpha-hookah-x-vndl","status":"publish","type":"product","link":"https:\/\/hookahshop.lt\/et\/toode\/znyples-kaljano-anglims-alpha-hookah-x-vndl\/","title":{"rendered":"Konksud konksudele ALPHA HOOKAH X VNDL"},"content":{"rendered":"<h2>Konksud konksudele ALPHA HOOKAH X VNDL<\/h2>\n<p>Stiilne, kompaktne suurus ja eksklusiivsed tangid, mille on loonud tuntud vesipiibuturu tootja Alpha Hookah. Tangid on valmistatud ka kvaliteetsest roostevabast terasest ja kaetud pulberv\u00e4rviga. Tangid eristuvad autorigraveeringu j\u00e4rgi.<\/p>\n<p><strong>Omadused:<\/strong><br \/>\nV\u00e4rvus must<br \/>\nMaterjal: roostevaba teras<br \/>\nPikkus: 18 cm<\/p>\n<p>Kas teil on k\u00fcsimusi? v\u00f5ta meiega \u00fchendust\u00a0<a href=\"https:\/\/hookahshop.lt\/et\/kontaktid\/\">kontaktide leht<\/a>\u00a0v\u00f5i saatke meile e-kiri aadressil\u00a0<a href=\"https:\/\/facebook.com\/HookahShop.lt\/\" target=\"_blank\" rel=\"noopener noreferrer\">Facebooki konto<\/a>\u00a0ja vastame teie taotlusele samal p\u00e4eval.<\/p>\n<p>&nbsp;<\/p>","protected":false},"excerpt":{"rendered":"<p>Vesipiibu s\u00f6etangid ALPHA HOOKAH X VNDL Stiilsed, kompaktsed ja eksklusiivsed tangid on loonud turul tuntud vesipiibu tootja Alpha Hookah. Tangid on valmistatud kvaliteetsest roostevabast terasest ja pulberv\u00e4rvitud. Tangid eristuvad originaalse graveeringu poolest. Omadused: V\u00e4rvus: Must Materjal: Roostevaba teras Pikkus: 18 cm Kas teil on k\u00fcsimusi? V\u00f5tke meiega \u00fchendust kontaktide lehel v\u00f5i kirjutage meile Facebookis ja me vastame [\u2026]<\/p>","protected":false},"featured_media":39491,"comment_status":"open","ping_status":"closed","template":"","meta":[],"_links":{"self":[{"href":"https:\/\/hookahshop.lt\/et\/wp-json\/wp\/v2\/product\/32605"}],"collection":[{"href":"https:\/\/hookahshop.lt\/et\/wp-json\/wp\/v2\/product"}],"about":[{"href":"https:\/\/hookahshop.lt\/et\/wp-json\/wp\/v2\/types\/product"}],"replies":[{"embeddable":true,"href":"https:\/\/hookahshop.lt\/et\/wp-json\/wp\/v2\/comments?post=32605"}],"version-history":[{"count":3,"href":"https:\/\/hookahshop.lt\/et\/wp-json\/wp\/v2\/product\/32605\/revisions"}],"predecessor-version":[{"id":33949,"href":"https:\/\/hookahshop.lt\/et\/wp-json\/wp\/v2\/product\/32605\/revisions\/33949"}],"wp:featuredmedia":[{"embeddable":true,"href":"https:\/\/hookahshop.lt\/et\/wp-json\/wp\/v2\/media\/39491"}],"wp:attachment":[{"href":"https:\/\/hookahshop.lt\/et\/wp-json\/wp\/v2\/media?parent=32605"}],"curies":[{"name":"wp","href":"https:\/\/api.w.org\/{rel}","templated":true}]}}