{"id":32609,"date":"2022-06-23T10:25:47","date_gmt":"2022-06-23T07:25:47","guid":{"rendered":"https:\/\/hookahshop.lt\/?post_type=product&#038;p=32609"},"modified":"2026-04-13T16:23:49","modified_gmt":"2026-04-13T13:23:49","slug":"sakute-yla-werkbund-bionik","status":"publish","type":"product","link":"https:\/\/hookahshop.lt\/et\/toode\/sakute-yla-werkbund-bionik\/","title":{"rendered":"Kahvel yla WERKBUND Bionik"},"content":{"rendered":"<h2>Kahvel yla WERKBUND Bionik<\/h2>\n<p>Pakkige puhaste k\u00e4tega t\u00e4iuslik tass. Valmistatud k\u00e4sit\u00f6\u00f6na Venemaalt p\u00e4rit sepa poolt, seega on iga toode valmistatud ainulaadselt. WERKBUND HOOKAH kahvlialuse kombinatsioon paistab silma uuendusliku disaini ja kvaliteetsete materjalidega.<\/p>\n<p><strong>Spetsifikatsioon:<\/strong><br \/>\nMaterjal: roostevaba teras<br \/>\nPikkus: 11,5 cm<\/p>\n<p>Kas teil on k\u00fcsimusi? v\u00f5ta meiega \u00fchendust\u00a0<a href=\"https:\/\/hookahshop.lt\/et\/kontaktid\/\">kontaktide leht<\/a>\u00a0v\u00f5i saatke meile e-kiri aadressil\u00a0<a href=\"https:\/\/facebook.com\/HookahShop.lt\/\" target=\"_blank\" rel=\"noopener noreferrer\">Facebooki konto<\/a>\u00a0ja vastame teie taotlusele samal p\u00e4eval.<\/p>","protected":false},"excerpt":{"rendered":"<p>Kahvel yla WERKBUND Bionik Pakkige puhaste k\u00e4tega t\u00e4iuslik tass. Venemaal sepa k\u00e4sit\u00f6\u00f6na valminud toode on ainulaadne. WERKBUND HOOKAH kahvel-konks kombinatsioon paistab silma uuendusliku disaini ja k\u00f5rgklassi materjalide poolest. Spetsifikatsioon: Materjal: roostevaba teras Pikkus: 11,5 cm Kas teil on k\u00fcsimusi? V\u00f5tke meiega \u00fchendust kontaktide lehel v\u00f5i kirjutage meile meie Facebooki kontol ja vastame teie p\u00e4ringule samal p\u00e4eval.<\/p>","protected":false},"featured_media":32610,"comment_status":"open","ping_status":"closed","template":"","meta":[],"_links":{"self":[{"href":"https:\/\/hookahshop.lt\/et\/wp-json\/wp\/v2\/product\/32609"}],"collection":[{"href":"https:\/\/hookahshop.lt\/et\/wp-json\/wp\/v2\/product"}],"about":[{"href":"https:\/\/hookahshop.lt\/et\/wp-json\/wp\/v2\/types\/product"}],"replies":[{"embeddable":true,"href":"https:\/\/hookahshop.lt\/et\/wp-json\/wp\/v2\/comments?post=32609"}],"version-history":[{"count":4,"href":"https:\/\/hookahshop.lt\/et\/wp-json\/wp\/v2\/product\/32609\/revisions"}],"predecessor-version":[{"id":43117,"href":"https:\/\/hookahshop.lt\/et\/wp-json\/wp\/v2\/product\/32609\/revisions\/43117"}],"wp:featuredmedia":[{"embeddable":true,"href":"https:\/\/hookahshop.lt\/et\/wp-json\/wp\/v2\/media\/32610"}],"wp:attachment":[{"href":"https:\/\/hookahshop.lt\/et\/wp-json\/wp\/v2\/media?parent=32609"}],"curies":[{"name":"wp","href":"https:\/\/api.w.org\/{rel}","templated":true}]}}