{"id":32622,"date":"2022-06-23T18:02:52","date_gmt":"2022-06-23T15:02:52","guid":{"rendered":"https:\/\/hookahshop.lt\/?post_type=product&#038;p=32622"},"modified":"2026-04-22T23:29:43","modified_gmt":"2026-04-22T20:29:43","slug":"yla-kaljano-tabakui-hooligan-x-xlgn","status":"publish","type":"product","link":"https:\/\/hookahshop.lt\/et\/toode\/yla-kaljano-tabakui-hooligan-x-xlgn\/","title":{"rendered":"Yla vesipiibu tubakas Hooligan x XLGN"},"content":{"rendered":"<h2>Yla vesipiibu tubakas Hooligan x XLGN<\/h2>\n<p>Pakkige puhaste k\u00e4tega t\u00e4iuslik tass. Eksklusiivne kuulikujuline kaitsekorgiga tarvik. Valmistatud kvaliteetsetest materjalidest.<\/p>\n<p><strong>Spetsifikatsioon:<\/strong><br \/>\nMaterjal (v\u00e4limine osa): pol\u00fcatsetaal<br \/>\nMaterjal (sisemine osa): messing<br \/>\nMaxThirteen aluskate on kullatud<br \/>\nPikkus: 13 cm<\/p>\n<p>Kas teil on k\u00fcsimusi? v\u00f5ta meiega \u00fchendust\u00a0<a href=\"https:\/\/hookahshop.lt\/et\/kontaktid\/\">kontaktide leht<\/a>\u00a0v\u00f5i saatke meile e-kiri aadressil\u00a0<a href=\"https:\/\/facebook.com\/HookahShop.lt\/\" target=\"_blank\" rel=\"noopener noreferrer\">Facebooki konto<\/a>\u00a0ja vastame teie taotlusele samal p\u00e4eval.<\/p>","protected":false},"excerpt":{"rendered":"<p>Yla vesipiibu tubakas Hooligan x XLGN Pakkige puhaste k\u00e4tega t\u00e4iuslik tass. Eksklusiivne kaitsekorgiga kuulikujuline tarvik. Valmistatud kvaliteetsetest materjalidest. Spetsifikatsioon: Materjal (v\u00e4limine osa): pol\u00fcatsetaal Materjal (sisemine osa): messing P\u00f5hja kaunistus MaxThirteen kullatud Pikkus: 13cm Kas on k\u00fcsimusi? V\u00f5tke meiega \u00fchendust kontaktide lehel v\u00f5i kirjutage meile meie Facebooki kontol ja vastame teie p\u00e4ringule [...]<\/p>","protected":false},"featured_media":32623,"comment_status":"open","ping_status":"closed","template":"","meta":[],"_links":{"self":[{"href":"https:\/\/hookahshop.lt\/et\/wp-json\/wp\/v2\/product\/32622"}],"collection":[{"href":"https:\/\/hookahshop.lt\/et\/wp-json\/wp\/v2\/product"}],"about":[{"href":"https:\/\/hookahshop.lt\/et\/wp-json\/wp\/v2\/types\/product"}],"replies":[{"embeddable":true,"href":"https:\/\/hookahshop.lt\/et\/wp-json\/wp\/v2\/comments?post=32622"}],"version-history":[{"count":4,"href":"https:\/\/hookahshop.lt\/et\/wp-json\/wp\/v2\/product\/32622\/revisions"}],"predecessor-version":[{"id":43120,"href":"https:\/\/hookahshop.lt\/et\/wp-json\/wp\/v2\/product\/32622\/revisions\/43120"}],"wp:featuredmedia":[{"embeddable":true,"href":"https:\/\/hookahshop.lt\/et\/wp-json\/wp\/v2\/media\/32623"}],"wp:attachment":[{"href":"https:\/\/hookahshop.lt\/et\/wp-json\/wp\/v2\/media?parent=32622"}],"curies":[{"name":"wp","href":"https:\/\/api.w.org\/{rel}","templated":true}]}}