{"id":32657,"date":"2022-06-25T15:07:38","date_gmt":"2022-06-25T12:07:38","guid":{"rendered":"https:\/\/hookahshop.lt\/?post_type=product&#038;p=32657"},"modified":"2026-04-06T23:29:24","modified_gmt":"2026-04-06T20:29:24","slug":"vienkartiniai-kandikliai-kaljanui-aladin-6cm-100vnt","status":"publish","type":"product","link":"https:\/\/hookahshop.lt\/et\/toode\/uhekordsed-huulikud-vesipiibu-aladiin-6cm-100tk\/","title":{"rendered":"\u00dchekordsed konksud vesipiibu jaoks ALADIN 6cm 100tk"},"content":{"rendered":"<h2>\u00dchekordsed konksud vesipiibu jaoks ALADIN 6cm 100tk<\/h2>\n<p>M\u00f5eldud t\u00e4iendavaks kinnitamiseks vesipiibu huuliku k\u00fclge h\u00fcgieeniliseks kasutamiseks.<\/p>\n<p><strong>Omadused:<\/strong><br \/>\nPikkus: 6 cm<br \/>\nV\u00e4rv: kuld, valge, must ja h\u00f5bedane.<br \/>\nKogus pakendis: 100tk<\/p>\n<p>Kas teil on k\u00fcsimusi? v\u00f5ta meiega \u00fchendust\u00a0<a href=\"https:\/\/hookahshop.lt\/et\/kontaktid\/\">kontaktide leht<\/a>\u00a0v\u00f5i saatke meile e-kiri aadressil\u00a0<a href=\"https:\/\/facebook.com\/HookahShop.lt\/\" target=\"_blank\" rel=\"noopener noreferrer\">Facebooki konto<\/a>\u00a0ja vastame teie taotlusele samal p\u00e4eval.<\/p>","protected":false},"excerpt":{"rendered":"<p>\u00dchekordsed vesipiibu suuotsad ALADIN 6cm 100tk M\u00f5eldud h\u00fcgieeniliseks kasutamiseks vesipiibu suuotsiku k\u00fclge t\u00e4iendavalt kinnitamiseks. Omadused: Pikkus: 6cm V\u00e4rvus: kuldne, valge, must ja h\u00f5bedane. Kogus pakis: 100tk Kas teil on k\u00fcsimusi? V\u00f5tke meiega \u00fchendust kontaktide lehel v\u00f5i kirjutage meile Facebookis ja me vastame teie p\u00e4ringule samal p\u00e4eval.<\/p>","protected":false},"featured_media":32658,"comment_status":"open","ping_status":"closed","template":"","meta":[],"_links":{"self":[{"href":"https:\/\/hookahshop.lt\/et\/wp-json\/wp\/v2\/product\/32657"}],"collection":[{"href":"https:\/\/hookahshop.lt\/et\/wp-json\/wp\/v2\/product"}],"about":[{"href":"https:\/\/hookahshop.lt\/et\/wp-json\/wp\/v2\/types\/product"}],"replies":[{"embeddable":true,"href":"https:\/\/hookahshop.lt\/et\/wp-json\/wp\/v2\/comments?post=32657"}],"version-history":[{"count":3,"href":"https:\/\/hookahshop.lt\/et\/wp-json\/wp\/v2\/product\/32657\/revisions"}],"predecessor-version":[{"id":33077,"href":"https:\/\/hookahshop.lt\/et\/wp-json\/wp\/v2\/product\/32657\/revisions\/33077"}],"wp:featuredmedia":[{"embeddable":true,"href":"https:\/\/hookahshop.lt\/et\/wp-json\/wp\/v2\/media\/32658"}],"wp:attachment":[{"href":"https:\/\/hookahshop.lt\/et\/wp-json\/wp\/v2\/media?parent=32657"}],"curies":[{"name":"wp","href":"https:\/\/api.w.org\/{rel}","templated":true}]}}