{"id":32668,"date":"2022-06-25T16:10:59","date_gmt":"2022-06-25T13:10:59","guid":{"rendered":"https:\/\/hookahshop.lt\/?post_type=product&#038;p=32668"},"modified":"2026-04-06T23:29:24","modified_gmt":"2026-04-06T20:29:24","slug":"kandiklis-kaljanui-stiklinis-aladin-liner-groove","status":"publish","type":"product","link":"https:\/\/hookahshop.lt\/et\/toode\/huulik-vesipiip-klaas-aladiin-vooder-soon\/","title":{"rendered":"Vesipiibu klaas ALADIN Liner Groove"},"content":{"rendered":"<h2>Vesipiibu klaas ALADIN Liner Groove<\/h2>\n<p>See on \u00fches t\u00fckis klaasist integreeritud huulik, mis sobib peaaegu k\u00f5ikidele silikoonvoolikutele. Sobib erinevat t\u00fc\u00fcpi \u00fchekordseks kasutamiseks m\u00f5eldud huulikutele.<\/p>\n<p><strong>Spetsifikatsioon:<\/strong><br \/>\nV\u00e4rv: selge<br \/>\nMaterjal: klaas<br \/>\nM\u00f5\u00f5dud: 40 cm<\/p>\n<p>Kas teil on k\u00fcsimusi? v\u00f5ta meiega \u00fchendust\u00a0<a href=\"https:\/\/hookahshop.lt\/et\/kontaktid\/\">kontaktide leht<\/a>\u00a0v\u00f5i saatke meile e-kiri aadressil\u00a0<a href=\"https:\/\/facebook.com\/HookahShop.lt\/\" target=\"_blank\" rel=\"noopener noreferrer\">Facebooki konto<\/a>\u00a0ja vastame teie taotlusele samal p\u00e4eval.<\/p>","protected":false},"excerpt":{"rendered":"<p>Vesipiibuklaasi huulik ALADIN Liner Groove See on \u00fches t\u00fckis klaasist lahutamatu huulik, mis sobib peaaegu k\u00f5ikidele silikoonvoolikutele. Sobib erinevat t\u00fc\u00fcpi \u00fchekordseks kasutamiseks m\u00f5eldud huulikutele. Spetsifikatsioon: V\u00e4rv: l\u00e4bipaistev Materjal: klaas M\u00f5\u00f5dud: 40cm Kas teil on k\u00fcsimusi? V\u00f5tke meiega \u00fchendust kontaktide lehel v\u00f5i kirjutage meile meie Facebooki kontol ja vastame teie p\u00e4ringule samal p\u00e4eval.<\/p>","protected":false},"featured_media":32669,"comment_status":"open","ping_status":"closed","template":"","meta":[],"_links":{"self":[{"href":"https:\/\/hookahshop.lt\/et\/wp-json\/wp\/v2\/product\/32668"}],"collection":[{"href":"https:\/\/hookahshop.lt\/et\/wp-json\/wp\/v2\/product"}],"about":[{"href":"https:\/\/hookahshop.lt\/et\/wp-json\/wp\/v2\/types\/product"}],"replies":[{"embeddable":true,"href":"https:\/\/hookahshop.lt\/et\/wp-json\/wp\/v2\/comments?post=32668"}],"version-history":[{"count":6,"href":"https:\/\/hookahshop.lt\/et\/wp-json\/wp\/v2\/product\/32668\/revisions"}],"predecessor-version":[{"id":45430,"href":"https:\/\/hookahshop.lt\/et\/wp-json\/wp\/v2\/product\/32668\/revisions\/45430"}],"wp:featuredmedia":[{"embeddable":true,"href":"https:\/\/hookahshop.lt\/et\/wp-json\/wp\/v2\/media\/32669"}],"wp:attachment":[{"href":"https:\/\/hookahshop.lt\/et\/wp-json\/wp\/v2\/media?parent=32668"}],"curies":[{"name":"wp","href":"https:\/\/api.w.org\/{rel}","templated":true}]}}