{"id":32698,"date":"2022-06-25T18:49:30","date_gmt":"2022-06-25T15:49:30","guid":{"rendered":"https:\/\/hookahshop.lt\/?post_type=product&#038;p=32698"},"modified":"2026-04-06T23:29:24","modified_gmt":"2026-04-06T20:29:24","slug":"kaljanas-aladin-mvp-a36-clear","status":"publish","type":"product","link":"https:\/\/hookahshop.lt\/et\/toode\/kaljanas-aladin-mvp-a36-clear\/","title":{"rendered":"Vesipiip ALADIN MVP A36 selge"},"content":{"rendered":"<h2>Vesipiip ALADIN MVP A36 selge<\/h2>\n<p>See vesipiip j\u00e4tab oma kvaliteetsete materjalidega h\u00e4mmastava mulje. Kvaliteetne t\u00f6\u00f6 ja individuaalne disain ei j\u00e4ta teid \u00fcksk\u00f5ikseks. T\u00e4nu oma kompaktsele suurusele on see ideaalne reisikaaslane neile, kes soovivad omada kvaliteetset toodet liikvel olles ja sobilikku koduseks kasutamiseks.<\/p>\n<p><strong>Omadused:<\/strong><br \/>\nK\u00f5rgus: 36 cm<br \/>\nVesipiibu materjal: roostevaba teras<br \/>\nKolb: keermestatud<br \/>\nKolvi materjal: klaas<br \/>\nHajuti: jah (reguleeritav)<br \/>\nVoolikute arv: komplektis 1 voolik ja 1 huulik.<\/p>\n<p><strong>Standardkomplekt sisaldab:<\/strong><br \/>\ntangid, pehme silikoonist voolik koos d\u00fc\u00fcsidega, tass, korsten tassile.<\/p>\n<p><img decoding=\"async\" loading=\"lazy\" class=\"alignnone size-medium wp-image-38491\" src=\"https:\/\/hookahshop.lt\/wp-content\/uploads\/2021\/02\/aladinu-komplektacija-300x273.jpg\" alt=\"- hookahshop.lt\" width=\"300\" height=\"273\" srcset=\"https:\/\/hookahshop.lt\/wp-content\/uploads\/2021\/02\/aladinu-komplektacija-300x273.jpg 300w, https:\/\/hookahshop.lt\/wp-content\/uploads\/2021\/02\/aladinu-komplektacija-13x12.jpg 13w, https:\/\/hookahshop.lt\/wp-content\/uploads\/2021\/02\/aladinu-komplektacija-64x58.jpg 64w, https:\/\/hookahshop.lt\/wp-content\/uploads\/2021\/02\/aladinu-komplektacija.jpg 420w\" sizes=\"(max-width: 300px) 100vw, 300px\" title=\"\"><\/p>\n<p>Kas teil on k\u00fcsimusi? v\u00f5ta meiega \u00fchendust\u00a0<a href=\"https:\/\/hookahshop.lt\/et\/kontaktid\/\">kontaktide leht<\/a>\u00a0v\u00f5i saatke meile e-kiri aadressil\u00a0<a href=\"https:\/\/facebook.com\/HookahShop.lt\/\" target=\"_blank\" rel=\"noopener noreferrer\">Facebooki konto<\/a>\u00a0ja vastame teie taotlusele samal p\u00e4eval.<\/p>\n<p>&nbsp;<\/p>\n<p>&nbsp;<\/p>","protected":false},"excerpt":{"rendered":"<p>Vesipiip ALADIN MVP A36 Clear See vesipiip j\u00e4tab oma kvaliteetsete materjalidega imelised muljed. Kvaliteetne t\u00f6\u00f6 ja individuaalne disain ei j\u00e4ta teid \u00fcksk\u00f5ikseks. T\u00e4nu oma kompaktsele suurusele on see ideaalne reisikaaslane neile, kes soovivad omada kvaliteetset toodet liikvel olles ja sobivat kodus kasutamiseks. Omadused: K\u00f5rgus: 36 cm Vesipiibu materjal: roostevaba teras Kolb: keermestatud Kolvi materjal: klaas Hajuti: saadaval (reguleeritav) [\u2026]<\/p>","protected":false},"featured_media":32699,"comment_status":"open","ping_status":"closed","template":"","meta":[],"_links":{"self":[{"href":"https:\/\/hookahshop.lt\/et\/wp-json\/wp\/v2\/product\/32698"}],"collection":[{"href":"https:\/\/hookahshop.lt\/et\/wp-json\/wp\/v2\/product"}],"about":[{"href":"https:\/\/hookahshop.lt\/et\/wp-json\/wp\/v2\/types\/product"}],"replies":[{"embeddable":true,"href":"https:\/\/hookahshop.lt\/et\/wp-json\/wp\/v2\/comments?post=32698"}],"version-history":[{"count":6,"href":"https:\/\/hookahshop.lt\/et\/wp-json\/wp\/v2\/product\/32698\/revisions"}],"predecessor-version":[{"id":45158,"href":"https:\/\/hookahshop.lt\/et\/wp-json\/wp\/v2\/product\/32698\/revisions\/45158"}],"wp:featuredmedia":[{"embeddable":true,"href":"https:\/\/hookahshop.lt\/et\/wp-json\/wp\/v2\/media\/32699"}],"wp:attachment":[{"href":"https:\/\/hookahshop.lt\/et\/wp-json\/wp\/v2\/media?parent=32698"}],"curies":[{"name":"wp","href":"https:\/\/api.w.org\/{rel}","templated":true}]}}