{"id":32827,"date":"2022-07-11T18:08:13","date_gmt":"2022-07-11T15:08:13","guid":{"rendered":"https:\/\/hookahshop.lt\/?post_type=product&#038;p=32827"},"modified":"2026-04-17T16:33:34","modified_gmt":"2026-04-17T13:33:34","slug":"znyples-kaljano-anglims-alpha-military-vietnam","status":"publish","type":"product","link":"https:\/\/hookahshop.lt\/et\/toode\/znyples-vesipiip-susi-alfa-sojavae-vietnam\/","title":{"rendered":"Tangid vesipiibu s\u00fcsiniku jaoks ALPHA Military Vietnam"},"content":{"rendered":"<h2>Tangid vesipiibu s\u00fcsiniku jaoks ALPHA Military Vietnam<\/h2>\n<p>Stiilsed ja eksklusiivsed tangid l\u00f5i 2021. aastal tuntud vesipiibuturu tootja Alpha Hookah. Tangid on valmistatud ka kvaliteetsest roostevabast terasest ja kaetud pulberv\u00e4rviga. Tangid eristuvad autorigraveeringu j\u00e4rgi. Tangide \u00fclaossa tehtud sissel\u00f5iked on tangide riputamiseks konksplaadile.<\/p>\n<p><strong>Omadused:<\/strong><br \/>\nV\u00e4rvus must<br \/>\nMaterjal: roostevaba teras<br \/>\nPikkus: 22,5 cm<\/p>\n<p>Kas teil on k\u00fcsimusi? v\u00f5ta meiega \u00fchendust\u00a0<a href=\"https:\/\/hookahshop.lt\/et\/kontaktid\/\">kontaktide leht<\/a>\u00a0v\u00f5i saatke meile e-kiri aadressil\u00a0<a href=\"https:\/\/facebook.com\/HookahShop.lt\/\" target=\"_blank\" rel=\"noopener noreferrer\">Facebooki konto<\/a>\u00a0ja vastame teie taotlusele samal p\u00e4eval.<\/p>","protected":false},"excerpt":{"rendered":"<p>Tangid vesipiibu s\u00f6e jaoks ALPHA Military Vietnam Stiilsed ja eksklusiivsed tangid l\u00f5i 2021. aastal tuntud vesipiibutootja Alpha Hookah. Tangid on valmistatud ka kvaliteetsest roostevabast terasest ja pulberv\u00e4rvitud. Tangid eristuvad nende originaalse graveeringu poolest. Tangi \u00fclaosas olevad pilud on m\u00f5eldud tangide riputamiseks vesipiibuplaadile. Omadused: V\u00e4rv: Must Materjal: Roostevaba teras Pikkus: 22,5 cm Kas teil on k\u00fcsimusi? [\u2026]<\/p>","protected":false},"featured_media":32828,"comment_status":"open","ping_status":"closed","template":"","meta":[],"_links":{"self":[{"href":"https:\/\/hookahshop.lt\/et\/wp-json\/wp\/v2\/product\/32827"}],"collection":[{"href":"https:\/\/hookahshop.lt\/et\/wp-json\/wp\/v2\/product"}],"about":[{"href":"https:\/\/hookahshop.lt\/et\/wp-json\/wp\/v2\/types\/product"}],"replies":[{"embeddable":true,"href":"https:\/\/hookahshop.lt\/et\/wp-json\/wp\/v2\/comments?post=32827"}],"version-history":[{"count":3,"href":"https:\/\/hookahshop.lt\/et\/wp-json\/wp\/v2\/product\/32827\/revisions"}],"predecessor-version":[{"id":32831,"href":"https:\/\/hookahshop.lt\/et\/wp-json\/wp\/v2\/product\/32827\/revisions\/32831"}],"wp:featuredmedia":[{"embeddable":true,"href":"https:\/\/hookahshop.lt\/et\/wp-json\/wp\/v2\/media\/32828"}],"wp:attachment":[{"href":"https:\/\/hookahshop.lt\/et\/wp-json\/wp\/v2\/media?parent=32827"}],"curies":[{"name":"wp","href":"https:\/\/api.w.org\/{rel}","templated":true}]}}