{"id":32832,"date":"2022-07-11T18:55:10","date_gmt":"2022-07-11T15:55:10","guid":{"rendered":"https:\/\/hookahshop.lt\/?post_type=product&#038;p=32832"},"modified":"2026-04-15T12:29:29","modified_gmt":"2026-04-15T09:29:29","slug":"taurele-kaljanui-hookah-shop-turkish","status":"publish","type":"product","link":"https:\/\/hookahshop.lt\/et\/toode\/tass-vesipiip-vesipiip-pood-turgi\/","title":{"rendered":"Vesipiibu tass HOOKAH SHOP T\u00fcrgi"},"content":{"rendered":"<h2>Vesipiibu tass HOOKAH SHOP T\u00fcrgi<\/h2>\n<p>Tass on valmistatud kvaliteetsest k\u00e4sitsi valmistatud savist. Peale selle toote valimist kirjuta ostukommentaari, millist versiooni soovid v1 v\u00f5i v2.<\/p>\n<p>Tassi maht 15-25g.<\/p>\n<p><b>Omadused:<\/b><br \/>\nK\u00f5rgus: umbes 8 cm<br \/>\nS\u00fcgavus: umbes 18 mm<br \/>\nAukude arv: 5 tk<br \/>\nKaal: umbes 170 g<\/p>\n<p>Kas teil on k\u00fcsimusi? v\u00f5ta meiega \u00fchendust\u00a0<a href=\"https:\/\/hookahshop.lt\/et\/kontaktid\/\">kontaktide leht<\/a>\u00a0v\u00f5i saatke meile e-kiri aadressil\u00a0<a href=\"https:\/\/facebook.com\/HookahShop.lt\/\" target=\"_blank\" rel=\"noopener\">Facebooki konto<\/a>\u00a0ja vastame teie taotlusele samal p\u00e4eval.<\/p>","protected":false},"excerpt":{"rendered":"<p>Vesipiibu tass HOOKAH SHOP Turkish Tass on valmistatud kvaliteetsest k\u00e4sitsi valmistatud savist. Peale selle toote valimist kirjuta ostukommentaari, millist versiooni soovid v1 v\u00f5i v2. Tassi maht 15-25g. Omadused: K\u00f5rgus: umbes 8cm S\u00fcgavus: umbes 18mm Aukude arv: 5tk Kaal: umbes 170g Kas teil on k\u00fcsimusi? V\u00f5tke meiega \u00fchendust kontaktide lehel v\u00f5i kirjutage meile meie Facebooki kontol ja me vastame teie p\u00e4ringule [\u2026]<\/p>","protected":false},"featured_media":33139,"comment_status":"open","ping_status":"closed","template":"","meta":[],"_links":{"self":[{"href":"https:\/\/hookahshop.lt\/et\/wp-json\/wp\/v2\/product\/32832"}],"collection":[{"href":"https:\/\/hookahshop.lt\/et\/wp-json\/wp\/v2\/product"}],"about":[{"href":"https:\/\/hookahshop.lt\/et\/wp-json\/wp\/v2\/types\/product"}],"replies":[{"embeddable":true,"href":"https:\/\/hookahshop.lt\/et\/wp-json\/wp\/v2\/comments?post=32832"}],"version-history":[{"count":5,"href":"https:\/\/hookahshop.lt\/et\/wp-json\/wp\/v2\/product\/32832\/revisions"}],"predecessor-version":[{"id":45207,"href":"https:\/\/hookahshop.lt\/et\/wp-json\/wp\/v2\/product\/32832\/revisions\/45207"}],"wp:featuredmedia":[{"embeddable":true,"href":"https:\/\/hookahshop.lt\/et\/wp-json\/wp\/v2\/media\/33139"}],"wp:attachment":[{"href":"https:\/\/hookahshop.lt\/et\/wp-json\/wp\/v2\/media?parent=32832"}],"curies":[{"name":"wp","href":"https:\/\/api.w.org\/{rel}","templated":true}]}}