{"id":32870,"date":"2022-07-18T09:35:39","date_gmt":"2022-07-18T06:35:39","guid":{"rendered":"https:\/\/hookahshop.lt\/?post_type=product&#038;p=32870"},"modified":"2026-04-06T23:29:24","modified_gmt":"2026-04-06T20:29:24","slug":"taurele-kaljanui-solaris-astro","status":"publish","type":"product","link":"https:\/\/hookahshop.lt\/et\/toode\/cup-for-vesipiibu-solaris-astro\/","title":{"rendered":"Vesipiibu tass SOLARIS Astro"},"content":{"rendered":"<h2>Vesipiibu tass SOLARIS Astro<\/h2>\n<p>K\u00e4sitsi valmistatud tasside valmistamisel kasutatakse ainult looduslikke ja keskkonnas\u00f5bralikke materjale. See erineb teistest topsidest selle poolest, et on niiskuskindlam. Piimatehnoloogia kasutamine punase savi puhul annab huvitava v\u00e4lisilme, originaalse disaini.<\/p>\n<p><strong>Spetsifikatsioon:<\/strong><br \/>\nAukude arv: 7tk.<br \/>\nMaterjal: glasuuriga savi<br \/>\nK\u00f5rgus: 8 cm<br \/>\nL\u00e4bim\u00f5\u00f5t \u00fclaosas: 6 cm<br \/>\nKaal: 250g<\/p>\n<p>Kas teil on k\u00fcsimusi? v\u00f5ta meiega \u00fchendust\u00a0<a href=\"https:\/\/hookahshop.lt\/et\/kontaktid\/\">kontaktide leht<\/a>\u00a0v\u00f5i saatke meile e-kiri aadressil\u00a0<a href=\"https:\/\/facebook.com\/HookahShop.lt\/\" target=\"_blank\" rel=\"noopener noreferrer\">Facebooki konto<\/a>\u00a0ja vastame teie taotlusele samal p\u00e4eval.<\/p>","protected":false},"excerpt":{"rendered":"<p>Vesipiibu tass SOLARIS Astro K\u00e4sitsi valmistatud, tasside valmistamisel on kasutatud ainult looduslikke ja keskkonnas\u00f5bralikke materjale. See erineb teistest topsidest selle poolest, et on niiskuskindlam. Piimatehnoloogia kasutamine punase savi jaoks annab huvitava v\u00e4lise efekti, originaalse disaini. Spetsifikatsioon: Aukude arv: 7 tk. Materjal: glasuuriga savi K\u00f5rgus: 8cm L\u00e4bim\u00f5\u00f5t \u00fclaosas: 6cm Kaal: 250g Kas teil on k\u00fcsimusi? V\u00f5tke meiega \u00fchendust meie kontakti kaudu [\u2026]<\/p>","protected":false},"featured_media":32871,"comment_status":"open","ping_status":"closed","template":"","meta":[],"_links":{"self":[{"href":"https:\/\/hookahshop.lt\/et\/wp-json\/wp\/v2\/product\/32870"}],"collection":[{"href":"https:\/\/hookahshop.lt\/et\/wp-json\/wp\/v2\/product"}],"about":[{"href":"https:\/\/hookahshop.lt\/et\/wp-json\/wp\/v2\/types\/product"}],"replies":[{"embeddable":true,"href":"https:\/\/hookahshop.lt\/et\/wp-json\/wp\/v2\/comments?post=32870"}],"version-history":[{"count":3,"href":"https:\/\/hookahshop.lt\/et\/wp-json\/wp\/v2\/product\/32870\/revisions"}],"predecessor-version":[{"id":32874,"href":"https:\/\/hookahshop.lt\/et\/wp-json\/wp\/v2\/product\/32870\/revisions\/32874"}],"wp:featuredmedia":[{"embeddable":true,"href":"https:\/\/hookahshop.lt\/et\/wp-json\/wp\/v2\/media\/32871"}],"wp:attachment":[{"href":"https:\/\/hookahshop.lt\/et\/wp-json\/wp\/v2\/media?parent=32870"}],"curies":[{"name":"wp","href":"https:\/\/api.w.org\/{rel}","templated":true}]}}