{"id":32878,"date":"2022-07-18T13:00:04","date_gmt":"2022-07-18T10:00:04","guid":{"rendered":"https:\/\/hookahshop.lt\/?post_type=product&#038;p=32878"},"modified":"2026-04-14T23:29:29","modified_gmt":"2026-04-14T20:29:29","slug":"sepetys-kaljano-kolbai-black-40cm","status":"publish","type":"product","link":"https:\/\/hookahshop.lt\/et\/toode\/vesipiip-vesipiibu-kolvid-must-40cm\/","title":{"rendered":"Pintsel vesipiibu kolvi jaoks Must 40cm"},"content":{"rendered":"<h2>Pintsel vesipiibu kolvi jaoks Must 40cm<\/h2>\n<p>Pintsel on m\u00f5eldud vesipiibu kolvi puhastamiseks, soovitav kasutada koos puhastusvahenditega. J\u00f5uab kohale ja aitab eemaldada kogu mustuse.<br \/>\nSuitsetamise mugavamaks muutmiseks ja vesipiibu vastupidavamaks muutmiseks tuleb seda korralikult pesta.<\/p>\n<p><strong>Omadused:<\/strong><br \/>\nHarja pikkus: 40 cm<br \/>\nHarjaste pikkus: 18 cm<br \/>\nHarjaste laius: 11 cm<\/p>\n<p>Kas teil on k\u00fcsimusi? v\u00f5ta meiega \u00fchendust\u00a0<a href=\"https:\/\/hookahshop.lt\/et\/kontaktid\/\">kontaktide leht<\/a>\u00a0v\u00f5i saatke meile e-kiri aadressil\u00a0<a href=\"https:\/\/facebook.com\/HookahShop.lt\/\" target=\"_blank\" rel=\"noopener noreferrer\">Facebooki konto<\/a>\u00a0ja vastame teie taotlusele samal p\u00e4eval.<\/p>\n<p>&nbsp;<\/p>\n<p>&nbsp;<\/p>","protected":false},"excerpt":{"rendered":"<p>Pintsel vesipiibu kolvile Must 40cm Pintsel on m\u00f5eldud vesipiibu kolvi puhastamiseks, soovitav kasutada koos puhastusvahenditega. J\u00f5uab k\u00e4tte ja aitab puhastada k\u00f5ik mustused. Et oleks mugavam suitsetada ja et vesipiip kauem vastu peaks, tuleb see korralikult l\u00e4bi pesta. Omadused: Harja pikkus: 40 cm Harjaste pikkus: 18 cm Harjaste laius: 11 cm Kas teil on k\u00fcsimusi? V\u00f5tke meiega \u00fchendust kontaktide lehel v\u00f5i kirjutage meile meie Facebooki kontol ja [\u2026]<\/p>","protected":false},"featured_media":32884,"comment_status":"open","ping_status":"closed","template":"","meta":[],"_links":{"self":[{"href":"https:\/\/hookahshop.lt\/et\/wp-json\/wp\/v2\/product\/32878"}],"collection":[{"href":"https:\/\/hookahshop.lt\/et\/wp-json\/wp\/v2\/product"}],"about":[{"href":"https:\/\/hookahshop.lt\/et\/wp-json\/wp\/v2\/types\/product"}],"replies":[{"embeddable":true,"href":"https:\/\/hookahshop.lt\/et\/wp-json\/wp\/v2\/comments?post=32878"}],"version-history":[{"count":5,"href":"https:\/\/hookahshop.lt\/et\/wp-json\/wp\/v2\/product\/32878\/revisions"}],"predecessor-version":[{"id":43041,"href":"https:\/\/hookahshop.lt\/et\/wp-json\/wp\/v2\/product\/32878\/revisions\/43041"}],"wp:featuredmedia":[{"embeddable":true,"href":"https:\/\/hookahshop.lt\/et\/wp-json\/wp\/v2\/media\/32884"}],"wp:attachment":[{"href":"https:\/\/hookahshop.lt\/et\/wp-json\/wp\/v2\/media?parent=32878"}],"curies":[{"name":"wp","href":"https:\/\/api.w.org\/{rel}","templated":true}]}}