{"id":32887,"date":"2022-07-18T13:32:03","date_gmt":"2022-07-18T10:32:03","guid":{"rendered":"https:\/\/hookahshop.lt\/?post_type=product&#038;p=32887"},"modified":"2026-04-14T23:29:29","modified_gmt":"2026-04-14T20:29:29","slug":"znyples-kaljano-anglims-su-yla","status":"publish","type":"product","link":"https:\/\/hookahshop.lt\/et\/toode\/tangid-piibu-soed-konksuga\/","title":{"rendered":"Tangid vesipiibu s\u00f6e jaoks konksuga"},"content":{"rendered":"<h2>Tangid vesipiibu s\u00f6e jaoks konksuga<\/h2>\n<p>M\u00f5eldud kuumade s\u00f6e paigutamiseks soojuskambrisse ja nende mugavaks transportimiseks soojuskambrist soovitud asukohta.<\/p>\n<p><strong>Spetsifikatsioonid:<\/strong><br \/>\nPikkus: 15 cm<br \/>\nLaius: 2 cm<br \/>\nVarda pikkus: 11 cm<br \/>\nMaterjal: Alumiinium<\/p>\n<p>Kas teil on k\u00fcsimusi? v\u00f5ta meiega \u00fchendust\u00a0<a href=\"https:\/\/hookahshop.lt\/et\/kontaktid\/\">kontaktide leht<\/a>\u00a0v\u00f5i saatke meile e-kiri aadressil\u00a0<a href=\"https:\/\/facebook.com\/HookahShop.lt\/\" target=\"_blank\" rel=\"noopener noreferrer\">Facebooki konto<\/a>\u00a0ja vastame teie taotlusele samal p\u00e4eval.<\/p>","protected":false},"excerpt":{"rendered":"<p>Konksuga vesipiibu s\u00f6e tangid M\u00f5eldud kuumade s\u00f6e paigutamiseks kuumakambrisse ja mugavaks transportimiseks soojuskambrist soovitud kohta. Tehnilised andmed: Pikkus: 15 cm Laius: 2 cm K\u00e4epideme pikkus: 11 cm Materjal: Alumiinium Kas teil on k\u00fcsimusi? V\u00f5tke meiega \u00fchendust kontaktide lehel v\u00f5i kirjutage meile meie Facebooki kontol ja vastame teie p\u00e4ringule samal p\u00e4eval.<\/p>","protected":false},"featured_media":32889,"comment_status":"open","ping_status":"closed","template":"","meta":[],"_links":{"self":[{"href":"https:\/\/hookahshop.lt\/et\/wp-json\/wp\/v2\/product\/32887"}],"collection":[{"href":"https:\/\/hookahshop.lt\/et\/wp-json\/wp\/v2\/product"}],"about":[{"href":"https:\/\/hookahshop.lt\/et\/wp-json\/wp\/v2\/types\/product"}],"replies":[{"embeddable":true,"href":"https:\/\/hookahshop.lt\/et\/wp-json\/wp\/v2\/comments?post=32887"}],"version-history":[{"count":4,"href":"https:\/\/hookahshop.lt\/et\/wp-json\/wp\/v2\/product\/32887\/revisions"}],"predecessor-version":[{"id":36362,"href":"https:\/\/hookahshop.lt\/et\/wp-json\/wp\/v2\/product\/32887\/revisions\/36362"}],"wp:featuredmedia":[{"embeddable":true,"href":"https:\/\/hookahshop.lt\/et\/wp-json\/wp\/v2\/media\/32889"}],"wp:attachment":[{"href":"https:\/\/hookahshop.lt\/et\/wp-json\/wp\/v2\/media?parent=32887"}],"curies":[{"name":"wp","href":"https:\/\/api.w.org\/{rel}","templated":true}]}}